{"id":2099,"date":"2024-05-29T16:20:48","date_gmt":"2024-05-29T14:20:48","guid":{"rendered":"https:\/\/www.defender-byrna.si\/?post_type=product&#038;p=2099"},"modified":"2024-05-29T16:39:55","modified_gmt":"2024-05-29T14:39:55","slug":"tactical-naylon-holster","status":"publish","type":"product","link":"https:\/\/www.defender-byrna.si\/sk\/produkt\/tactical-naylon-holster\/","title":{"rendered":"TAKTICK\u00c9 PUZDRO NAYLON"},"content":{"rendered":"","protected":false},"excerpt":{"rendered":"<p><strong>*Kompatibiln\u00fd s odpa\u013eova\u010dmi Byrna SD, HD bez ak\u00e9hoko\u013evek pr\u00edslu\u0161enstva alebo len s 1 nain\u0161talovan\u00fdm pr\u00edslu\u0161enstvom (svetlo, laser alebo adapt\u00e9r Boost)<\/strong><\/p>\n<p><strong>Kompatibiln\u00fd s Byrna SD XL bez pr\u00edslu\u0161enstva namontovan\u00e9ho na li\u0161te.<\/strong><\/p>\n<p><strong>*NEPASUJE na odpa\u013eovacie zariadenia BYRNA SD XL, SD a HD s nain\u0161talovan\u00fdm adapt\u00e9rom Boost a pr\u00edslu\u0161enstvom na li\u0161tu.<\/strong><\/p>\n<p>Na\u0161e nylonov\u00e9 opaskov\u00e9 puzdro Byrna m\u00e1 \u013eahk\u00fd, minimalistick\u00fd dizajn, ktor\u00fd umo\u017e\u0148uje pohodln\u00e9 celodenn\u00e9 obojstrann\u00e9 nosenie v opasku (IWB) alebo mimo opasku (OWB). \u0160t\u00edhly a jednoduch\u00fd profil v kombin\u00e1cii so spodnou \u010das\u0165ou s otvorenou hlav\u0148ou poskytuje dostatok priestoru pre \u013eahk\u00e9 tasenie a bezpe\u010dn\u00e9 dr\u017eanie. Mo\u017eno ju pou\u017ei\u0165 aj na skryt\u00e9 nosenie vo vn\u00fatri odevu.<\/p>\n<p>Odpa\u013eovacie zariadenie nie je s\u00fa\u010das\u0165ou balenia.<\/p>","protected":false},"featured_media":2100,"template":"","meta":[],"product_cat":[86],"product_tag":[],"class_list":{"0":"post-2099","1":"product","2":"type-product","3":"status-publish","4":"has-post-thumbnail","6":"product_cat-accessories","8":"first","9":"instock","10":"shipping-taxable","11":"purchasable","12":"product-type-simple"},"_links":{"self":[{"href":"https:\/\/www.defender-byrna.si\/sk\/wp-json\/wp\/v2\/product\/2099","targetHints":{"allow":["GET"]}}],"collection":[{"href":"https:\/\/www.defender-byrna.si\/sk\/wp-json\/wp\/v2\/product"}],"about":[{"href":"https:\/\/www.defender-byrna.si\/sk\/wp-json\/wp\/v2\/types\/product"}],"wp:featuredmedia":[{"embeddable":true,"href":"https:\/\/www.defender-byrna.si\/sk\/wp-json\/wp\/v2\/media\/2100"}],"wp:attachment":[{"href":"https:\/\/www.defender-byrna.si\/sk\/wp-json\/wp\/v2\/media?parent=2099"}],"wp:term":[{"taxonomy":"product_cat","embeddable":true,"href":"https:\/\/www.defender-byrna.si\/sk\/wp-json\/wp\/v2\/product_cat?post=2099"},{"taxonomy":"product_tag","embeddable":true,"href":"https:\/\/www.defender-byrna.si\/sk\/wp-json\/wp\/v2\/product_tag?post=2099"}],"curies":[{"name":"wp","href":"https:\/\/api.w.org\/{rel}","templated":true}]}}