{"id":2096,"date":"2024-05-29T15:24:12","date_gmt":"2024-05-29T13:24:12","guid":{"rendered":"https:\/\/www.defender-byrna.si\/?post_type=product&#038;p=2096"},"modified":"2024-06-05T11:58:44","modified_gmt":"2024-06-05T09:58:44","slug":"byrna-hd-pepper-kit","status":"publish","type":"product","link":"https:\/\/www.defender-byrna.si\/sk\/produkt\/byrna-hd-pepper-kit\/","title":{"rendered":"S\u00daPRAVA NA PE\u010cENIE HD BYRNA"},"content":{"rendered":"","protected":false},"excerpt":{"rendered":"<p class=\"para-17\">Byrna HD je skon\u0161truovan\u00e1 na optim\u00e1lny v\u00fdkon. Byrna HD je poh\u00e1\u0148an\u00e1 stla\u010den\u00fdm vzduchom (CO2) a strie\u013ea kinetick\u00e9 a\/alebo paprikov\u00e9 projektily kalibru .68. Je to neuverite\u013ene v\u00fdkonn\u00e1 a nesmrtiaca sebaobrann\u00e1 zbra\u0148, ktor\u00fa pou\u017e\u00edvaj\u00fa tis\u00edce spokojn\u00fdch pou\u017e\u00edvate\u013eov od civiln\u00e9ho obyvate\u013estva a\u017e po bezpe\u010dnostn\u00e9 spolo\u010dnosti a org\u00e1ny \u010dinn\u00e9 v trestnom konan\u00ed.<\/p>\n<div class=\"rich-text w-richtext\">\n<p>Byrna HD, poh\u00e1\u0148an\u00e1 8g CO2 n\u00e1bojom, strie\u013ea chemick\u00e9 peperov\u00e9\/kapacitn\u00e9 projektily kalibru .68 vyvinut\u00e9 na spomalenie alebo neutraliz\u00e1ciu hrozby do vzdialenosti 20 metrov, ale m\u00f4\u017ee strie\u013ea\u0165 aj kinetick\u00e9 (tvrd\u00fd polym\u00e9r) alebo eko\/pro-kinetick\u00e9 projektily na v\u00fdcvik alebo obranu.<\/p>\n<p>Vlastnosti s\u00fapravy Byrna HD Pepper Kit:<\/p>\n<ul role=\"list\">\n<li>R\u00fdchlos\u0165 projektilu a\u017e 95 m\/s<\/li>\n<li>Unik\u00e1tny sp\u00fa\u0161\u0165ac\u00ed mechanizmus - pri prvom v\u00fdstrele s\u00fa\u010dasne prepichne n\u00e1bojnicu a vystrel\u00ed projektily - patentovan\u00fd dizajn\u00a0<em>Technol\u00f3gie spolo\u010dnosti Byrna<\/em><\/li>\n<li>V\u00fdkon 13 joulov<\/li>\n<li>Presnos\u0165 do 20 metrov<\/li>\n<li>20 v\u00fdstrelov na jednu 8g n\u00e1pl\u0148<\/li>\n<li>Ergonomick\u00e1 rukov\u00e4\u0165 pre lep\u0161ie ovl\u00e1danie za v\u0161etk\u00fdch podmienok<\/li>\n<li>Mieridl\u00e1 na r\u00fdchlej\u0161ie zameranie cie\u013ea<\/li>\n<li>Plynul\u00e9 stla\u010denie sp\u00fa\u0161te<\/li>\n<li>Ambidextrousn\u00fd prep\u00edna\u010d trezoru\/strely, ktor\u00fd umo\u017e\u0148uje jednoduch\u00e9 prep\u00ednanie pre \u013eav\u00e1kov aj prav\u00e1kov<\/li>\n<li>2 roky z\u00e1ruka (mo\u017en\u00e9 aj\u00a0<em>Do\u017eivotn\u00e1 z\u00e1ruka<\/em>)<\/li>\n<\/ul>\n<p>Na\u0161a s\u00faprava Byrna HD Kinetic Kit sa dod\u00e1va v ochrannom kufr\u00edku na zips so v\u0161etk\u00fdm, \u010do potrebujete na za\u010datie pr\u00e1ce:<\/p>\n<ul role=\"list\">\n<li>Jeden (1) sp\u00fa\u0161\u0165a\u010d Byrna HD<\/li>\n<li>Dva (2) 5-ranov\u00e9 z\u00e1sobn\u00edky<\/li>\n<li>Dve (2) 8-gramov\u00e9 f\u013ea\u0161e na CO2 zna\u010dky Byrna<\/li>\n<li>Jedna (1) 5-ranov\u00e1 tuba s kinetick\u00fdmi projektilmi Byrna<\/li>\n<li>Jedna (1) 5-ranov\u00e1 tuba s projektilmi Byrna Pro-Kinetic<\/li>\n<li>Jedna (1) 5-ranov\u00e1 tuba so strelami Byrna Pepper<\/li>\n<li><\/li>\n<\/ul>\n<\/div>","protected":false},"featured_media":2062,"template":"","meta":[],"product_cat":[84],"product_tag":[],"class_list":{"0":"post-2096","1":"product","2":"type-product","3":"status-publish","4":"has-post-thumbnail","6":"product_cat-byrna-launcher","8":"first","9":"instock","10":"featured","11":"shipping-taxable","12":"product-type-variable"},"_links":{"self":[{"href":"https:\/\/www.defender-byrna.si\/sk\/wp-json\/wp\/v2\/product\/2096","targetHints":{"allow":["GET"]}}],"collection":[{"href":"https:\/\/www.defender-byrna.si\/sk\/wp-json\/wp\/v2\/product"}],"about":[{"href":"https:\/\/www.defender-byrna.si\/sk\/wp-json\/wp\/v2\/types\/product"}],"wp:featuredmedia":[{"embeddable":true,"href":"https:\/\/www.defender-byrna.si\/sk\/wp-json\/wp\/v2\/media\/2062"}],"wp:attachment":[{"href":"https:\/\/www.defender-byrna.si\/sk\/wp-json\/wp\/v2\/media?parent=2096"}],"wp:term":[{"taxonomy":"product_cat","embeddable":true,"href":"https:\/\/www.defender-byrna.si\/sk\/wp-json\/wp\/v2\/product_cat?post=2096"},{"taxonomy":"product_tag","embeddable":true,"href":"https:\/\/www.defender-byrna.si\/sk\/wp-json\/wp\/v2\/product_tag?post=2096"}],"curies":[{"name":"wp","href":"https:\/\/api.w.org\/{rel}","templated":true}]}}