{"id":2070,"date":"2024-05-14T11:31:35","date_gmt":"2024-05-14T09:31:35","guid":{"rendered":"https:\/\/www.defender-byrna.si\/?post_type=product&#038;p=2070"},"modified":"2024-05-14T15:23:15","modified_gmt":"2024-05-14T13:23:15","slug":"byrna-12-gauge-kinetic-ammo","status":"publish","type":"product","link":"https:\/\/www.defender-byrna.si\/sk\/produkt\/byrna-12-gauge-kinetic-ammo\/","title":{"rendered":"BYRNA 12 GAUGE Kinetick\u00e1 mun\u00edcia"},"content":{"rendered":"<p><strong>Menej smrtiaci n\u00e1boj 12 mm Vlastnosti:<\/strong><\/p>\n<div class=\"flexBox\">\n<div class=\"flexDescrip\">\n<ul>\n<li style=\"list-style-type: none\">\n<ul>\n<li>Vlastn\u00e1 mu\u0161\u013ea a vata na zabezpe\u010denie spr\u00e1vneho zarovnania hlavne pri v\u00fdstupe z hlavne.<\/li>\n<\/ul>\n<\/li>\n<\/ul>\n<ul>\n<li style=\"list-style-type: none\">\n<ul>\n<li>Deliace l\u00ednie, premenliv\u00e1 hr\u00fabka steny a sonick\u00e9 zv\u00e1ranie zabezpe\u010duj\u00fa, \u017ee strela je pevn\u00e1, ale z\u00e1rove\u0148 aj frangibiln\u00e1 (pou\u017eite\u013en\u00e1 na u\u017eito\u010dn\u00e9 za\u0165a\u017eenie).<\/li>\n<\/ul>\n<\/li>\n<\/ul>\n<ul>\n<li style=\"list-style-type: none\">\n<ul>\n<li>Patentovan\u00e1 technol\u00f3gia Fin-Tailed umo\u017e\u0148uje presnos\u0165 a\u017e do 100 st\u00f4p.<\/li>\n<\/ul>\n<\/li>\n<\/ul>\n<p>V\u00fdstrel bez pou\u017eitia streln\u00e9ho prachu je 16-kr\u00e1t tich\u0161\u00ed ako pri \u0161tandardnej brokovnici.<\/p>\n<p>&nbsp;<\/p>\n<p><b>N\u00e1boje Kinetic 12 Gauge neobsahuj\u00fa \u017eiadnu chemick\u00fa n\u00e1pl\u0148.<\/b><\/p>\n<p><b>Upozor\u0148ujeme, \u017ee v\u0161etky predaje 12 Gauge s\u00fa kone\u010dn\u00e9, a preto ich nie je mo\u017en\u00e9 vr\u00e1ti\u0165<\/b><\/p>\n<ul>\n<li style=\"list-style-type: none\"><\/li>\n<\/ul>\n<p><b>N\u00e1boje kalibru 12 nefunguj\u00fa v poloautomatickej brokovnici, preto\u017ee neobsahuj\u00fa streln\u00fd prach, ale m\u00f4\u017eu by\u0165 manu\u00e1lne spusten\u00e9 a vystrelen\u00e9 vo v\u00e4\u010d\u0161ine poloautomatick\u00fdch brokovn\u00edc.<\/b><\/p>\n<p><em>Dod\u00e1va sa bez z\u00e1kladn\u00e9ho n\u00e1teru!<\/em><\/p>\n<\/div>\n<\/div>","protected":false},"excerpt":{"rendered":"<p>Byrna 12 Gauge-Kinetic.<\/p>\n<p>Pre v\u0161etk\u00fdch milovn\u00edkov brokovn\u00edc!<\/p>","protected":false},"featured_media":2075,"template":"","meta":[],"product_cat":[85],"product_tag":[],"class_list":{"0":"post-2070","1":"product","2":"type-product","3":"status-publish","4":"has-post-thumbnail","6":"product_cat-projectiles","8":"first","9":"instock","10":"shipping-taxable","11":"purchasable","12":"product-type-simple"},"_links":{"self":[{"href":"https:\/\/www.defender-byrna.si\/sk\/wp-json\/wp\/v2\/product\/2070","targetHints":{"allow":["GET"]}}],"collection":[{"href":"https:\/\/www.defender-byrna.si\/sk\/wp-json\/wp\/v2\/product"}],"about":[{"href":"https:\/\/www.defender-byrna.si\/sk\/wp-json\/wp\/v2\/types\/product"}],"wp:featuredmedia":[{"embeddable":true,"href":"https:\/\/www.defender-byrna.si\/sk\/wp-json\/wp\/v2\/media\/2075"}],"wp:attachment":[{"href":"https:\/\/www.defender-byrna.si\/sk\/wp-json\/wp\/v2\/media?parent=2070"}],"wp:term":[{"taxonomy":"product_cat","embeddable":true,"href":"https:\/\/www.defender-byrna.si\/sk\/wp-json\/wp\/v2\/product_cat?post=2070"},{"taxonomy":"product_tag","embeddable":true,"href":"https:\/\/www.defender-byrna.si\/sk\/wp-json\/wp\/v2\/product_tag?post=2070"}],"curies":[{"name":"wp","href":"https:\/\/api.w.org\/{rel}","templated":true}]}}