{"id":1718,"date":"2023-05-08T17:46:04","date_gmt":"2023-05-08T15:46:04","guid":{"rendered":"https:\/\/defender.byrna-defense.com\/?post_type=product&#038;p=1718"},"modified":"2025-11-16T18:56:43","modified_gmt":"2025-11-16T17:56:43","slug":"byrna-foldable-target-trap","status":"publish","type":"product","link":"https:\/\/www.defender-byrna.si\/sk\/produkt\/byrna-foldable-target-trap\/","title":{"rendered":"BYRNA SKLADACIA CIE\u013dOV\u00c1 PASCA"},"content":{"rendered":"<p>Vysoko kvalitn\u00fd pogumovan\u00fd taftov\u00fd nylon s odoln\u00fdm oce\u013eov\u00fdm r\u00e1mom<\/p>\n<p>Otvorenie a zlo\u017eenie za nieko\u013eko sek\u00fand<\/p>\n<p>Zabudovan\u00e1 dvojit\u00e1 sie\u0165 na zn\u00ed\u017eenie hluku a zv\u00fd\u0161enie brzdnej sily<\/p>\n<p>Stanov\u00e1 kon\u0161trukcia umo\u017e\u0148uje strelcovi pohodlne zachyt\u00e1va\u0165 a zbiera\u0165 projektily<\/p>\n<p>45,72 cm x 45,72 cm x 48,26 cm v otvorenom stave, priemer 30,48 cm po zlo\u017een\u00ed do prenosn\u00e9ho puzdra<\/p>\n<p>Cestovn\u00e9 puzdro na jednoduch\u00fa prepravu<\/p>","protected":false},"excerpt":{"rendered":"<p>High quality rubberized taffeta nylon with durable steel frame Open and folds in seconds Built-in double net to reduce noise and add additional stopping power Tent designs allows shooter to [&hellip;]<\/p>","protected":false},"featured_media":1719,"template":"","meta":[],"product_cat":[86],"product_tag":[],"class_list":{"0":"post-1718","1":"product","2":"type-product","3":"status-publish","4":"has-post-thumbnail","6":"product_cat-accessories","8":"first","9":"instock","10":"shipping-taxable","11":"purchasable","12":"product-type-simple"},"_links":{"self":[{"href":"https:\/\/www.defender-byrna.si\/sk\/wp-json\/wp\/v2\/product\/1718","targetHints":{"allow":["GET"]}}],"collection":[{"href":"https:\/\/www.defender-byrna.si\/sk\/wp-json\/wp\/v2\/product"}],"about":[{"href":"https:\/\/www.defender-byrna.si\/sk\/wp-json\/wp\/v2\/types\/product"}],"wp:featuredmedia":[{"embeddable":true,"href":"https:\/\/www.defender-byrna.si\/sk\/wp-json\/wp\/v2\/media\/1719"}],"wp:attachment":[{"href":"https:\/\/www.defender-byrna.si\/sk\/wp-json\/wp\/v2\/media?parent=1718"}],"wp:term":[{"taxonomy":"product_cat","embeddable":true,"href":"https:\/\/www.defender-byrna.si\/sk\/wp-json\/wp\/v2\/product_cat?post=1718"},{"taxonomy":"product_tag","embeddable":true,"href":"https:\/\/www.defender-byrna.si\/sk\/wp-json\/wp\/v2\/product_tag?post=1718"}],"curies":[{"name":"wp","href":"https:\/\/api.w.org\/{rel}","templated":true}]}}