{"id":1611,"date":"2023-05-08T16:32:19","date_gmt":"2023-05-08T14:32:19","guid":{"rendered":"https:\/\/defender.byrna-defense.com\/?post_type=product&#038;p=1611"},"modified":"2023-11-19T12:23:40","modified_gmt":"2023-11-19T11:23:40","slug":"byrna-sd-pepper","status":"publish","type":"product","link":"https:\/\/www.defender-byrna.si\/sk\/produkt\/byrna-sd-pepper\/","title":{"rendered":"BYRNA SD PEPPER"},"content":{"rendered":"","protected":false},"excerpt":{"rendered":"<p><iframe loading=\"lazy\" title=\"Prehr\u00e1va\u010d vide\u00ed YouTube\" src=\"https:\/\/www.youtube.com\/embed\/YSOiUlC0JFQ\" width=\"560\" height=\"315\" frameborder=\"0\" allowfullscreen=\"allowfullscreen\"><\/iframe><\/p>\n<p>Odpa\u013eova\u010d Byrna SD bol vyvinut\u00fd na z\u00e1klade existuj\u00faceho modelu Byrna HD, ktor\u00fd v s\u00fa\u010dasnosti pou\u017e\u00edvaj\u00fa tis\u00edce spokojn\u00fdch pou\u017e\u00edvate\u013eov od civiln\u00e9ho obyvate\u013estva a\u017e po bezpe\u010dnostn\u00e9 spolo\u010dnosti a org\u00e1ny \u010dinn\u00e9 v trestnom konan\u00ed.<\/p>\n<p>Po \u00faspechu u profesion\u00e1lov pon\u00faka nov\u00e1 verzia modelu SD nov\u00fd dizajn rukov\u00e4te, nov\u00e9 mieridl\u00e1 a optimalizovan\u00fd chvost sp\u00fa\u0161te.<\/p>\n<p>Byrna SD, poh\u00e1\u0148an\u00e1 8g CO2 n\u00e1bojom, strie\u013ea chemick\u00e9 peperov\u00e9\/kapacitn\u00e9 projektily kalibru .68 vyvinut\u00e9 na spomalenie alebo neutraliz\u00e1ciu hrozby do vzdialenosti 20 metrov, ale m\u00f4\u017ee strie\u013ea\u0165 aj kinetick\u00e9 (tvrd\u00fd polym\u00e9r) alebo eko\/pro-kinetick\u00e9 projektily na v\u00fdcvik alebo obranu.<\/p>\n<p>8g CO2 n\u00e1boj umo\u017e\u0148uje vystreli\u0165 4 z\u00e1sobn\u00edky po 5 n\u00e1bojoch.<\/p>\n<p>Byrna SD je neuverite\u013ene v\u00fdkonn\u00e1 a \u00fa\u010dinn\u00e1 nesmrtiaca sebaobrann\u00e1 zbra\u0148.<\/p>\n<p>Vlastnosti s\u00fapravy Byrna SD Pepper Kit:<\/p>\n<ul role=\"list\">\n<li>R\u00fdchlos\u0165 projektilu a\u017e 95 m\/s<\/li>\n<li>Unik\u00e1tny sp\u00fa\u0161\u0165ac\u00ed mechanizmus - pri prvom v\u00fdstrele s\u00fa\u010dasne prepichne n\u00e1bojnicu a vystrel\u00ed projektily - patentovan\u00fd dizajn\u00a0<em>Technol\u00f3gie spolo\u010dnosti Byrna<\/em><\/li>\n<li>V\u00fdkon 13 joulov<\/li>\n<li>Presnos\u0165 do 20 metrov<\/li>\n<li>20 v\u00fdstrelov na jednu 8g n\u00e1pl\u0148<\/li>\n<li>Ergonomick\u00e1 vo\u0161tinov\u00e1 rukov\u00e4\u0165 pre lep\u0161ie ovl\u00e1danie za v\u0161etk\u00fdch podmienok<\/li>\n<li>Vylep\u0161en\u00e9 mieridl\u00e1 na r\u00fdchlej\u0161ie zameranie cie\u013ea<\/li>\n<li>Priama sp\u00fa\u0161\u0165 s 2,94 kg \u0165ahom sp\u00fa\u0161te a plynulej\u0161\u00edm stla\u010den\u00edm<\/li>\n<li>Ambidextrousn\u00fd prep\u00edna\u010d trezoru\/strely, ktor\u00fd umo\u017e\u0148uje jednoduch\u00e9 prep\u00ednanie pre \u013eav\u00e1kov aj prav\u00e1kov<\/li>\n<li>2 roky z\u00e1ruka (mo\u017en\u00e9 aj\u00a0<em>Do\u017eivotn\u00e1 z\u00e1ruka<\/em>)<\/li>\n<\/ul>\n<p>\u010co je s\u00fa\u010das\u0165ou balenia:<\/p>\n<p>Na\u0161a s\u00faprava Byrna SD Kinetic Kit sa dod\u00e1va v ochrannom kufr\u00edku na zips so v\u0161etk\u00fdm, \u010do potrebujete na za\u010diatok:<\/p>\n<ul role=\"list\">\n<li>Jeden (1) sp\u00fa\u0161\u0165a\u010d Byrna SD<\/li>\n<li>Dva (2) 5-ranov\u00e9 z\u00e1sobn\u00edky<\/li>\n<li>Dve (2) 8-gramov\u00e9 f\u013ea\u0161e na CO2 zna\u010dky Byrna<\/li>\n<li>Dve (2) 5-ranov\u00e9 tuby s kinetick\u00fdmi projektilmi Byrna<\/li>\n<li><em>Jedna (1) 5-ranov\u00e1 tuba s peperov\u00fdmi projektilmi Byrna Pro<\/em><\/li>\n<li>Jedna (1) 5-ranov\u00e1 tuba ob Byrna Pepper Projectiles<\/li>\n<li>Jedna (1) 5-ranov\u00e1 tuba ob Byrna Kinetic Projectiles<\/li>\n<li>Jedna (1) 5-ranov\u00e1 tuba ob Byrna Eco-Kinetics Projectiles<\/li>\n<\/ul>","protected":false},"featured_media":1612,"template":"","meta":[],"product_cat":[84],"product_tag":[],"class_list":{"0":"post-1611","1":"product","2":"type-product","3":"status-publish","4":"has-post-thumbnail","6":"product_cat-byrna-launcher","8":"first","9":"instock","10":"featured","11":"shipping-taxable","12":"product-type-external"},"_links":{"self":[{"href":"https:\/\/www.defender-byrna.si\/sk\/wp-json\/wp\/v2\/product\/1611","targetHints":{"allow":["GET"]}}],"collection":[{"href":"https:\/\/www.defender-byrna.si\/sk\/wp-json\/wp\/v2\/product"}],"about":[{"href":"https:\/\/www.defender-byrna.si\/sk\/wp-json\/wp\/v2\/types\/product"}],"wp:featuredmedia":[{"embeddable":true,"href":"https:\/\/www.defender-byrna.si\/sk\/wp-json\/wp\/v2\/media\/1612"}],"wp:attachment":[{"href":"https:\/\/www.defender-byrna.si\/sk\/wp-json\/wp\/v2\/media?parent=1611"}],"wp:term":[{"taxonomy":"product_cat","embeddable":true,"href":"https:\/\/www.defender-byrna.si\/sk\/wp-json\/wp\/v2\/product_cat?post=1611"},{"taxonomy":"product_tag","embeddable":true,"href":"https:\/\/www.defender-byrna.si\/sk\/wp-json\/wp\/v2\/product_tag?post=1611"}],"curies":[{"name":"wp","href":"https:\/\/api.w.org\/{rel}","templated":true}]}}