{"id":1875,"date":"2023-06-30T10:31:32","date_gmt":"2023-06-30T08:31:32","guid":{"rendered":"https:\/\/defender.byrna-defense.com\/?page_id=1875"},"modified":"2023-06-30T10:31:34","modified_gmt":"2023-06-30T08:31:34","slug":"warranty","status":"publish","type":"page","link":"https:\/\/www.defender-byrna.si\/sk\/warranty\/","title":{"rendered":"Z\u00e1ruka"},"content":{"rendered":"<p><strong>OBMEDZEN\u00c1 V\u00ddROBN\u00c1 Z\u00c1RUKA<\/strong><\/p><p>\u200d<\/p><p>Na osobn\u00e9 bezpe\u010dnostn\u00e9 zariadenie Byrna HD\/SD poskytuje spolo\u010dnos\u0165 Defender d.o.o. v\u00fdhradne koncov\u00e9mu pou\u017e\u00edvate\u013eovi z\u00e1ruku, \u017ee bude dodan\u00e9 bez v\u00fdrobn\u00fdch v\u00e1d materi\u00e1lu a spracovania po dobu dvoch rokov od p\u00f4vodn\u00e9ho d\u00e1tumu n\u00e1kupu. Na z\u00edskanie z\u00e1ru\u010dn\u00e9ho krytia mus\u00ed dr\u017eite\u013e z\u00e1ruky (i) predlo\u017ei\u0165 doklad o p\u00f4vodnom n\u00e1kupe a (ii) chybn\u00e9 zariadenie mus\u00ed by\u0165 bezpe\u010dne a spo\u013eahlivo zabalen\u00e9 a odoslan\u00e9 pred uplynut\u00edm z\u00e1ru\u010dnej doby do ur\u010den\u00e9ho servisn\u00e9ho strediska spolo\u010dnosti Defender d.o.o. v s\u00falade s pokynmi uveden\u00fdmi v autoriz\u00e1cii na vr\u00e1tenie tovaru. N\u00e1prava kupuj\u00faceho v r\u00e1mci tejto z\u00e1ruky je obmedzen\u00e1, v\u00fdlu\u010dne pod\u013ea rozhodnutia spolo\u010dnosti Defender, na vr\u00e1tenie pe\u0148az\u00ed alebo prip\u00edsanie ceny v kupuj\u00facemu, alebo na v\u00fdmenu chybn\u00e9ho zariadenia alebo in\u00e9ho v\u00fdrobku.<\/p><p>\u200d<\/p><p><strong>NEOBMEDZEN\u00c1 Z\u00c1RUKA OD V\u00ddROBCU<\/strong><\/p><p><\/p><p>Na osobn\u00e9 bezpe\u010dnostn\u00e9 zariadenie Byrna HD\/SD poskytuje spolo\u010dnos\u0165 Defender d.o.o. v\u00fdhradne koncov\u00e9mu pou\u017e\u00edvate\u013eovi z\u00e1ruku, \u017ee bude dodan\u00e9 bez v\u00fdrobn\u00fdch v\u00e1d materi\u00e1lu a spracovania po\u010das celej doby \u017eivotnosti od d\u00e1tumu p\u00f4vodn\u00e9ho zak\u00fapenia. Na z\u00edskanie z\u00e1ru\u010dn\u00e9ho krytia mus\u00ed dr\u017eite\u013e z\u00e1ruky (i) predlo\u017ei\u0165 doklad o p\u00f4vodnom n\u00e1kupe a (ii) chybn\u00e9 zariadenie mus\u00ed by\u0165 bezpe\u010dne a spo\u013eahlivo zabalen\u00e9 a odoslan\u00e9 pred uplynut\u00edm z\u00e1ru\u010dnej doby do ur\u010den\u00e9ho servisn\u00e9ho strediska spolo\u010dnosti Defender d.o.o. v s\u00falade s pokynmi uveden\u00fdmi v autoriz\u00e1cii na vr\u00e1tenie tovaru. N\u00e1prava kupuj\u00faceho v r\u00e1mci tejto z\u00e1ruky je obmedzen\u00e1, v\u00fdlu\u010dne pod\u013ea rozhodnutia spolo\u010dnosti Defender, na vr\u00e1tenie pe\u0148az\u00ed alebo prip\u00edsanie ceny v kupuj\u00facemu, alebo na v\u00fdmenu chybn\u00e9ho zariadenia alebo in\u00e9ho v\u00fdrobku.<\/p><p>\u200d<\/p><p><strong>V\u00ddLU\u010cNOS\u0164 Z\u00c1RUKY A OBMEDZENIE OPRAVN\u00ddCH PROSTRIEDKOV<\/strong><\/p><p>\u200d<\/p><p>Vy\u0161\u0161ie uveden\u00fd prostriedok n\u00e1pravy je v\u00fdlu\u010dn\u00fdm prostriedkom n\u00e1pravy v pr\u00edpade poru\u0161enia vy\u0161\u0161ie uvedenej z\u00e1ruky. S v\u00fdnimkou obmedzenej z\u00e1ruky v\u00fdslovne uvedenej vy\u0161\u0161ie spolo\u010dnos\u0165 Defender neposkytuje \u017eiadne v\u00fdslovn\u00e9 ani implicitn\u00e9 z\u00e1ruky ani vyhl\u00e1senia t\u00fdkaj\u00face sa ak\u00fdchko\u013evek v\u00fdrobkov spolo\u010dnosti Byrna vr\u00e1tane z\u00e1ruky predajnosti, z\u00e1ruky vhodnosti na konkr\u00e9tny \u00fa\u010del alebo z\u00e1ruky proti poru\u0161eniu pr\u00e1v du\u0161evn\u00e9ho vlastn\u00edctva tretej strany. Kupuj\u00facim a vlastn\u00edkom sa zakazuje poskytova\u0165 ak\u00e9ko\u013evek z\u00e1ruky alebo vyhl\u00e1senia t\u00fdkaj\u00face sa ak\u00e9hoko\u013evek v\u00fdrobku Byrna, ktor\u00e9 s\u00fa v rozpore s vy\u0161\u0161ie uvedenou v\u00fdslovnou obmedzenou tov\u00e1renskou z\u00e1rukou.<\/p><p>\u200d<\/p><p><strong>ZAK\u00c1ZAN\u00c9 POU\u017dITIE, ZMENA, NEPLATNOS\u0164 Z\u00c1RUKY<\/strong><\/p><p>\u200d<\/p><p>Majitelia by sa nemali pok\u00fa\u0161a\u0165 o rozoberanie alebo opravu zbrane Byrna HD\/SD, ani o jej pou\u017e\u00edvanie s ak\u00fdmko\u013evek neautorizovan\u00fdm alebo nekompatibiln\u00fdm pr\u00edslu\u0161enstvom, projektilmi alebo plynov\u00fdmi n\u00e1bojmi. Ak\u00e1ko\u013evek zmena, zneu\u017eitie, nespr\u00e1vne pou\u017eitie, zanedbanie alebo pokus o rozobratie zariadenia alebo pou\u017eitie \u010di in\u0161tal\u00e1cia ak\u00e9hoko\u013evek neschv\u00e1len\u00e9ho v\u00fdrobku tretej strany m\u00f4\u017ee vies\u0165 k strate z\u00e1ruky. Z\u00e1ruka m\u00f4\u017ee zanikn\u00fa\u0165 aj v pr\u00edpade nespr\u00e1vnej manipul\u00e1cie, skladovania alebo prepravy zariadenia Byrna alebo ak\u00e9hoko\u013evek pr\u00edslu\u0161enstva \u010di in\u00e9ho v\u00fdrobku.<\/p><p>\u200d<\/p><p><strong>PREVZATIE RIZIKA KONCOV\u00ddM POU\u017d\u00cdVATE\u013dOM<\/strong><\/p><p>\u200d<\/p><p>Pred pou\u017eit\u00edm je pou\u017e\u00edvate\u013e povinn\u00fd ur\u010di\u0165 vhodnos\u0165 v\u00fdrobku na zam\u00fd\u0161\u013ean\u00e9 pou\u017eitie, pre\u010d\u00edta\u0165 si a porozumie\u0165 v\u0161etk\u00fdm pokynom, varovaniam a bezpe\u010dnostn\u00fdm upozorneniam uveden\u00fdm v tejto pr\u00edru\u010dke, prija\u0165 v\u0161etky primeran\u00e9 opatrenia na zaistenie bezpe\u010dn\u00e9ho pou\u017e\u00edvania a prevzia\u0165 v\u0161etky rizik\u00e1 a zodpovednos\u0165 v s\u00favislosti s n\u00e1kupom, vlastn\u00edctvom a pou\u017e\u00edvan\u00edm zariadenia Byrna. Spolo\u010dnos\u0165 Defender nenesie \u017eiadnu zodpovednos\u0165 ani nepreber\u00e1 \u017eiadne z\u00e1v\u00e4zky vo\u010di kupuj\u00facemu ak\u00e9hoko\u013evek zariadenia Byrna alebo akejko\u013evek tretej strane za ak\u00e9ko\u013evek osobitn\u00e9, nekompenza\u010dn\u00e9, n\u00e1sledn\u00e9, nepriame, n\u00e1hodn\u00e9, z\u00e1konn\u00e9 alebo in\u00e9 \u0161kody, vr\u00e1tane, okrem in\u00e9ho, trestn\u00fdch \u0161k\u00f4d, u\u0161l\u00e9ho zisku, straten\u00fdch pr\u00edle\u017eitost\u00ed, u\u0161l\u00e9ho pr\u00edjmu, straty spolupatri\u010dnosti alebo in\u00fdch \u0161k\u00f4d alebo zranen\u00ed, bez oh\u013eadu na formu konania a bez oh\u013eadu na to, \u010di vych\u00e1dza zo zmluvy, nedbanlivosti, z\u00e1konnej alebo be\u017enej pr\u00e1vnej zodpovednosti alebo inak, zn\u00e1mych alebo nezn\u00e1mych, aj ke\u010f s\u00fa predv\u00eddate\u013en\u00e9 alebo v\u00fdslovne informovan\u00e9, v akejko\u013evek v\u00fd\u0161ke presahuj\u00facej sumy, ktor\u00e9 kupuj\u00faci zaplatil spolo\u010dnosti Defender za v\u00fdrobky, pokia\u013e nie s\u00fa sp\u00f4soben\u00e9 hrubou nedbanlivos\u0165ou alebo \u00famyseln\u00fdm konan\u00edm spolo\u010dnosti Defender. Vy\u0161\u0161ie uveden\u00e9 obmedzenia sa pova\u017euj\u00fa za platn\u00e9 v maxim\u00e1lnom rozsahu povolenom platn\u00fdmi pr\u00e1vnymi predpismi a bez oh\u013eadu na zlyhanie z\u00e1kladn\u00e9ho \u00fa\u010delu ak\u00fdchko\u013evek obmedzen\u00fdch opravn\u00fdch prostriedkov. Ka\u017ed\u00fd kupuj\u00faci, ktor\u00fd nes\u00fahlas\u00ed s t\u00fdmto prevzat\u00edm rizika, m\u00f4\u017ee zak\u00fapen\u00e9 v\u00fdrobky vr\u00e1ti\u0165 v p\u00f4vodnom balen\u00ed, nepou\u017eit\u00e9 a v p\u00f4vodnom stave do 7 dn\u00ed od zak\u00fapenia.<\/p><p>\u200d<\/p>","protected":false},"excerpt":{"rendered":"<p>LIMITED FACTORY WARRANTY \u200d The Byrna HD\/SD personal security device is warranted by Defender d.o.o., solely to the end user, to be delivered free from factory defects in materials and [&hellip;]<\/p>","protected":false},"author":1,"featured_media":0,"parent":0,"menu_order":0,"comment_status":"closed","ping_status":"closed","template":"","meta":{"footnotes":""},"class_list":["post-1875","page","type-page","status-publish","hentry"],"_links":{"self":[{"href":"https:\/\/www.defender-byrna.si\/sk\/wp-json\/wp\/v2\/pages\/1875","targetHints":{"allow":["GET"]}}],"collection":[{"href":"https:\/\/www.defender-byrna.si\/sk\/wp-json\/wp\/v2\/pages"}],"about":[{"href":"https:\/\/www.defender-byrna.si\/sk\/wp-json\/wp\/v2\/types\/page"}],"author":[{"embeddable":true,"href":"https:\/\/www.defender-byrna.si\/sk\/wp-json\/wp\/v2\/users\/1"}],"replies":[{"embeddable":true,"href":"https:\/\/www.defender-byrna.si\/sk\/wp-json\/wp\/v2\/comments?post=1875"}],"version-history":[{"count":1,"href":"https:\/\/www.defender-byrna.si\/sk\/wp-json\/wp\/v2\/pages\/1875\/revisions"}],"predecessor-version":[{"id":1877,"href":"https:\/\/www.defender-byrna.si\/sk\/wp-json\/wp\/v2\/pages\/1875\/revisions\/1877"}],"wp:attachment":[{"href":"https:\/\/www.defender-byrna.si\/sk\/wp-json\/wp\/v2\/media?parent=1875"}],"curies":[{"name":"wp","href":"https:\/\/api.w.org\/{rel}","templated":true}]}}