{"id":1873,"date":"2023-06-30T10:29:49","date_gmt":"2023-06-30T08:29:49","guid":{"rendered":"https:\/\/defender.byrna-defense.com\/?page_id=1873"},"modified":"2023-06-30T10:29:52","modified_gmt":"2023-06-30T08:29:52","slug":"free-shipping","status":"publish","type":"page","link":"https:\/\/www.defender-byrna.si\/sk\/free-shipping\/","title":{"rendered":"Doprava zdarma"},"content":{"rendered":"<h5 class=\"wp-block-heading\">V\u0161etky va\u0161e objedn\u00e1vky, ktor\u00e9 obsahuj\u00fa Byrna HD\/SD, sa odosielaj\u00fa&nbsp;<strong>Bezplatne<\/strong>.<br>V pr\u00edpade v\u0161etk\u00fdch ostatn\u00fdch produktov mus\u00edme \u00fa\u010dtova\u0165 \u0161tandardn\u00e9 n\u00e1klady na dopravu v E\u00da.<br>Na optimaliz\u00e1ciu va\u0161ich n\u00e1kladov sme v\u00e1m poskytli tabu\u013eku so v\u0161etk\u00fdmi n\u00e1kladmi<br>na hmotnos\u0165 balenia a hmotnos\u0165 v\u00fdrobkov.<br>\u010eakujeme v\u00e1m za pochopenie.<\/h5>","protected":false},"excerpt":{"rendered":"<p>All your orders that include a Byrna HD\/SD are being shipped&nbsp;Free of charge.For all other products we have to charge the standard shipping costs in the EU.For optimizing your costs, [&hellip;]<\/p>","protected":false},"author":1,"featured_media":0,"parent":0,"menu_order":0,"comment_status":"closed","ping_status":"closed","template":"","meta":{"footnotes":""},"class_list":["post-1873","page","type-page","status-publish","hentry"],"_links":{"self":[{"href":"https:\/\/www.defender-byrna.si\/sk\/wp-json\/wp\/v2\/pages\/1873","targetHints":{"allow":["GET"]}}],"collection":[{"href":"https:\/\/www.defender-byrna.si\/sk\/wp-json\/wp\/v2\/pages"}],"about":[{"href":"https:\/\/www.defender-byrna.si\/sk\/wp-json\/wp\/v2\/types\/page"}],"author":[{"embeddable":true,"href":"https:\/\/www.defender-byrna.si\/sk\/wp-json\/wp\/v2\/users\/1"}],"replies":[{"embeddable":true,"href":"https:\/\/www.defender-byrna.si\/sk\/wp-json\/wp\/v2\/comments?post=1873"}],"version-history":[{"count":1,"href":"https:\/\/www.defender-byrna.si\/sk\/wp-json\/wp\/v2\/pages\/1873\/revisions"}],"predecessor-version":[{"id":1874,"href":"https:\/\/www.defender-byrna.si\/sk\/wp-json\/wp\/v2\/pages\/1873\/revisions\/1874"}],"wp:attachment":[{"href":"https:\/\/www.defender-byrna.si\/sk\/wp-json\/wp\/v2\/media?parent=1873"}],"curies":[{"name":"wp","href":"https:\/\/api.w.org\/{rel}","templated":true}]}}