{"id":1759,"date":"2023-06-15T18:49:17","date_gmt":"2023-06-15T16:49:17","guid":{"rendered":"https:\/\/defender.byrna-defense.com\/?page_id=1759"},"modified":"2023-07-26T16:12:27","modified_gmt":"2023-07-26T14:12:27","slug":"reviews","status":"publish","type":"page","link":"https:\/\/www.defender-byrna.si\/sk\/reviews\/","title":{"rendered":"Recenzie"},"content":{"rendered":"<section class=\"wpb-content-wrapper\"><div class=\"vc_row wpb_row vc_row-fluid\"><div class=\"wpb_column vc_column_container vc_col-sm-12\"><div class=\"vc_column-inner\"><div class=\"wpb_wrapper\">\r\n\t<div class=\"wpb_text_column wpb_content_element\" >\r\n\t\t<div class=\"wpb_wrapper\">\r\n\t\t\t<p style=\"text-align: center;\">\"T\u00e1to vec nie je vtip!!! Po testovan\u00ed v mojej gar\u00e1\u017ei m\u00e1m pocit, \u017ee je to \u017eivotaschopn\u00e1 mo\u017enos\u0165 nosenia... a ja never\u00edm len tak nejakej blbosti, ke\u010f mi ide o \u017eivot. Po tom, \u010do som bol svedkom toho, \u010do pevn\u00e9 projektily urobili s kusom drevotrieskovej dosky, ktor\u00fa som pou\u017e\u00edval ako oporu? M\u00f4\u017eete ma ofici\u00e1lne ozna\u010di\u0165 za \"veriaceho byrna\". V bud\u00facich t\u00fd\u017ed\u0148och si k\u00fapim nieko\u013eko \u010fal\u0161\u00edch.\"<\/p>\n<p style=\"text-align: center;\"><strong>Alexander R. - 23.01.20<\/strong><\/p>\n<p><img loading=\"lazy\" decoding=\"async\" class=\"alignnone size-full wp-image-1808 aligncenter\" src=\"https:\/\/defender.byrna-defense.com\/wp-content\/uploads\/2023\/06\/63c06535a5cbec4ecb9404ef_5aefcd5acac9c0b72fd91156a6bc749b-transformed.png\" alt=\"\" width=\"144\" height=\"31\" \/><\/p>\n\r\n\t\t<\/div>\r\n\t<\/div>\r\n<div class=\"vc_empty_space\"   style=\"height: 32px\"><span class=\"vc_empty_space_inner\"><\/span><\/div>\r\n\t<div class=\"wpb_text_column wpb_content_element\" >\r\n\t\t<div class=\"wpb_wrapper\">\r\n\t\t\t<p style=\"text-align: center;\">\"Mus\u00edm poveda\u0165, \u017ee je to ve\u013emi dobre uroben\u00fd sebaobrann\u00fd produkt.. aj ke\u010f to nie je streln\u00e1 zbra\u0148, ktor\u00fa potrebujete nosi\u0165 a skr\u00fdva\u0165, ako to bolo. Mal to asi mesiac a u\u017e musel chr\u00e1ni\u0165 svoju rodinu s n\u00edm na Nov\u00fd rok v noci asi 3am zm\u00e4ten\u00fd opit\u00fd jedinec pri\u0161iel zaklopa\u0165 na na\u0161e predn\u00e9 zadn\u00e9 dvere kri\u010dal, aby ich nechal..... vstal chytil m\u00f4j byrna a chcel pre veci deescalate.. urobili, ale bol ve\u013emi ist\u00fd, \u017ee m\u00f4j byrna po ruke so mnou... beriem to v\u0161ade idem skryt\u00e9. \"<\/p>\n<p style=\"text-align: center;\"><strong>Peter S. - 01\/05\/20<\/strong><\/p>\n<p><img loading=\"lazy\" decoding=\"async\" class=\"alignnone size-full wp-image-1808 aligncenter\" src=\"https:\/\/defender.byrna-defense.com\/wp-content\/uploads\/2023\/06\/63c06535a5cbec4ecb9404ef_5aefcd5acac9c0b72fd91156a6bc749b-transformed.png\" alt=\"\" width=\"144\" height=\"31\" \/><\/p>\n\r\n\t\t<\/div>\r\n\t<\/div>\r\n<div class=\"vc_empty_space\"   style=\"height: 32px\"><span class=\"vc_empty_space_inner\"><\/span><\/div>\r\n\t<div class=\"wpb_text_column wpb_content_element\" >\r\n\t\t<div class=\"wpb_wrapper\">\r\n\t\t\t<p style=\"text-align: center;\">\"Najprv mi dovo\u013ete poveda\u0165, \u017ee je to \u00fa\u017easn\u00fd produkt. Dobre postaven\u00fd, v\u0161estrann\u00fd a presn\u00fd! Je kompaktn\u00fd, \u013eahko sa pou\u017e\u00edva a \u013eahko sa s n\u00edm nau\u010dia pracova\u0165 aj ostatn\u00ed. Osobne si mysl\u00edm, \u017ee je to najlep\u0161ia sebaobrann\u00e1 zbra\u0148 na trhu! Milujem aj p\u00fa\u0161tnu op\u00e1len\u00fa farbu. Ak h\u013ead\u00e1te najlep\u0161\u00ed nesmrte\u013en\u00fd sp\u00f4sob, ako sa br\u00e1ni\u0165, potom sa pozrite nie \u010falej, potom Byrna HD Budem kupova\u0165 nieko\u013eko \u010fal\u0161\u00edch v bud\u00facnosti pre rodinu a priate\u013eov.\"<\/p>\n<p style=\"text-align: center;\"><strong>Tobias H. - 28.11.19<\/strong><\/p>\n<p><img loading=\"lazy\" decoding=\"async\" class=\"alignnone size-full wp-image-1808 aligncenter\" src=\"https:\/\/defender.byrna-defense.com\/wp-content\/uploads\/2023\/06\/63c06535a5cbec4ecb9404ef_5aefcd5acac9c0b72fd91156a6bc749b-transformed.png\" alt=\"\" width=\"144\" height=\"31\" \/><\/p>\n\r\n\t\t<\/div>\r\n\t<\/div>\r\n<div class=\"vc_empty_space\"   style=\"height: 32px\"><span class=\"vc_empty_space_inner\"><\/span><\/div>\r\n\t<div class=\"wpb_text_column wpb_content_element\" >\r\n\t\t<div class=\"wpb_wrapper\">\r\n\t\t\t<p style=\"text-align: center;\">\"Dostal som to pre svoju man\u017eelku, preto\u017ee ona je ur\u010dite \"ungunsk\u00fdm\" demografick\u00fdm centrom, ktor\u00e9 Byrna h\u013ead\u00e1. Pri\u0161iel na\u010das a bol bezpe\u010dne zabalen\u00fd. Dostupn\u00e9 obr\u00e1zky a vide\u00e1 jednoducho nevystihuj\u00fa kvalitu a prec\u00edznos\u0165 kon\u0161trukcie. Prechod k stre\u013ebe bol jednoduch\u00fd. Ke\u010f\u017ee nem\u00e1 sp\u00e4tn\u00fd r\u00e1z ani zvuk pri v\u00fdboji, dosta\u0165 \"n\u00e1boje\" na cie\u013e bolo celkom jednoduch\u00e9. Pre va\u0161u inform\u00e1ciu... Pevn\u00e9 mieridl\u00e1 s\u00fa presn\u00e9. Ma\u0165 nejak\u00e9 tr\u00edciov\u00e9 bodky by bolo fajn, ale nie s\u00fa potrebn\u00e9. Nezabudnite si zaobstara\u0165 dostatok kinetick\u00fdch n\u00e1bojov a n\u00e1bojov CO2, preto\u017ee z nej nakoniec budete strie\u013ea\u0165 viac, ako ste si mysleli.\"<\/p>\n<p style=\"text-align: center;\"><strong>Finn A. - 25.11.21<\/strong><\/p>\n<p><img loading=\"lazy\" decoding=\"async\" class=\"alignnone size-full wp-image-1808 aligncenter\" src=\"https:\/\/defender.byrna-defense.com\/wp-content\/uploads\/2023\/06\/63c06535a5cbec4ecb9404ef_5aefcd5acac9c0b72fd91156a6bc749b-transformed.png\" alt=\"\" width=\"144\" height=\"31\" \/><\/p>\n\r\n\t\t<\/div>\r\n\t<\/div>\r\n<div class=\"vc_empty_space\"   style=\"height: 32px\"><span class=\"vc_empty_space_inner\"><\/span><\/div>\r\n\t<div class=\"wpb_text_column wpb_content_element\" >\r\n\t\t<div class=\"wpb_wrapper\">\r\n\t\t\t<p style=\"text-align: center;\">\"Jednoduch\u00e9 pou\u017e\u00edvanie a \u0161etrnos\u0165 k \u017eivotn\u00e9mu prostrediu. M\u00e1 ve\u013ek\u00fd v\u00fdkon a milujem dym pri cvi\u010den\u00ed na cie\u013e. P\u00e1\u010di sa mi, \u017ee nemus\u00edm chodi\u0165 nah\u00e1\u0148a\u0165 a zbiera\u0165, preto\u017ee sa o ne postar\u00e1 d\u00e1\u017e\u010f.\"<\/p>\n<p style=\"text-align: center;\"><strong>Alex S. - 20.12.21<\/strong><\/p>\n<p><img loading=\"lazy\" decoding=\"async\" class=\"alignnone size-full wp-image-1808 aligncenter\" src=\"https:\/\/defender.byrna-defense.com\/wp-content\/uploads\/2023\/06\/63c06535a5cbec4ecb9404ef_5aefcd5acac9c0b72fd91156a6bc749b-transformed.png\" alt=\"\" width=\"144\" height=\"31\" \/><\/p>\n<div id=\"gtx-trans\" style=\"position: absolute; left: 263px; top: 78px;\">\n<div class=\"gtx-trans-icon\"><\/div>\n<\/div>\n\r\n\t\t<\/div>\r\n\t<\/div>\r\n<div class=\"vc_empty_space\"   style=\"height: 32px\"><span class=\"vc_empty_space_inner\"><\/span><\/div>\r\n\t<div class=\"wpb_text_column wpb_content_element\" >\r\n\t\t<div class=\"wpb_wrapper\">\r\n\t\t\t<p style=\"text-align: center;\">\"Skvel\u00fd nesmrtiaci odpa\u013eova\u010d. Nos\u00edm ho st\u00e1le na skryt\u00e9 nosenie, odkedy som dostal Byrna sd. \u017del\u00e1m si, aby som si mohol k\u00fapi\u0165 peperov\u00e9 gu\u013e\u00f4\u010dky alebo maxi gu\u013e\u00f4\u010dky, ke\u010f\u017ee \u017eijem v Kalifornii. M\u00e1m aj 2 z\u00e1sobn\u00edky na 7 n\u00e1bojov a m\u00e1m kinetick\u00e9 gu\u013e\u00f4\u010dky 95.\"<\/p>\n<p style=\"text-align: center;\"><strong>Artem M. - 08\/09\/22<\/strong><\/p>\n<p><img loading=\"lazy\" decoding=\"async\" class=\"alignnone size-full wp-image-1808 aligncenter\" src=\"https:\/\/defender.byrna-defense.com\/wp-content\/uploads\/2023\/06\/63c06535a5cbec4ecb9404ef_5aefcd5acac9c0b72fd91156a6bc749b-transformed.png\" alt=\"\" width=\"144\" height=\"31\" \/><\/p>\n<div id=\"gtx-trans\" style=\"position: absolute; left: 264px; top: 126px;\">\n<div class=\"gtx-trans-icon\"><\/div>\n<\/div>\n\r\n\t\t<\/div>\r\n\t<\/div>\r\n<div class=\"vc_empty_space\"   style=\"height: 32px\"><span class=\"vc_empty_space_inner\"><\/span><\/div>\r\n\t<div class=\"wpb_text_column wpb_content_element\" >\r\n\t\t<div class=\"wpb_wrapper\">\r\n\t\t\t<p style=\"text-align: center;\">\"WOW, ak\u00e9 dobre vyroben\u00e9 zariadenie! V s\u00fa\u010dasnosti vlastn\u00edm HD spolu so v\u0161etk\u00fdmi opravami. Pr\u00e1ve som k\u00fapil dva SD pre syna a dc\u00e9ru. Hovor\u00edme o z\u00e1bave pri nat\u00e1\u010dan\u00ed. Toto m\u00f4\u017ee pou\u017e\u00edva\u0165 ka\u017ed\u00fd. Sta\u010d\u00ed si zriadi\u0165 strelnicu na dvore. Najlep\u0161ie je, \u017ee s\u00fa leg\u00e1lne kdeko\u013evek. Milujem r\u00fdchle odpojenie, preto\u017ee je v\u017edy pripraven\u00e1. Dobr\u00e1 vec vzh\u013eadom na dobu, v ktorej boli. \u010eakujem spolo\u010dnosti Byrna, \u017ee n\u00e1m d\u00e1va \u010fal\u0161iu mo\u017enos\u0165!\"<\/p>\n<p style=\"text-align: center;\"><strong>Michael A. - 20.11.21<\/strong><\/p>\n<p><img loading=\"lazy\" decoding=\"async\" class=\"alignnone size-full wp-image-1808 aligncenter\" src=\"https:\/\/defender.byrna-defense.com\/wp-content\/uploads\/2023\/06\/63c06535a5cbec4ecb9404ef_5aefcd5acac9c0b72fd91156a6bc749b-transformed.png\" alt=\"\" width=\"144\" height=\"31\" \/><\/p>\n<div id=\"gtx-trans\" style=\"position: absolute; left: 258px; top: 150px;\">\n<div class=\"gtx-trans-icon\"><\/div>\n<\/div>\n\r\n\t\t<\/div>\r\n\t<\/div>\r\n<div class=\"vc_empty_space\"   style=\"height: 32px\"><span class=\"vc_empty_space_inner\"><\/span><\/div>\r\n\t<div class=\"wpb_text_column wpb_content_element\" >\r\n\t\t<div class=\"wpb_wrapper\">\r\n\t\t\t<p style=\"text-align: center;\">\"Dobr\u00e1 pr\u00e1ca na Byrne. \u00daplne milujem, ke\u010f ju m\u00e1m pri sebe na miestach, kde nie s\u00fa povolen\u00e9 streln\u00e9 zbrane. Ve\u013emi presn\u00e1 a poskytne v\u00e1m p\u00e1r sek\u00fand\/min\u00fat, ktor\u00e9 potrebujete na z\u00e1chranu \u017eivota. Budem ma\u0165 \u010fal\u0161ie 2 a budem ich ma\u0165 v ka\u017edom vozidle, ktor\u00e9 m\u00e1m. V\u0161etko od spolo\u010dnosti Byrna, od prepravy a\u017e po z\u00e1kazn\u00edcky servis, bolo skvel\u00e9. V\u00fdborn\u00e1 pr\u00e1ca Byrna!\"<\/p>\n<p style=\"text-align: center;\"><strong>Igor B. - 07\/01\/22<\/strong><\/p>\n<p><img loading=\"lazy\" decoding=\"async\" class=\"alignnone size-full wp-image-1808 aligncenter\" src=\"https:\/\/defender.byrna-defense.com\/wp-content\/uploads\/2023\/06\/63c06535a5cbec4ecb9404ef_5aefcd5acac9c0b72fd91156a6bc749b-transformed.png\" alt=\"\" width=\"144\" height=\"31\" \/><\/p>\n<div id=\"gtx-trans\" style=\"position: absolute; left: 222px; top: 126px;\">\n<div class=\"gtx-trans-icon\"><\/div>\n<\/div>\n\r\n\t\t<\/div>\r\n\t<\/div>\r\n<\/div><\/div><\/div><\/div>\n<\/section>","protected":false},"excerpt":{"rendered":"\"This thing is no joke!!! After testing it in my garage, i feel that it is a viable carry option...and i don't just trust any bullshit gimmick when my life [...]","protected":false},"author":1,"featured_media":0,"parent":0,"menu_order":0,"comment_status":"closed","ping_status":"closed","template":"","meta":{"footnotes":""},"class_list":["post-1759","page","type-page","status-publish","hentry"],"_links":{"self":[{"href":"https:\/\/www.defender-byrna.si\/sk\/wp-json\/wp\/v2\/pages\/1759","targetHints":{"allow":["GET"]}}],"collection":[{"href":"https:\/\/www.defender-byrna.si\/sk\/wp-json\/wp\/v2\/pages"}],"about":[{"href":"https:\/\/www.defender-byrna.si\/sk\/wp-json\/wp\/v2\/types\/page"}],"author":[{"embeddable":true,"href":"https:\/\/www.defender-byrna.si\/sk\/wp-json\/wp\/v2\/users\/1"}],"replies":[{"embeddable":true,"href":"https:\/\/www.defender-byrna.si\/sk\/wp-json\/wp\/v2\/comments?post=1759"}],"version-history":[{"count":7,"href":"https:\/\/www.defender-byrna.si\/sk\/wp-json\/wp\/v2\/pages\/1759\/revisions"}],"predecessor-version":[{"id":1968,"href":"https:\/\/www.defender-byrna.si\/sk\/wp-json\/wp\/v2\/pages\/1759\/revisions\/1968"}],"wp:attachment":[{"href":"https:\/\/www.defender-byrna.si\/sk\/wp-json\/wp\/v2\/media?parent=1759"}],"curies":[{"name":"wp","href":"https:\/\/api.w.org\/{rel}","templated":true}]}}