{"id":2099,"date":"2024-05-29T16:20:48","date_gmt":"2024-05-29T14:20:48","guid":{"rendered":"https:\/\/www.defender-byrna.si\/?post_type=product&#038;p=2099"},"modified":"2024-05-29T16:39:55","modified_gmt":"2024-05-29T14:39:55","slug":"tactical-naylon-holster","status":"publish","type":"product","link":"https:\/\/www.defender-byrna.si\/ro\/produs\/tactical-naylon-holster\/","title":{"rendered":"TOC TACTIC NAYLON HOLSTER"},"content":{"rendered":"","protected":false},"excerpt":{"rendered":"<p><strong>*Compatibil cu lansatoarele Byrna SD, HD f\u0103r\u0103 niciun accesoriu sau cu un singur accesoriu instalat (lumin\u0103, laser sau adaptor Boost).<\/strong><\/p>\n<p><strong>Compatibil cu Byrna SD XL f\u0103r\u0103 accesorii montate pe \u0219in\u0103.<\/strong><\/p>\n<p><strong>*Nu se potrive\u0219te cu lansatoarele BYRNA SD XL, SD \u0219i HD cu adaptor Boost \u0219i un accesoriu montat pe \u0219in\u0103 instalat.<\/strong><\/p>\n<p>Holsterul nostru Byrna din nailon pentru centur\u0103 are un design u\u0219or \u0219i minimalist, care permite purtarea confortabil\u0103, ambidextr\u0103 \u0219i ambidextr\u0103 \u00een interiorul centurii (IWB) sau \u00een exteriorul centurii (OWB), toat\u0103 ziua. Profilul sub\u021bire \u0219i simplu, combinat cu un fund deschis la nivelul botului, ofer\u0103 un spa\u021biu amplu pentru o tragere u\u0219oar\u0103 \u0219i o fixare sigur\u0103. Poate fi folosit \u0219i pentru purtarea ascuns\u0103 \u00een interiorul hainelor.<\/p>\n<p>Lansatorul nu este inclus.<\/p>","protected":false},"featured_media":2100,"template":"","meta":[],"product_cat":[86],"product_tag":[],"class_list":{"0":"post-2099","1":"product","2":"type-product","3":"status-publish","4":"has-post-thumbnail","6":"product_cat-accessories","8":"first","9":"instock","10":"shipping-taxable","11":"purchasable","12":"product-type-simple"},"_links":{"self":[{"href":"https:\/\/www.defender-byrna.si\/ro\/wp-json\/wp\/v2\/product\/2099","targetHints":{"allow":["GET"]}}],"collection":[{"href":"https:\/\/www.defender-byrna.si\/ro\/wp-json\/wp\/v2\/product"}],"about":[{"href":"https:\/\/www.defender-byrna.si\/ro\/wp-json\/wp\/v2\/types\/product"}],"wp:featuredmedia":[{"embeddable":true,"href":"https:\/\/www.defender-byrna.si\/ro\/wp-json\/wp\/v2\/media\/2100"}],"wp:attachment":[{"href":"https:\/\/www.defender-byrna.si\/ro\/wp-json\/wp\/v2\/media?parent=2099"}],"wp:term":[{"taxonomy":"product_cat","embeddable":true,"href":"https:\/\/www.defender-byrna.si\/ro\/wp-json\/wp\/v2\/product_cat?post=2099"},{"taxonomy":"product_tag","embeddable":true,"href":"https:\/\/www.defender-byrna.si\/ro\/wp-json\/wp\/v2\/product_tag?post=2099"}],"curies":[{"name":"wp","href":"https:\/\/api.w.org\/{rel}","templated":true}]}}