{"id":2096,"date":"2024-05-29T15:24:12","date_gmt":"2024-05-29T13:24:12","guid":{"rendered":"https:\/\/www.defender-byrna.si\/?post_type=product&#038;p=2096"},"modified":"2024-06-05T11:58:44","modified_gmt":"2024-06-05T09:58:44","slug":"byrna-hd-pepper-kit","status":"publish","type":"product","link":"https:\/\/www.defender-byrna.si\/ro\/produs\/byrna-hd-pepper-kit\/","title":{"rendered":"KIT DE PIPER BYRNA HD"},"content":{"rendered":"","protected":false},"excerpt":{"rendered":"<p class=\"para-17\">Byrna HD este proiectat pentru o performan\u021b\u0103 optim\u0103. Alimentat cu aer comprimat (CO2), Byrna HD trage cu proiectile cinetice \u0219i\/sau cu piper de calibru .68. Este o arm\u0103 de autoap\u0103rare incredibil de puternic\u0103 \u0219i neletal\u0103, folosit\u0103 de mii de utilizatori mul\u021bumi\u021bi, de la popula\u021bia civil\u0103 p\u00e2n\u0103 la companiile de securitate \u0219i for\u021bele de ordine.<\/p>\n<div class=\"rich-text w-richtext\">\n<p>Alimentat de un cartu\u0219 de CO2 de 8 g, Byrna HD trage proiectile chimice cu piper\/incapacitante de calibrul .68, dezvoltate pentru a \u00eencetini sau neutraliza o amenin\u021bare la o distan\u021b\u0103 de p\u00e2n\u0103 la 20 de metri, dar poate trage, de asemenea, proiectile kinetice (polimer dur) sau Eco\/Pro-Kinetice pentru antrenament sau ap\u0103rare.<\/p>\n<p>Caracteristici ale kitului Byrna HD Pepper:<\/p>\n<ul role=\"list\">\n<li>Viteza proiectilului de p\u00e2n\u0103 la 95 m\/s<\/li>\n<li>Mecanism unic de declan\u0219are - la prima \u00eempu\u0219c\u0103tur\u0103, \u00een acela\u0219i timp str\u0103punge cartu\u0219ul \u0219i lanseaz\u0103 proiectilele - Proiectare patentat\u0103 de c\u0103tre\u00a0<em>Byrna Technologies<\/em><\/li>\n<li>13 Jouli de putere<\/li>\n<li>Precizie p\u00e2n\u0103 la 20 de metri<\/li>\n<li>20 de \u00eempu\u0219c\u0103turi pe un cartu\u0219 de 8 g<\/li>\n<li>M\u00e2ner ergonomic pentru un control mai bun \u00een orice condi\u021bii<\/li>\n<li>Obiective pentru o achizi\u021bie mai rapid\u0103 a \u021bintei<\/li>\n<li>Ap\u0103sare lin\u0103 a tr\u0103gaciului<\/li>\n<li>\u00centrerup\u0103tor ambidextru pentru siguran\u021b\u0103\/aprindere care permite comutarea u\u0219oar\u0103 at\u00e2t pentru st\u00e2ngaci, c\u00e2t \u0219i pentru dreptaci<\/li>\n<li>Garan\u021bie de 2 ani (posibil \u0219i\u00a0<em>Garan\u021bie pe via\u021b\u0103<\/em>)<\/li>\n<\/ul>\n<p>Kitul nostru Byrna HD Kinetic Kit este livrat \u00eentr-o hus\u0103 de protec\u021bie cu fermoar, cu tot ce ave\u021bi nevoie pentru a \u00eencepe:<\/p>\n<ul role=\"list\">\n<li>Un (1) Byrna HD Launcher<\/li>\n<li>Dou\u0103 (2) \u00eenc\u0103rc\u0103toare cu 5 cartu\u0219e<\/li>\n<li>Dou\u0103 (2) butelii de CO2 Byrna de 8 grame<\/li>\n<li>Un (1) tub cu 5 cartu\u0219e de proiectile cinetice Byrna Kinetic Projectile<\/li>\n<li>Un (1) tub de 5 cartu\u0219e de proiectile Byrna Pro-Kinetic Projectile<\/li>\n<li>Un (1) tub de 5 cartu\u0219e de proiectile Byrna Pepper Projectile<\/li>\n<li><\/li>\n<\/ul>\n<\/div>","protected":false},"featured_media":2062,"template":"","meta":[],"product_cat":[84],"product_tag":[],"class_list":{"0":"post-2096","1":"product","2":"type-product","3":"status-publish","4":"has-post-thumbnail","6":"product_cat-byrna-launcher","8":"first","9":"instock","10":"featured","11":"shipping-taxable","12":"product-type-variable"},"_links":{"self":[{"href":"https:\/\/www.defender-byrna.si\/ro\/wp-json\/wp\/v2\/product\/2096","targetHints":{"allow":["GET"]}}],"collection":[{"href":"https:\/\/www.defender-byrna.si\/ro\/wp-json\/wp\/v2\/product"}],"about":[{"href":"https:\/\/www.defender-byrna.si\/ro\/wp-json\/wp\/v2\/types\/product"}],"wp:featuredmedia":[{"embeddable":true,"href":"https:\/\/www.defender-byrna.si\/ro\/wp-json\/wp\/v2\/media\/2062"}],"wp:attachment":[{"href":"https:\/\/www.defender-byrna.si\/ro\/wp-json\/wp\/v2\/media?parent=2096"}],"wp:term":[{"taxonomy":"product_cat","embeddable":true,"href":"https:\/\/www.defender-byrna.si\/ro\/wp-json\/wp\/v2\/product_cat?post=2096"},{"taxonomy":"product_tag","embeddable":true,"href":"https:\/\/www.defender-byrna.si\/ro\/wp-json\/wp\/v2\/product_tag?post=2096"}],"curies":[{"name":"wp","href":"https:\/\/api.w.org\/{rel}","templated":true}]}}