{"id":2070,"date":"2024-05-14T11:31:35","date_gmt":"2024-05-14T09:31:35","guid":{"rendered":"https:\/\/www.defender-byrna.si\/?post_type=product&#038;p=2070"},"modified":"2024-05-14T15:23:15","modified_gmt":"2024-05-14T13:23:15","slug":"byrna-12-gauge-kinetic-ammo","status":"publish","type":"product","link":"https:\/\/www.defender-byrna.si\/ro\/produs\/byrna-12-gauge-kinetic-ammo\/","title":{"rendered":"BYRNA 12 GAUGE Kinetic Ammo 12 GAUGE Kinetic Ammo"},"content":{"rendered":"<p><strong>Less-Lethal 12 Gauge Round Caracteristici:<\/strong><\/p>\n<div class=\"flexBox\">\n<div class=\"flexDescrip\">\n<ul>\n<li style=\"list-style-type: none\">\n<ul>\n<li>\u00cenveli\u0219 \u0219i vat\u0103 personalizate pentru a asigura alinierea corect\u0103 a \u021bevii la ie\u0219irea din \u021beav\u0103.<\/li>\n<\/ul>\n<\/li>\n<\/ul>\n<ul>\n<li style=\"list-style-type: none\">\n<ul>\n<li>Liniile de separare, grosimea variabil\u0103 a peretelui \u0219i sudarea sonic\u0103 asigur\u0103 c\u0103 proiectilul este rezistent, dar frangibil (aplicabil \u00eenc\u0103rc\u0103turilor utile).<\/li>\n<\/ul>\n<\/li>\n<\/ul>\n<ul>\n<li style=\"list-style-type: none\">\n<ul>\n<li>Tehnologia patentat\u0103 Fin-Tailed permite o precizie de p\u00e2n\u0103 la 100 de picioare.<\/li>\n<\/ul>\n<\/li>\n<\/ul>\n<p>F\u0103r\u0103 praf de pu\u0219c\u0103 \u00eenseamn\u0103 c\u0103 desc\u0103rcarea este de 16 ori mai silen\u021bioas\u0103 dec\u00e2t un cartu\u0219 standard.<\/p>\n<p>&nbsp;<\/p>\n<p><b>Gloan\u021bele Kinetic de calibru 12 nu con\u021bin \u00eenc\u0103rc\u0103tur\u0103 chimic\u0103.<\/b><\/p>\n<p><b>V\u0103 rug\u0103m s\u0103 re\u021bine\u021bi c\u0103 toate v\u00e2nz\u0103rile 12 Gauge sunt finale \u0219i, prin urmare, nu sunt eligibile pentru returnare<\/b><\/p>\n<ul>\n<li style=\"list-style-type: none\"><\/li>\n<\/ul>\n<p><b>Gloan\u021bele de calibru 12 nu vor activa o pu\u0219c\u0103 semi-automat\u0103 deoarece nu con\u021bin praf de pu\u0219c\u0103, dar pot fi activate manual \u0219i trase prin majoritatea pu\u0219tilor semi-automate.<\/b><\/p>\n<p><em>Livrat f\u0103r\u0103 grund!<\/em><\/p>\n<\/div>\n<\/div>","protected":false},"excerpt":{"rendered":"<p>Byrna 12 Gauge-Kinetic.<\/p>\n<p>Pentru to\u021bi iubitorii no\u0219tri de pu\u0219ti!<\/p>","protected":false},"featured_media":2075,"template":"","meta":[],"product_cat":[85],"product_tag":[],"class_list":{"0":"post-2070","1":"product","2":"type-product","3":"status-publish","4":"has-post-thumbnail","6":"product_cat-projectiles","8":"first","9":"instock","10":"shipping-taxable","11":"purchasable","12":"product-type-simple"},"_links":{"self":[{"href":"https:\/\/www.defender-byrna.si\/ro\/wp-json\/wp\/v2\/product\/2070","targetHints":{"allow":["GET"]}}],"collection":[{"href":"https:\/\/www.defender-byrna.si\/ro\/wp-json\/wp\/v2\/product"}],"about":[{"href":"https:\/\/www.defender-byrna.si\/ro\/wp-json\/wp\/v2\/types\/product"}],"wp:featuredmedia":[{"embeddable":true,"href":"https:\/\/www.defender-byrna.si\/ro\/wp-json\/wp\/v2\/media\/2075"}],"wp:attachment":[{"href":"https:\/\/www.defender-byrna.si\/ro\/wp-json\/wp\/v2\/media?parent=2070"}],"wp:term":[{"taxonomy":"product_cat","embeddable":true,"href":"https:\/\/www.defender-byrna.si\/ro\/wp-json\/wp\/v2\/product_cat?post=2070"},{"taxonomy":"product_tag","embeddable":true,"href":"https:\/\/www.defender-byrna.si\/ro\/wp-json\/wp\/v2\/product_tag?post=2070"}],"curies":[{"name":"wp","href":"https:\/\/api.w.org\/{rel}","templated":true}]}}