{"id":1898,"date":"2023-07-26T10:52:54","date_gmt":"2023-07-26T08:52:54","guid":{"rendered":"https:\/\/www.defender-byrna.si\/?post_type=product&#038;p=1898"},"modified":"2025-02-08T22:07:12","modified_gmt":"2025-02-08T21:07:12","slug":"byrna-tcr-pro-bundle-kit","status":"publish","type":"product","link":"https:\/\/www.defender-byrna.si\/ro\/produs\/byrna-tcr-pro-bundle-kit\/","title":{"rendered":"Byrna TCR Pro Bundle Kit"},"content":{"rendered":"<p><strong><a href=\"https:\/\/www.defender-byrna.si\/wp-content\/uploads\/2023\/07\/Byrna_TCR_Manual_012522.pdf\" style=\"color: black\">BYRNA TCR MANUAL DE UTILIZARE<\/a><\/strong><\/p>","protected":false},"excerpt":{"rendered":"<p><strong>*CO2 \u0219i proiectilele nu sunt incluse \u00een pachetul TCR Bundle<\/strong><\/p>\n<p>Noua pu\u0219c\u0103 tactic\u0103 compact\u0103 sau TCR, este conceput\u0103 ca un lansator cu \u00eenc\u0103rc\u0103tur\u0103 magnetic\u0103 versatil \u0219i fiabil pentru ap\u0103rare la domiciliu \u0219i pentru uz recreativ. Proiectat\u0103 pentru a oferi un aspect compact militar, realist, u\u0219or de personalizat\/modernizat prin intermediul celor patru \u0219ine Picatinny standard. TCR-ul de \u00eenalt\u0103 performan\u021b\u0103 include, de asemenea, lunete fa\u021b\u0103 \u0219i spate pliabile, o m\u00e2ner frontal vertical \u0219i o \u021beav\u0103 de \u00eenalt\u0103 performan\u021b\u0103 de 11\". Noul TCR este livrat complet cu \u00eenc\u0103rc\u0103toare extinse cu 7 \u0219i 12 cartu\u0219e \u0219i o hus\u0103 de transport Fully Padded Carbine. TCR este cu adev\u0103rat cel mai versatil lansator less-letal cu \u00eenc\u0103rc\u0103tor disponibil \u00een prezent.<\/p>","protected":false},"featured_media":1899,"template":"","meta":[],"product_cat":[84],"product_tag":[],"class_list":{"0":"post-1898","1":"product","2":"type-product","3":"status-publish","4":"has-post-thumbnail","6":"product_cat-byrna-launcher","8":"first","9":"instock","10":"shipping-taxable","11":"purchasable","12":"product-type-variable"},"_links":{"self":[{"href":"https:\/\/www.defender-byrna.si\/ro\/wp-json\/wp\/v2\/product\/1898","targetHints":{"allow":["GET"]}}],"collection":[{"href":"https:\/\/www.defender-byrna.si\/ro\/wp-json\/wp\/v2\/product"}],"about":[{"href":"https:\/\/www.defender-byrna.si\/ro\/wp-json\/wp\/v2\/types\/product"}],"wp:featuredmedia":[{"embeddable":true,"href":"https:\/\/www.defender-byrna.si\/ro\/wp-json\/wp\/v2\/media\/1899"}],"wp:attachment":[{"href":"https:\/\/www.defender-byrna.si\/ro\/wp-json\/wp\/v2\/media?parent=1898"}],"wp:term":[{"taxonomy":"product_cat","embeddable":true,"href":"https:\/\/www.defender-byrna.si\/ro\/wp-json\/wp\/v2\/product_cat?post=1898"},{"taxonomy":"product_tag","embeddable":true,"href":"https:\/\/www.defender-byrna.si\/ro\/wp-json\/wp\/v2\/product_tag?post=1898"}],"curies":[{"name":"wp","href":"https:\/\/api.w.org\/{rel}","templated":true}]}}