{"id":1718,"date":"2023-05-08T17:46:04","date_gmt":"2023-05-08T15:46:04","guid":{"rendered":"https:\/\/defender.byrna-defense.com\/?post_type=product&#038;p=1718"},"modified":"2025-11-16T18:56:43","modified_gmt":"2025-11-16T17:56:43","slug":"byrna-foldable-target-trap","status":"publish","type":"product","link":"https:\/\/www.defender-byrna.si\/ro\/produs\/byrna-foldable-target-trap\/","title":{"rendered":"CAPCAN\u0102 CU \u021aINT\u0102 PLIABIL\u0102 BYRNA"},"content":{"rendered":"<p>Nylon tafta cauciucat de \u00eenalt\u0103 calitate cu cadru din o\u021bel durabil<\/p>\n<p>Se deschide \u0219i se pliaz\u0103 \u00een c\u00e2teva secunde<\/p>\n<p>Plas\u0103 dubl\u0103 \u00eencorporat\u0103 pentru a reduce zgomotul \u0219i a ad\u0103uga putere de oprire suplimentar\u0103<\/p>\n<p>Designul cortului permite tr\u0103g\u0103torului s\u0103 prind\u0103 \u0219i s\u0103 colecteze proiectile cu u\u0219urin\u021b\u0103<\/p>\n<p>45.72cm x 45.72cm x 48.26cm dimensiune deschis\u0103, 30.48cm diametru dup\u0103 ce a fost pliat \u00een punga de transport<\/p>\n<p>Hus\u0103 de c\u0103l\u0103torie inclus\u0103 pentru transport u\u0219or<\/p>","protected":false},"excerpt":{"rendered":"<p>High quality rubberized taffeta nylon with durable steel frame Open and folds in seconds Built-in double net to reduce noise and add additional stopping power Tent designs allows shooter to [&hellip;]<\/p>","protected":false},"featured_media":1719,"template":"","meta":[],"product_cat":[86],"product_tag":[],"class_list":{"0":"post-1718","1":"product","2":"type-product","3":"status-publish","4":"has-post-thumbnail","6":"product_cat-accessories","8":"first","9":"instock","10":"shipping-taxable","11":"purchasable","12":"product-type-simple"},"_links":{"self":[{"href":"https:\/\/www.defender-byrna.si\/ro\/wp-json\/wp\/v2\/product\/1718","targetHints":{"allow":["GET"]}}],"collection":[{"href":"https:\/\/www.defender-byrna.si\/ro\/wp-json\/wp\/v2\/product"}],"about":[{"href":"https:\/\/www.defender-byrna.si\/ro\/wp-json\/wp\/v2\/types\/product"}],"wp:featuredmedia":[{"embeddable":true,"href":"https:\/\/www.defender-byrna.si\/ro\/wp-json\/wp\/v2\/media\/1719"}],"wp:attachment":[{"href":"https:\/\/www.defender-byrna.si\/ro\/wp-json\/wp\/v2\/media?parent=1718"}],"wp:term":[{"taxonomy":"product_cat","embeddable":true,"href":"https:\/\/www.defender-byrna.si\/ro\/wp-json\/wp\/v2\/product_cat?post=1718"},{"taxonomy":"product_tag","embeddable":true,"href":"https:\/\/www.defender-byrna.si\/ro\/wp-json\/wp\/v2\/product_tag?post=1718"}],"curies":[{"name":"wp","href":"https:\/\/api.w.org\/{rel}","templated":true}]}}