{"id":1714,"date":"2023-05-08T17:44:38","date_gmt":"2023-05-08T15:44:38","guid":{"rendered":"https:\/\/defender.byrna-defense.com\/?post_type=product&#038;p=1714"},"modified":"2023-05-08T17:45:17","modified_gmt":"2023-05-08T15:45:17","slug":"byrna-magazine-carrier","status":"publish","type":"product","link":"https:\/\/www.defender-byrna.si\/ro\/produs\/byrna-magazine-carrier\/","title":{"rendered":"PURT\u0102TOR DE REVISTE BYRNA"},"content":{"rendered":"<p>Suportul pentru \u00eenc\u0103rc\u0103tor Byrna este complet reglabil \u0219i va \u021bine \u00een siguran\u021b\u0103 \u00eenc\u0103rc\u0103torul Byrna de rezerv\u0103 pe talie sau \u00een buzunar. Poate fi purtat \u00een interiorul sau \u00een afara centurii, cu reten\u021bie reglabil\u0103. Toate marginile sunt netede \u0219i lustruite.<\/p>","protected":false},"excerpt":{"rendered":"<p>The Byrna Magazine Carrier is fully adjustable and will securely hold your spare Byrna magazine on your waist or in your pocket. Can be worn inside or outside waistband with [&hellip;]<\/p>","protected":false},"featured_media":1715,"template":"","meta":[],"product_cat":[86],"product_tag":[],"class_list":{"0":"post-1714","1":"product","2":"type-product","3":"status-publish","4":"has-post-thumbnail","6":"product_cat-accessories","8":"first","9":"instock","10":"shipping-taxable","11":"purchasable","12":"product-type-simple"},"_links":{"self":[{"href":"https:\/\/www.defender-byrna.si\/ro\/wp-json\/wp\/v2\/product\/1714","targetHints":{"allow":["GET"]}}],"collection":[{"href":"https:\/\/www.defender-byrna.si\/ro\/wp-json\/wp\/v2\/product"}],"about":[{"href":"https:\/\/www.defender-byrna.si\/ro\/wp-json\/wp\/v2\/types\/product"}],"wp:featuredmedia":[{"embeddable":true,"href":"https:\/\/www.defender-byrna.si\/ro\/wp-json\/wp\/v2\/media\/1715"}],"wp:attachment":[{"href":"https:\/\/www.defender-byrna.si\/ro\/wp-json\/wp\/v2\/media?parent=1714"}],"wp:term":[{"taxonomy":"product_cat","embeddable":true,"href":"https:\/\/www.defender-byrna.si\/ro\/wp-json\/wp\/v2\/product_cat?post=1714"},{"taxonomy":"product_tag","embeddable":true,"href":"https:\/\/www.defender-byrna.si\/ro\/wp-json\/wp\/v2\/product_tag?post=1714"}],"curies":[{"name":"wp","href":"https:\/\/api.w.org\/{rel}","templated":true}]}}