{"id":1627,"date":"2023-05-08T16:45:10","date_gmt":"2023-05-08T14:45:10","guid":{"rendered":"https:\/\/defender.byrna-defense.com\/?post_type=product&#038;p=1627"},"modified":"2023-11-19T12:22:25","modified_gmt":"2023-11-19T11:22:25","slug":"byrna-pepper-projectiles-5ct","status":"publish","type":"product","link":"https:\/\/www.defender-byrna.si\/ro\/produs\/byrna-pepper-projectiles-5ct\/","title":{"rendered":"PROIECTILE CU PIPER BYRNA (5CT)"},"content":{"rendered":"<p class=\"para-17\">Proiectilele cu piper Byrna con\u021bin un amestec de Oleoresin Capsicum (OC) + PAVA, ceea ce le face unul dintre cele mai puternice proiectile cu piper de pe pia\u021b\u0103.<\/p>\n<div class=\"rich-text w-richtext\">\n<p><strong>Efecte fizice:<\/strong><\/p>\n<ul role=\"list\">\n<li>Arsur\u0103 \u00een g\u00e2t<\/li>\n<li>Wheezing<\/li>\n<li>Gasping<\/li>\n<li>Tuse uscat\u0103<\/li>\n<li>Dificult\u0103\u021bi de respira\u021bie<\/li>\n<li>Gagging<\/li>\n<li>Incapacitatea de a respira<\/li>\n<\/ul>\n<p>Cre\u0219te\u021bi-v\u0103 \u00eencrederea \u00een sine, men\u021bin\u00e2ndu-v\u0103 \u00een siguran\u021b\u0103 pe dumneavoastr\u0103 \u0219i familia dumneavoastr\u0103.<\/p>\n<\/div>","protected":false},"excerpt":{"rendered":"<p>Byrna Pepper Projectiles contain a blend of Oleoresin Capsicum (OC) + PAVA making it one of the most powerful pepper projectiles on the market. Physical effects: Burning in throat Wheezing [&hellip;]<\/p>","protected":false},"featured_media":1628,"template":"","meta":[],"product_cat":[85],"product_tag":[],"class_list":{"0":"post-1627","1":"product","2":"type-product","3":"status-publish","4":"has-post-thumbnail","6":"product_cat-projectiles","8":"first","9":"instock","10":"shipping-taxable","11":"product-type-external"},"_links":{"self":[{"href":"https:\/\/www.defender-byrna.si\/ro\/wp-json\/wp\/v2\/product\/1627","targetHints":{"allow":["GET"]}}],"collection":[{"href":"https:\/\/www.defender-byrna.si\/ro\/wp-json\/wp\/v2\/product"}],"about":[{"href":"https:\/\/www.defender-byrna.si\/ro\/wp-json\/wp\/v2\/types\/product"}],"wp:featuredmedia":[{"embeddable":true,"href":"https:\/\/www.defender-byrna.si\/ro\/wp-json\/wp\/v2\/media\/1628"}],"wp:attachment":[{"href":"https:\/\/www.defender-byrna.si\/ro\/wp-json\/wp\/v2\/media?parent=1627"}],"wp:term":[{"taxonomy":"product_cat","embeddable":true,"href":"https:\/\/www.defender-byrna.si\/ro\/wp-json\/wp\/v2\/product_cat?post=1627"},{"taxonomy":"product_tag","embeddable":true,"href":"https:\/\/www.defender-byrna.si\/ro\/wp-json\/wp\/v2\/product_tag?post=1627"}],"curies":[{"name":"wp","href":"https:\/\/api.w.org\/{rel}","templated":true}]}}