{"id":1875,"date":"2023-06-30T10:31:32","date_gmt":"2023-06-30T08:31:32","guid":{"rendered":"https:\/\/defender.byrna-defense.com\/?page_id=1875"},"modified":"2023-06-30T10:31:34","modified_gmt":"2023-06-30T08:31:34","slug":"warranty","status":"publish","type":"page","link":"https:\/\/www.defender-byrna.si\/ro\/warranty\/","title":{"rendered":"Garan\u021bie"},"content":{"rendered":"<p><strong>GARAN\u021aIE LIMITAT\u0102 DIN FABRIC\u0102<\/strong><\/p><p>\u200d<\/p><p>Dispozitivul de securitate personal\u0103 Byrna HD\/SD este garantat de Defender d.o.o., exclusiv c\u0103tre utilizatorul final, pentru a fi livrat f\u0103r\u0103 defecte de fabric\u0103 \u00een ceea ce prive\u0219te materialele \u0219i manopera pentru o perioad\u0103 de doi ani de la data achizi\u021biei originale. Pentru a ob\u021bine acoperirea garan\u021biei, titularul garan\u021biei trebuie (i) s\u0103 furnizeze dovada achizi\u021biei originale \u0219i (ii) dispozitivul defect trebuie s\u0103 fie ambalat \u00een siguran\u021b\u0103 \u0219i expediat \u00eenainte de expirarea perioadei de garan\u021bie la centrul de service desemnat de Defender d.o.o. \u00een conformitate cu instruc\u021biunile furnizate cu Autoriza\u021bia de returnare a m\u0103rfii. Solu\u021bia cump\u0103r\u0103torului \u00een temeiul acestei garan\u021bii se limiteaz\u0103, la alegerea exclusiv\u0103 a Defender, la rambursarea sau creditarea cump\u0103r\u0103torului cu pre\u021bul v sau \u00eenlocuirea dispozitivului defect sau a altui produs.<\/p><p>\u200d<\/p><p><strong>GARAN\u021aIE NELIMITAT\u0102 DIN FABRIC\u0102<\/strong><\/p><p><\/p><p>Dispozitivul de securitate personal\u0103 Byrna HD\/SD este garantat de Defender d.o.o., exclusiv c\u0103tre utilizatorul final, pentru a fi livrat f\u0103r\u0103 defecte de fabrica\u021bie \u00een ceea ce prive\u0219te materialele \u0219i manopera pentru o perioad\u0103 de o via\u021b\u0103 de la data achizi\u021biei originale. Pentru a ob\u021bine acoperirea garan\u021biei, titularul garan\u021biei trebuie (i) s\u0103 furnizeze dovada achizi\u021biei originale \u0219i (ii) dispozitivul defect trebuie s\u0103 fie ambalat \u00een siguran\u021b\u0103 \u0219i expediat \u00eenainte de expirarea perioadei de garan\u021bie la centrul de service desemnat de Defender d.o.o. \u00een conformitate cu instruc\u021biunile furnizate cu Autoriza\u021bia de returnare a m\u0103rfii. Solu\u021bia cump\u0103r\u0103torului \u00een temeiul acestei garan\u021bii se limiteaz\u0103, la alegerea exclusiv\u0103 a Defender, la rambursarea sau creditarea cump\u0103r\u0103torului cu pre\u021bul v sau \u00eenlocuirea dispozitivului defect sau a altui produs.<\/p><p>\u200d<\/p><p><strong>EXCLUSIVITATEA GARAN\u021aIEI \u0218I LIMITAREA C\u0102ILOR DE ATAC<\/strong><\/p><p>\u200d<\/p><p>Solu\u021bia prev\u0103zut\u0103 mai sus este solu\u021bia exclusiv\u0103 pentru \u00eenc\u0103lcarea garan\u021biei de mai sus. Cu excep\u021bia garan\u021biei limitate stabilite \u00een mod expres mai sus, Defender nu ofer\u0103 nicio garan\u021bie sau reprezentare expres\u0103 sau implicit\u0103 cu privire la niciun produs Byrna, inclusiv nicio garan\u021bie de vandabilitate, garan\u021bie de adecvare la un anumit scop sau garan\u021bie \u00eempotriva \u00eenc\u0103lc\u0103rii drepturilor de proprietate intelectual\u0103 ale unui ter\u021b. Cump\u0103r\u0103torilor \u0219i proprietarilor le este interzis s\u0103 ofere orice garan\u021bie sau s\u0103 fac\u0103 orice declara\u021bie cu privire la orice produs Byrna care nu este \u00een concordan\u021b\u0103 cu garan\u021bia expres\u0103 \u0219i limitat\u0103 a fabricii stabilit\u0103 mai sus.<\/p><p>\u200d<\/p><p><strong>UTILIZ\u0102RI INTERZISE, MODIFICARE, ANULAREA GARAN\u021aIEI<\/strong><\/p><p>\u200d<\/p><p>Proprietarii nu trebuie s\u0103 \u00eencerce s\u0103 demonteze sau s\u0103 repare Byrna HD\/SD sau s\u0103 \u00eel utilizeze cu accesorii, proiectile sau cartu\u0219e de gaz neautorizate sau incompatibile. Orice modificare, abuz, utilizare necorespunz\u0103toare, neglijare sau \u00eencercare de a dezasambla dispozitivul sau de a utiliza sau instala orice produs neaprobat al unei ter\u021be p\u0103r\u021bi poate anula garan\u021bia. De asemenea, garan\u021bia poate fi anulat\u0103 dac\u0103 Byrna sau orice accesoriu sau alt produs este manipulat, depozitat sau expediat necorespunz\u0103tor.<\/p><p>\u200d<\/p><p><strong>ASUMAREA RISCURILOR DE C\u0102TRE UTILIZATORUL FINAL<\/strong><\/p><p>\u200d<\/p><p>\u00cenainte de utilizare, utilizatorul trebuie s\u0103 determine caracterul adecvat al produsului pentru utilizarea prev\u0103zut\u0103, s\u0103 citeasc\u0103 \u0219i s\u0103 \u00een\u021beleag\u0103 toate instruc\u021biunile, avertismentele \u0219i considera\u021biile de siguran\u021b\u0103 furnizate \u00een acest manual, s\u0103 ia toate m\u0103surile de precau\u021bie rezonabile pentru a asigura utilizarea sa \u00een siguran\u021b\u0103 \u0219i s\u0103 \u00ee\u0219i asume toate riscurile \u0219i responsabilit\u0103\u021bile legate de achizi\u021bionarea, de\u021binerea \u0219i desc\u0103rcarea Byrna. Defender nu va avea nicio r\u0103spundere \u0219i nu \u00ee\u0219i va asuma nicio obliga\u021bie fa\u021b\u0103 de cump\u0103r\u0103torul oric\u0103rui dispozitiv Byrna sau fa\u021b\u0103 de orice ter\u021b\u0103 parte pentru orice daune speciale, necompensatorii, indirecte, accidentale, legale sau de alt\u0103 natur\u0103, inclusiv, f\u0103r\u0103 limitare, daune punitive, pierderi de profit, pierderi de oportunit\u0103\u021bi, pierderi de venituri, pierderi de consor\u021biu sau alte daune, pierderi sau v\u0103t\u0103m\u0103ri de orice natur\u0103, indiferent de forma de ac\u021biune \u0219i indiferent dac\u0103 se \u00eentemeiaz\u0103 pe contract, neglijen\u021b\u0103, r\u0103spundere legal\u0103 sau de drept comun, sau \u00een alt mod, cunoscute sau necunoscute, chiar dac\u0103 sunt previzibile sau explicit informate, \u00een orice sum\u0103 mai mare dec\u00e2t sumele pl\u0103tite de cump\u0103r\u0103tor c\u0103tre Defender pentru produse, cu excep\u021bia cazului \u00een care se datoreaz\u0103 neglijen\u021bei grave sau abaterii inten\u021bionate a Defender. Limit\u0103rile prev\u0103zute mai sus vor fi considerate a se aplica \u00een m\u0103sura maxim\u0103 permis\u0103 de legea aplicabil\u0103 \u0219i \u00een pofida e\u0219ecului scopului esen\u021bial al oric\u0103ror remedii limitate. Orice cump\u0103r\u0103tor care nu este de acord cu aceast\u0103 asumare a riscului poate returna produsele achizi\u021bionate, \u00een ambalajul original, neutilizate \u0219i \u00een starea ini\u021bial\u0103, \u00een termen de 7 zile de la achizi\u021bionare.<\/p><p>\u200d<\/p>","protected":false},"excerpt":{"rendered":"<p>LIMITED FACTORY WARRANTY \u200d The Byrna HD\/SD personal security device is warranted by Defender d.o.o., solely to the end user, to be delivered free from factory defects in materials and [&hellip;]<\/p>","protected":false},"author":1,"featured_media":0,"parent":0,"menu_order":0,"comment_status":"closed","ping_status":"closed","template":"","meta":{"footnotes":""},"class_list":["post-1875","page","type-page","status-publish","hentry"],"_links":{"self":[{"href":"https:\/\/www.defender-byrna.si\/ro\/wp-json\/wp\/v2\/pages\/1875","targetHints":{"allow":["GET"]}}],"collection":[{"href":"https:\/\/www.defender-byrna.si\/ro\/wp-json\/wp\/v2\/pages"}],"about":[{"href":"https:\/\/www.defender-byrna.si\/ro\/wp-json\/wp\/v2\/types\/page"}],"author":[{"embeddable":true,"href":"https:\/\/www.defender-byrna.si\/ro\/wp-json\/wp\/v2\/users\/1"}],"replies":[{"embeddable":true,"href":"https:\/\/www.defender-byrna.si\/ro\/wp-json\/wp\/v2\/comments?post=1875"}],"version-history":[{"count":1,"href":"https:\/\/www.defender-byrna.si\/ro\/wp-json\/wp\/v2\/pages\/1875\/revisions"}],"predecessor-version":[{"id":1877,"href":"https:\/\/www.defender-byrna.si\/ro\/wp-json\/wp\/v2\/pages\/1875\/revisions\/1877"}],"wp:attachment":[{"href":"https:\/\/www.defender-byrna.si\/ro\/wp-json\/wp\/v2\/media?parent=1875"}],"curies":[{"name":"wp","href":"https:\/\/api.w.org\/{rel}","templated":true}]}}