{"id":1871,"date":"2023-06-30T10:28:13","date_gmt":"2023-06-30T08:28:13","guid":{"rendered":"https:\/\/defender.byrna-defense.com\/?page_id=1871"},"modified":"2023-06-30T10:28:25","modified_gmt":"2023-06-30T08:28:25","slug":"privacy-policy-2","status":"publish","type":"page","link":"https:\/\/www.defender-byrna.si\/ro\/privacy-policy-2\/","title":{"rendered":"Politica de confiden\u021bialitate"},"content":{"rendered":"<p>Aceast\u0103 politic\u0103 de confiden\u021bialitate descrie modul \u00een care sunt colectate, utilizate \u0219i partajate informa\u021biile dvs. personale atunci c\u00e2nd vizita\u021bi sau face\u021bi o achizi\u021bie pe www.defender-byrna.eu.<\/p><p>\u200d<\/p><p><strong>INFORMA\u021aII PERSONALE PE CARE LE COLECT\u0102M<\/strong><\/p><p>\u200d<\/p><p>Atunci c\u00e2nd vizita\u021bi site-ul, colect\u0103m automat anumite informa\u021bii despre dispozitivul dumneavoastr\u0103, inclusiv informa\u021bii despre browserul dumneavoastr\u0103 web, adresa IP, fusul orar \u0219i unele dintre cookie-urile instalate pe dispozitivul dumneavoastr\u0103. \u00cen plus, pe m\u0103sur\u0103 ce naviga\u021bi pe site, colect\u0103m informa\u021bii despre paginile web individuale sau produsele pe care le vizualiza\u021bi, ce site-uri web sau termeni de c\u0103utare v-au trimis pe site \u0219i informa\u021bii despre modul \u00een care interac\u021biona\u021bi cu site-ul. Ne referim la aceste informa\u021bii colectate \u00een mod automat drept \"Informa\u021bii despre dispozitiv\".<\/p><p>\u200d<\/p><p>Colect\u0103m informa\u021bii despre dispozitiv utiliz\u00e2nd urm\u0103toarele tehnologii<\/p><p>\u200d<br>- \"Fi\u0219ierele jurnal\" urm\u0103resc ac\u021biunile care au loc pe site \u0219i colecteaz\u0103 date, inclusiv adresa IP, tipul de browser, furnizorul de servicii de internet, paginile de trimitere\/ie\u0219ire \u0219i \u0219tampilele de dat\u0103\/ora.<br>- \"Web beacons\", \"etichete\" \u0219i \"pixeli\" sunt fi\u0219iere electronice utilizate pentru a \u00eenregistra informa\u021bii despre modul \u00een care naviga\u021bi pe site.<\/p><p>\u200d<\/p><p>\u00cen plus, atunci c\u00e2nd efectua\u021bi o achizi\u021bie sau \u00eencerca\u021bi s\u0103 efectua\u021bi o achizi\u021bie prin intermediul site-ului, colect\u0103m anumite informa\u021bii de la dvs., inclusiv numele, adresa de facturare, adresa de expediere, informa\u021biile de plat\u0103, adresa de e-mail \u0219i num\u0103rul de telefon. Ne referim la aceste informa\u021bii ca fiind \"Informa\u021bii despre comand\u0103\".<\/p><p>C\u00e2nd vorbim despre \"Informa\u021bii personale\" \u00een aceast\u0103 Politic\u0103 de confiden\u021bialitate, ne referim at\u00e2t la informa\u021biile despre dispozitiv, c\u00e2t \u0219i la informa\u021biile despre comand\u0103.<\/p><p>\u200d<\/p><p><strong>CUM FOLOSIM INFORMA\u021aIILE DUMNEAVOASTR\u0102 PERSONALE?<\/strong><\/p><p>\u200d<\/p><p>Utiliz\u0103m informa\u021biile despre comenzi pe care le colect\u0103m \u00een general pentru a \u00eendeplini orice comand\u0103 plasat\u0103 prin intermediul site-ului (inclusiv pentru a procesa informa\u021biile de plat\u0103, pentru a aranja expedierea \u0219i pentru a v\u0103 furniza chitan\u021be prin e-mail, facturi \u0219i\/sau confirm\u0103ri de comand\u0103). \u00cen plus, folosim aceste Informa\u021bii despre comenzi pentru:<br>Comunica\u021bi cu dumneavoastr\u0103;<br>s\u0103 ne verific\u0103m comenzile pentru a detecta eventualele riscuri sau fraude; \u0219i<br>\u00cen conformitate cu preferin\u021bele pe care ni le-a\u021bi \u00eemp\u0103rt\u0103\u0219it, s\u0103 v\u0103 furniz\u0103m informa\u021bii sau publicitate referitoare la produsele sau serviciile noastre.<\/p><p>Utiliz\u0103m informa\u021biile despre dispozitiv pe care le colect\u0103m pentru a ne ajuta s\u0103 depist\u0103m poten\u021bialele riscuri \u0219i fraude (\u00een special adresa IP) \u0219i, \u00een general, pentru a \u00eembun\u0103t\u0103\u021bi \u0219i optimiza Site-ul nostru (de exemplu, prin generarea de analize despre modul \u00een care clien\u021bii no\u0219tri navigheaz\u0103 \u0219i interac\u021bioneaz\u0103 cu Site-ul \u0219i pentru a evalua succesul campaniilor noastre de marketing \u0219i publicitate).<\/p><p>\u200d<\/p><p><strong>PARTAJAREA INFORMA\u021aIILOR DUMNEAVOASTR\u0102 PERSONALE<\/strong><\/p><p>\u200d<\/p><p>\u00cemp\u0103rt\u0103\u0219im informa\u021biile dvs. personale cu ter\u021be p\u0103r\u021bi pentru a ne ajuta s\u0103 folosim informa\u021biile dvs. personale, a\u0219a cum este descris mai sus. De exemplu, folosim Google Analytics pentru a ne ajuta s\u0103 \u00een\u021belegem modul \u00een care clien\u021bii no\u0219tri utilizeaz\u0103 Site-ul - pute\u021bi citi mai multe despre modul \u00een care Google utilizeaz\u0103 informa\u021biile dvs. personale aici: https:\/\/www.google.com\/intl\/en\/policies\/privacy\/. De asemenea, pute\u021bi renun\u021ba la Google Analytics aici: https:\/\/tools.google.com\/dlpage\/gaoptout.<\/p><p>\u00cen cele din urm\u0103, putem, de asemenea, s\u0103 \u00eemp\u0103rt\u0103\u0219im informa\u021biile dvs. personale pentru a ne conforma legilor \u0219i reglement\u0103rilor aplicabile, pentru a r\u0103spunde la o cita\u021bie, mandat de perchezi\u021bie sau alt\u0103 solicitare legal\u0103 de informa\u021bii pe care le primim sau pentru a ne proteja \u00een alt mod drepturile.<\/p><p>\u200d<\/p><p><strong>NU URM\u0102RI\u021aI<\/strong><\/p><p>\u200d<\/p><p>V\u0103 rug\u0103m s\u0103 re\u021bine\u021bi c\u0103 nu modific\u0103m practicile de colectare \u0219i utilizare a datelor de pe site-ul nostru atunci c\u00e2nd vedem un semnal Do Not Track din partea browserului dumneavoastr\u0103.<\/p><p><strong>RE\u021aINEREA DATELOR<\/strong><\/p><p>\u200d<\/p><p>Atunci c\u00e2nd plasa\u021bi o comand\u0103 prin intermediul site-ului, vom p\u0103stra informa\u021biile privind comanda dumneavoastr\u0103 \u00een eviden\u021bele noastre, cu excep\u021bia cazului \u0219i p\u00e2n\u0103 c\u00e2nd ne solicita\u021bi s\u0103 \u0219tergem aceste informa\u021bii.<\/p><p>\u200d<\/p><p><strong>MINORI<\/strong><\/p><p>\u200d<\/p><p><strong>Site-ul nu este destinat persoanelor cu v\u00e2rsta sub 13 ani \u0219i nici o persoan\u0103 cu v\u00e2rsta sub 18 ani nu poate cump\u0103ra produse de pe acest site.<\/strong><\/p><p>\u200d<\/p><p><strong>SCHIMB\u0102RI<\/strong><\/p><p>\u200d<\/p><p>Este posibil s\u0103 actualiz\u0103m aceast\u0103 politic\u0103 de confiden\u021bialitate din c\u00e2nd \u00een c\u00e2nd pentru a reflecta, de exemplu, modific\u0103ri ale practicilor noastre sau din alte motive opera\u021bionale, legale sau de reglementare.<\/p><p>\u200d<\/p><p><strong>CONTACTA\u021aI-NE<\/strong><\/p><p>\u200d<\/p><p>Pentru mai multe informa\u021bii despre practicile noastre de confiden\u021bialitate, dac\u0103 ave\u021bi \u00eentreb\u0103ri sau dac\u0103 dori\u021bi s\u0103 face\u021bi o reclama\u021bie, v\u0103 rug\u0103m s\u0103 ne contacta\u021bi prin e-mail la info@defender-byrna.eu sau prin po\u0219t\u0103 folosind detaliile furnizate mai jos:<br>Defender d.o.o.<\/p><p>Radvanjska cesta 108<\/p><p>2000 Maribor<\/p><p>Slovenia<\/p><p>\u200d<\/p>","protected":false},"excerpt":{"rendered":"<p>This Privacy Policy describes how your personal information is collected, used, and shared when you visit or make a purchase on www.defender-byrna.eu. \u200d PERSONAL INFORMATION WE COLLECT \u200d When you [&hellip;]<\/p>","protected":false},"author":1,"featured_media":0,"parent":0,"menu_order":0,"comment_status":"closed","ping_status":"closed","template":"","meta":{"footnotes":""},"class_list":["post-1871","page","type-page","status-publish","hentry"],"_links":{"self":[{"href":"https:\/\/www.defender-byrna.si\/ro\/wp-json\/wp\/v2\/pages\/1871","targetHints":{"allow":["GET"]}}],"collection":[{"href":"https:\/\/www.defender-byrna.si\/ro\/wp-json\/wp\/v2\/pages"}],"about":[{"href":"https:\/\/www.defender-byrna.si\/ro\/wp-json\/wp\/v2\/types\/page"}],"author":[{"embeddable":true,"href":"https:\/\/www.defender-byrna.si\/ro\/wp-json\/wp\/v2\/users\/1"}],"replies":[{"embeddable":true,"href":"https:\/\/www.defender-byrna.si\/ro\/wp-json\/wp\/v2\/comments?post=1871"}],"version-history":[{"count":1,"href":"https:\/\/www.defender-byrna.si\/ro\/wp-json\/wp\/v2\/pages\/1871\/revisions"}],"predecessor-version":[{"id":1872,"href":"https:\/\/www.defender-byrna.si\/ro\/wp-json\/wp\/v2\/pages\/1871\/revisions\/1872"}],"wp:attachment":[{"href":"https:\/\/www.defender-byrna.si\/ro\/wp-json\/wp\/v2\/media?parent=1871"}],"curies":[{"name":"wp","href":"https:\/\/api.w.org\/{rel}","templated":true}]}}