{"id":2099,"date":"2024-05-29T16:20:48","date_gmt":"2024-05-29T14:20:48","guid":{"rendered":"https:\/\/www.defender-byrna.si\/?post_type=product&#038;p=2099"},"modified":"2024-05-29T16:39:55","modified_gmt":"2024-05-29T14:39:55","slug":"tactical-naylon-holster","status":"publish","type":"product","link":"https:\/\/www.defender-byrna.si\/lv\/products\/tactical-naylon-holster\/","title":{"rendered":"TAKTISKAIS NAILONA MAKSTS"},"content":{"rendered":"","protected":false},"excerpt":{"rendered":"<p><strong>*Sader\u012bgs ar Byrna SD, HD palaid\u0113jiem bez piederumiem vai tikai ar 1 uzst\u0101d\u012btu piederumu (gaismu, l\u0101zeru vai Boost adapteri).<\/strong><\/p>\n<p><strong>Sader\u012bgs ar Byrna SD XL bez piederumiem, kas nav piestiprin\u0101ti pie sliedes.<\/strong><\/p>\n<p><strong>*NEK\u013bAUS BYRNA SD XL, SD un HD palaid\u0113jiem ar Boost adapteri un uzst\u0101d\u012btu piederumu uz sliedes.<\/strong><\/p>\n<p>M\u016bsu Byrna neilona jostas somai ir viegls, minim\u0101lisma dizains, kas nodro\u0161ina \u0113rtu, abpus\u0113ji \u0113rtu n\u0113s\u0101\u0161anu jostas iek\u0161pus\u0113 (IWB) vai \u0101rpus jostas (OWB) visas dienas garum\u0101. Pl\u0101ns un vienk\u0101r\u0161s profils apvienojum\u0101 ar atv\u0113rtu priek\u0161gala apak\u0161da\u013cu nodro\u0161ina pietiekami daudz vietas stobr\u0101, kas atvieglo izvilk\u0161anu un dro\u0161u satv\u0113rienu. To var izmantot ar\u012b sl\u0113ptai n\u0113s\u0101\u0161anai ap\u0123\u0113rba iek\u0161pus\u0113.<\/p>\n<p>Palaid\u0113jier\u012bce nav iek\u013cauta komplekt\u0101.<\/p>","protected":false},"featured_media":2100,"template":"","meta":[],"product_cat":[86],"product_tag":[],"class_list":{"0":"post-2099","1":"product","2":"type-product","3":"status-publish","4":"has-post-thumbnail","6":"product_cat-accessories","8":"first","9":"instock","10":"shipping-taxable","11":"purchasable","12":"product-type-simple"},"_links":{"self":[{"href":"https:\/\/www.defender-byrna.si\/lv\/wp-json\/wp\/v2\/product\/2099","targetHints":{"allow":["GET"]}}],"collection":[{"href":"https:\/\/www.defender-byrna.si\/lv\/wp-json\/wp\/v2\/product"}],"about":[{"href":"https:\/\/www.defender-byrna.si\/lv\/wp-json\/wp\/v2\/types\/product"}],"wp:featuredmedia":[{"embeddable":true,"href":"https:\/\/www.defender-byrna.si\/lv\/wp-json\/wp\/v2\/media\/2100"}],"wp:attachment":[{"href":"https:\/\/www.defender-byrna.si\/lv\/wp-json\/wp\/v2\/media?parent=2099"}],"wp:term":[{"taxonomy":"product_cat","embeddable":true,"href":"https:\/\/www.defender-byrna.si\/lv\/wp-json\/wp\/v2\/product_cat?post=2099"},{"taxonomy":"product_tag","embeddable":true,"href":"https:\/\/www.defender-byrna.si\/lv\/wp-json\/wp\/v2\/product_tag?post=2099"}],"curies":[{"name":"wp","href":"https:\/\/api.w.org\/{rel}","templated":true}]}}