{"id":2096,"date":"2024-05-29T15:24:12","date_gmt":"2024-05-29T13:24:12","guid":{"rendered":"https:\/\/www.defender-byrna.si\/?post_type=product&#038;p=2096"},"modified":"2024-06-05T11:58:44","modified_gmt":"2024-06-05T09:58:44","slug":"byrna-hd-pepper-kit","status":"publish","type":"product","link":"https:\/\/www.defender-byrna.si\/lv\/products\/byrna-hd-pepper-kit\/","title":{"rendered":"BYRNA HD PIPARU KOMPLEKTS"},"content":{"rendered":"","protected":false},"excerpt":{"rendered":"<p class=\"para-17\">Byrna HD ir konstru\u0113ts optim\u0101lai veiktsp\u0113jai. Ar saspiestu gaisu (CO2) darbin\u0101mais Byrna HD \u0161\u0101vi\u0146\u0161 iz\u0161auj 68. kalibra kin\u0113tiskus un\/vai piparu \u0161\u0101vi\u0146us. Tas ir neticami jaud\u012bgs un n\u0101v\u0113jo\u0161s pa\u0161aizsardz\u012bbas ierocis, ko izmanto t\u016bksto\u0161iem apmierin\u0101tu lietot\u0101ju, s\u0101kot no civiliedz\u012bvot\u0101jiem l\u012bdz pat apsardzes uz\u0146\u0113mumiem un ties\u012bbaizsardz\u012bbas iest\u0101d\u0113m.<\/p>\n<div class=\"rich-text w-richtext\">\n<p>Ar 8 g CO2 patronu Byrna HD iz\u0161auj 68 kalibra \u0137\u012bmiskos piparu\/kapacit\u0113jo\u0161os \u0161\u0101vi\u0146us, kas izstr\u0101d\u0101ti, lai pal\u0113nin\u0101tu vai neitraliz\u0113tu apdraud\u0113jumu l\u012bdz 20 metru att\u0101lum\u0101, bet var ar\u012b \u0161aut kin\u0113tiskos (ciet\u0101 polim\u0113ra) vai eko\/prokin\u0113tiskos \u0161\u0101vi\u0146us apm\u0101c\u012bbai vai aizsardz\u012bbai.<\/p>\n<p>Byrna HD piparu komplekta \u012bpa\u0161\u012bbas:<\/p>\n<ul role=\"list\">\n<li>L\u012bdz 95 m\/s \u0161\u0101vi\u0146a \u0101trums<\/li>\n<li>Unik\u0101ls spr\u016bda meh\u0101nisms - ar pirmo \u0161\u0101vienu tas vienlaikus caurdur patronu un iz\u0161auj \u0161\u0101vi\u0146us - patent\u0113ta konstrukcija.\u00a0<em>Byrna Technologies<\/em><\/li>\n<li>13 d\u017eoulu jauda<\/li>\n<li>Prec\u012bzs l\u012bdz 20 metriem<\/li>\n<li>20 \u0161\u0101vieni vien\u0101 8 g patron\u0101<\/li>\n<li>Ergonomisks rokturis lab\u0101kai kontrolei jebkuros apst\u0101k\u013cos<\/li>\n<li>M\u0113r\u0137i \u0101tr\u0101kai m\u0113r\u0137a sasnieg\u0161anai<\/li>\n<li>Vienm\u0113r\u012bga spr\u016bda nospie\u0161ana<\/li>\n<li>Divpus\u0113ji lietojams dro\u0161ais\/izdedzes sl\u0113dzis, kas \u013cauj viegli p\u0101rsl\u0113gt gan kreis\u0101s, gan lab\u0101s rokas lietot\u0101jiem.<\/li>\n<li>2 gadu garantija (iesp\u0113jams ar\u012b\u00a0<em>M\u016b\u017ea garantija<\/em>)<\/li>\n<\/ul>\n<p>M\u016bsu Byrna HD kin\u0113tiskais komplekts ir ievietots aizsargv\u0101ci\u0146\u0101 ar r\u0101v\u0113jsl\u0113dz\u0113ju, kur\u0101 ir viss nepiecie\u0161amais, lai s\u0101ktu darbu:<\/p>\n<ul role=\"list\">\n<li>Viens (1) Byrna HD palaid\u0113js<\/li>\n<li>Divi (2) 5 patronu magaz\u012bni<\/li>\n<li>Divi (2) Byrna 8 gramu CO2 baloni<\/li>\n<li>Viens (1) 5 patronu cilindrs ar Byrna kin\u0113tiskajiem \u0161\u0101vi\u0146iem<\/li>\n<li>Viens (1) 5 patronu cilindrs ar Byrna Pro-Kinetic \u0161\u0101vi\u0146iem<\/li>\n<li>Viena (1) 5 patronu t\u016bbi\u0146a ar piparu \u0161\u0101vi\u0146iem Byrna Pepper<\/li>\n<li><\/li>\n<\/ul>\n<\/div>","protected":false},"featured_media":2062,"template":"","meta":[],"product_cat":[84],"product_tag":[],"class_list":{"0":"post-2096","1":"product","2":"type-product","3":"status-publish","4":"has-post-thumbnail","6":"product_cat-byrna-launcher","8":"first","9":"instock","10":"featured","11":"shipping-taxable","12":"product-type-variable"},"_links":{"self":[{"href":"https:\/\/www.defender-byrna.si\/lv\/wp-json\/wp\/v2\/product\/2096","targetHints":{"allow":["GET"]}}],"collection":[{"href":"https:\/\/www.defender-byrna.si\/lv\/wp-json\/wp\/v2\/product"}],"about":[{"href":"https:\/\/www.defender-byrna.si\/lv\/wp-json\/wp\/v2\/types\/product"}],"wp:featuredmedia":[{"embeddable":true,"href":"https:\/\/www.defender-byrna.si\/lv\/wp-json\/wp\/v2\/media\/2062"}],"wp:attachment":[{"href":"https:\/\/www.defender-byrna.si\/lv\/wp-json\/wp\/v2\/media?parent=2096"}],"wp:term":[{"taxonomy":"product_cat","embeddable":true,"href":"https:\/\/www.defender-byrna.si\/lv\/wp-json\/wp\/v2\/product_cat?post=2096"},{"taxonomy":"product_tag","embeddable":true,"href":"https:\/\/www.defender-byrna.si\/lv\/wp-json\/wp\/v2\/product_tag?post=2096"}],"curies":[{"name":"wp","href":"https:\/\/api.w.org\/{rel}","templated":true}]}}