{"id":2070,"date":"2024-05-14T11:31:35","date_gmt":"2024-05-14T09:31:35","guid":{"rendered":"https:\/\/www.defender-byrna.si\/?post_type=product&#038;p=2070"},"modified":"2024-05-14T15:23:15","modified_gmt":"2024-05-14T13:23:15","slug":"byrna-12-gauge-kinetic-ammo","status":"publish","type":"product","link":"https:\/\/www.defender-byrna.si\/lv\/products\/byrna-12-gauge-kinetic-ammo\/","title":{"rendered":"BYRNA 12 GAUGE kin\u0113tisk\u0101 mun\u012bcija"},"content":{"rendered":"<p><strong>Maz\u0101k n\u0101v\u0113jo\u0161a 12 kalibru patronas Funkcijas:<\/strong><\/p>\n<div class=\"flexBox\">\n<div class=\"flexDescrip\">\n<ul>\n<li style=\"list-style-type: none\">\n<ul>\n<li>Piel\u0101gota muca un vate, kas nodro\u0161ina pareizu stobra izl\u012bdzin\u0101\u0161anu, kad iz\u0161auts no stobra.<\/li>\n<\/ul>\n<\/li>\n<\/ul>\n<ul>\n<li style=\"list-style-type: none\">\n<ul>\n<li>Sadal\u012bjuma l\u012bnijas, main\u012bgs sieni\u0146u biezums un sonisk\u0101 metin\u0101\u0161ana nodro\u0161ina, ka l\u0101di\u0146\u0161 ir iztur\u012bgs, bet vienlaikus ar\u012b pl\u012bsto\u0161s (piem\u0113rojams lietder\u012bgajai kravai).<\/li>\n<\/ul>\n<\/li>\n<\/ul>\n<ul>\n<li style=\"list-style-type: none\">\n<ul>\n<li>Patent\u0113ta Fin-Tailed tehnolo\u0123ija, kas nodro\u0161ina precizit\u0101ti l\u012bdz pat 100 p\u0113d\u0101m.<\/li>\n<\/ul>\n<\/li>\n<\/ul>\n<p>Bez \u0161aujampulvera iz\u0161au\u0161ana ir 16 reizes klus\u0101ka nek\u0101 standarta \u0161\u0101viens.<\/p>\n<p>&nbsp;<\/p>\n<p><b>Kinetic 12 Gauge Rounds nesatur \u0137\u012bmisku kravu.<\/b><\/p>\n<p><b>L\u016bdzu, \u0146emiet v\u0113r\u0101, ka visas 12 Gauge p\u0101rdo\u0161anas dar\u012bjumi ir gal\u012bgi un tos nav iesp\u0113jams atgriezt.<\/b><\/p>\n<ul>\n<li style=\"list-style-type: none\"><\/li>\n<\/ul>\n<p><b>12 kalibra patronas neiedarbina pusautom\u0101tisko \u0161aujamieroci, jo t\u0101s nesatur \u0161aujampulveri, ta\u010du t\u0101s var manu\u0101li iesl\u0113gt un iz\u0161aut no liel\u0101k\u0101s da\u013cas pusautom\u0101tisko \u0161aujamiero\u010du.<\/b><\/p>\n<p><em>Pieg\u0101d\u0101ts bez gruntskr\u0101sas!<\/em><\/p>\n<\/div>\n<\/div>","protected":false},"excerpt":{"rendered":"<p>Byrna 12 Gauge-Kinetic.<\/p>\n<p>Visiem m\u016bsu \u0161aujamiero\u010du m\u012b\u013cot\u0101jiem!<\/p>","protected":false},"featured_media":2075,"template":"","meta":[],"product_cat":[85],"product_tag":[],"class_list":{"0":"post-2070","1":"product","2":"type-product","3":"status-publish","4":"has-post-thumbnail","6":"product_cat-projectiles","8":"first","9":"instock","10":"shipping-taxable","11":"purchasable","12":"product-type-simple"},"_links":{"self":[{"href":"https:\/\/www.defender-byrna.si\/lv\/wp-json\/wp\/v2\/product\/2070","targetHints":{"allow":["GET"]}}],"collection":[{"href":"https:\/\/www.defender-byrna.si\/lv\/wp-json\/wp\/v2\/product"}],"about":[{"href":"https:\/\/www.defender-byrna.si\/lv\/wp-json\/wp\/v2\/types\/product"}],"wp:featuredmedia":[{"embeddable":true,"href":"https:\/\/www.defender-byrna.si\/lv\/wp-json\/wp\/v2\/media\/2075"}],"wp:attachment":[{"href":"https:\/\/www.defender-byrna.si\/lv\/wp-json\/wp\/v2\/media?parent=2070"}],"wp:term":[{"taxonomy":"product_cat","embeddable":true,"href":"https:\/\/www.defender-byrna.si\/lv\/wp-json\/wp\/v2\/product_cat?post=2070"},{"taxonomy":"product_tag","embeddable":true,"href":"https:\/\/www.defender-byrna.si\/lv\/wp-json\/wp\/v2\/product_tag?post=2070"}],"curies":[{"name":"wp","href":"https:\/\/api.w.org\/{rel}","templated":true}]}}