{"id":1898,"date":"2023-07-26T10:52:54","date_gmt":"2023-07-26T08:52:54","guid":{"rendered":"https:\/\/www.defender-byrna.si\/?post_type=product&#038;p=1898"},"modified":"2025-02-08T22:07:12","modified_gmt":"2025-02-08T21:07:12","slug":"byrna-tcr-pro-bundle-kit","status":"publish","type":"product","link":"https:\/\/www.defender-byrna.si\/lv\/products\/byrna-tcr-pro-bundle-kit\/","title":{"rendered":"Byrna TCR Pro komplekta komplekts"},"content":{"rendered":"<p><strong><a href=\"https:\/\/www.defender-byrna.si\/wp-content\/uploads\/2023\/07\/Byrna_TCR_Manual_012522.pdf\" style=\"color: black\">BYRNA TCR LIETOT\u0100JA ROKASGR\u0100MATA<\/a><\/strong><\/p>","protected":false},"excerpt":{"rendered":"<p><strong>*CO2 un \u0161\u0101vi\u0146i nav iek\u013cauti TCR komplekt\u0101.<\/strong><\/p>\n<p>Jaun\u0101 taktisk\u0101 kompakt\u0101 \u0161autene jeb TCR ir izstr\u0101d\u0101ta k\u0101 daudzpus\u012bga un uzticama magn\u0113tisk\u0101 \u0161autene, kas paredz\u0113ta m\u0101jas aizsardz\u012bbai un izklaidei. Izstr\u0101d\u0101ts, lai nodro\u0161in\u0101tu kompaktu milit\u0101ru, re\u0101listisku izskatu, ko ir viegli piel\u0101got\/uzlabot, izmantojot standarta \u010detras Picatinny sliedes. Augstas veiktsp\u0113jas TCR ir ar\u012b salok\u0101ms priek\u0161\u0113jais un aizmugur\u0113jais lukturis, vertik\u0101la priek\u0161\u0113j\u0101 rokturis un 11\" augstas veiktsp\u0113jas stobrs. Jaunais TCR ir komplekt\u0101 ar 7 un 12 patronu pagarin\u0101tiem magaz\u012bniem un piln\u012bb\u0101 polster\u0113tu karab\u012bnes somi\u0146u. TCR ir patiesi visdaudzpus\u012bg\u0101kais m\u016bsdien\u0101s pieejamais magn\u0113tiskais maz\u0101k n\u0101v\u0113jo\u0161ais \u0161\u0101ujamais apar\u0101ts.<\/p>","protected":false},"featured_media":1899,"template":"","meta":[],"product_cat":[84],"product_tag":[],"class_list":{"0":"post-1898","1":"product","2":"type-product","3":"status-publish","4":"has-post-thumbnail","6":"product_cat-byrna-launcher","8":"first","9":"instock","10":"shipping-taxable","11":"purchasable","12":"product-type-variable"},"_links":{"self":[{"href":"https:\/\/www.defender-byrna.si\/lv\/wp-json\/wp\/v2\/product\/1898","targetHints":{"allow":["GET"]}}],"collection":[{"href":"https:\/\/www.defender-byrna.si\/lv\/wp-json\/wp\/v2\/product"}],"about":[{"href":"https:\/\/www.defender-byrna.si\/lv\/wp-json\/wp\/v2\/types\/product"}],"wp:featuredmedia":[{"embeddable":true,"href":"https:\/\/www.defender-byrna.si\/lv\/wp-json\/wp\/v2\/media\/1899"}],"wp:attachment":[{"href":"https:\/\/www.defender-byrna.si\/lv\/wp-json\/wp\/v2\/media?parent=1898"}],"wp:term":[{"taxonomy":"product_cat","embeddable":true,"href":"https:\/\/www.defender-byrna.si\/lv\/wp-json\/wp\/v2\/product_cat?post=1898"},{"taxonomy":"product_tag","embeddable":true,"href":"https:\/\/www.defender-byrna.si\/lv\/wp-json\/wp\/v2\/product_tag?post=1898"}],"curies":[{"name":"wp","href":"https:\/\/api.w.org\/{rel}","templated":true}]}}