{"id":1718,"date":"2023-05-08T17:46:04","date_gmt":"2023-05-08T15:46:04","guid":{"rendered":"https:\/\/defender.byrna-defense.com\/?post_type=product&#038;p=1718"},"modified":"2025-11-16T18:56:43","modified_gmt":"2025-11-16T17:56:43","slug":"byrna-foldable-target-trap","status":"publish","type":"product","link":"https:\/\/www.defender-byrna.si\/lv\/products\/byrna-foldable-target-trap\/","title":{"rendered":"BYRNA SALOK\u0100M\u0100 M\u0112R\u0136A LAMATAS"},"content":{"rendered":"<p>Augstas kvalit\u0101tes gumijots tafta neilons ar iztur\u012bgu t\u0113rauda r\u0101mi<\/p>\n<p>Atveras un salok\u0101s da\u017eu sekun\u017eu laik\u0101<\/p>\n<p>Ieb\u016bv\u0113ts dubults t\u012bkls, kas samazina troksni un palielina bremz\u0113\u0161anas jaudu.<\/p>\n<p>Telts konstrukcija \u013cauj \u0161\u0101v\u0113tim \u0113rti notvert un sav\u0101kt \u0161\u0101vi\u0146us.<\/p>\n<p>45,72 cm x 45,72 cm x 48,26 cm atv\u0113rts izm\u0113rs, 30,48 cm diametrs p\u0113c saloc\u012b\u0161anas somi\u0146\u0101.<\/p>\n<p>Komplekt\u0101 iek\u013cauta ce\u013cojuma somi\u0146a \u0113rtai transport\u0113\u0161anai<\/p>","protected":false},"excerpt":{"rendered":"<p>Augstas kvalit\u0101tes gumijots taftas neilons ar iztur\u012bgu t\u0113rauda r\u0101mi Atveras un salok\u0101s sekund\u0113s Ieb\u016bv\u0113ts dubults t\u012bkls, lai samazin\u0101tu troksni un palielin\u0101tu papildu bremz\u0113\u0161anas sp\u0113ku Telts konstrukcija \u013cauj \u0161\u0101v\u0113jam [...]<\/p>","protected":false},"featured_media":1719,"template":"","meta":[],"product_cat":[86],"product_tag":[],"class_list":{"0":"post-1718","1":"product","2":"type-product","3":"status-publish","4":"has-post-thumbnail","6":"product_cat-accessories","8":"first","9":"instock","10":"shipping-taxable","11":"purchasable","12":"product-type-simple"},"_links":{"self":[{"href":"https:\/\/www.defender-byrna.si\/lv\/wp-json\/wp\/v2\/product\/1718","targetHints":{"allow":["GET"]}}],"collection":[{"href":"https:\/\/www.defender-byrna.si\/lv\/wp-json\/wp\/v2\/product"}],"about":[{"href":"https:\/\/www.defender-byrna.si\/lv\/wp-json\/wp\/v2\/types\/product"}],"wp:featuredmedia":[{"embeddable":true,"href":"https:\/\/www.defender-byrna.si\/lv\/wp-json\/wp\/v2\/media\/1719"}],"wp:attachment":[{"href":"https:\/\/www.defender-byrna.si\/lv\/wp-json\/wp\/v2\/media?parent=1718"}],"wp:term":[{"taxonomy":"product_cat","embeddable":true,"href":"https:\/\/www.defender-byrna.si\/lv\/wp-json\/wp\/v2\/product_cat?post=1718"},{"taxonomy":"product_tag","embeddable":true,"href":"https:\/\/www.defender-byrna.si\/lv\/wp-json\/wp\/v2\/product_tag?post=1718"}],"curies":[{"name":"wp","href":"https:\/\/api.w.org\/{rel}","templated":true}]}}