{"id":1716,"date":"2023-05-08T17:45:23","date_gmt":"2023-05-08T15:45:23","guid":{"rendered":"https:\/\/defender.byrna-defense.com\/?post_type=product&#038;p=1716"},"modified":"2023-05-08T17:45:57","modified_gmt":"2023-05-08T15:45:57","slug":"byrna-spare-magazines-black-set-of-2","status":"publish","type":"product","link":"https:\/\/www.defender-byrna.si\/lv\/products\/byrna-spare-magazines-black-set-of-2\/","title":{"rendered":"BYRNA REZERVES \u017dURN\u0100LI - MELNI (2 KOMPLEKTI)"},"content":{"rendered":"<p class=\"para-17\">Esiet gatavi un sagatavoti, kad tas b\u016bs nepiecie\u0161ams. \u0160ie rezerves 5 patronu magaz\u012bni ir paredz\u0113ti Byrna HD un Byrna SD.<\/p>\n<div class=\"add-to-cart\">\n<form class=\"w-commerce-commerceaddtocartform\" data-node-type=\"commerce-add-to-cart-form\" data-commerce-sku-id=\"63d8c74c4bb5ec82a33588bb\" data-loading-text=\"Adding to cart...\" data-commerce-product-id=\"63d8c748290dd41b2e3b21bc\" action=\"\">\n<div class=\"flex-wrap\">\n<div class=\"quantity-wrap\"><\/div>\n<\/div>\n<input type=\"hidden\" name=\"trp-form-language\" value=\"lv\"\/><\/form>\n<\/div>","protected":false},"excerpt":{"rendered":"<p>Esiet gatavi un sagatavoti, kad tas b\u016bs nepiecie\u0161ams. \u0160ie rezerves 5 patronu magaz\u012bni ir paredz\u0113ti Byrna HD un Byrna SD.<\/p>","protected":false},"featured_media":1717,"template":"","meta":[],"product_cat":[86],"product_tag":[],"class_list":{"0":"post-1716","1":"product","2":"type-product","3":"status-publish","4":"has-post-thumbnail","6":"product_cat-accessories","8":"first","9":"instock","10":"shipping-taxable","11":"purchasable","12":"product-type-simple"},"_links":{"self":[{"href":"https:\/\/www.defender-byrna.si\/lv\/wp-json\/wp\/v2\/product\/1716","targetHints":{"allow":["GET"]}}],"collection":[{"href":"https:\/\/www.defender-byrna.si\/lv\/wp-json\/wp\/v2\/product"}],"about":[{"href":"https:\/\/www.defender-byrna.si\/lv\/wp-json\/wp\/v2\/types\/product"}],"wp:featuredmedia":[{"embeddable":true,"href":"https:\/\/www.defender-byrna.si\/lv\/wp-json\/wp\/v2\/media\/1717"}],"wp:attachment":[{"href":"https:\/\/www.defender-byrna.si\/lv\/wp-json\/wp\/v2\/media?parent=1716"}],"wp:term":[{"taxonomy":"product_cat","embeddable":true,"href":"https:\/\/www.defender-byrna.si\/lv\/wp-json\/wp\/v2\/product_cat?post=1716"},{"taxonomy":"product_tag","embeddable":true,"href":"https:\/\/www.defender-byrna.si\/lv\/wp-json\/wp\/v2\/product_tag?post=1716"}],"curies":[{"name":"wp","href":"https:\/\/api.w.org\/{rel}","templated":true}]}}