{"id":1627,"date":"2023-05-08T16:45:10","date_gmt":"2023-05-08T14:45:10","guid":{"rendered":"https:\/\/defender.byrna-defense.com\/?post_type=product&#038;p=1627"},"modified":"2023-11-19T12:22:25","modified_gmt":"2023-11-19T11:22:25","slug":"byrna-pepper-projectiles-5ct","status":"publish","type":"product","link":"https:\/\/www.defender-byrna.si\/lv\/products\/byrna-pepper-projectiles-5ct\/","title":{"rendered":"PIPARU \u0160\u0100VI\u0145I (5 GAB.)"},"content":{"rendered":"<p class=\"para-17\">Byrna piparu \u0161\u0101vi\u0146i satur Oleoresin Capsicum (OC) + PAVA mais\u012bjumu, kas padara tos par vienu no sp\u0113c\u012bg\u0101kajiem piparu \u0161\u0101vi\u0146iem tirg\u016b.<\/p>\n<div class=\"rich-text w-richtext\">\n<p><strong>Fizisk\u0101 iedarb\u012bba:<\/strong><\/p>\n<ul role=\"list\">\n<li>Deg\u0161ana kakl\u0101<\/li>\n<li>\u0160\u0146\u0101k\u0161ana<\/li>\n<li>Gasping<\/li>\n<li>Sausais klepus<\/li>\n<li>Elpas tr\u016bkums<\/li>\n<li>Gagging<\/li>\n<li>Nesp\u0113ja elpot<\/li>\n<\/ul>\n<p>Palieliniet savu p\u0101rliec\u012bbu, vienlaikus nodro\u0161inot savu un \u0123imenes dro\u0161\u012bbu.<\/p>\n<\/div>","protected":false},"excerpt":{"rendered":"<p>Byrna piparu \u0161\u0101vi\u0146i satur Oleoresin Capsicum (OC) + PAVA mais\u012bjumu, kas padara tos par vienu no sp\u0113c\u012bg\u0101kajiem piparu \u0161\u0101vi\u0146iem tirg\u016b. Fizisk\u0101 iedarb\u012bba: P\u012bp\u0113\u0161anas saj\u016bta: dedzino\u0161a saj\u016bta kakl\u0101 [...]<\/p>","protected":false},"featured_media":1628,"template":"","meta":[],"product_cat":[85],"product_tag":[],"class_list":{"0":"post-1627","1":"product","2":"type-product","3":"status-publish","4":"has-post-thumbnail","6":"product_cat-projectiles","8":"first","9":"instock","10":"shipping-taxable","11":"product-type-external"},"_links":{"self":[{"href":"https:\/\/www.defender-byrna.si\/lv\/wp-json\/wp\/v2\/product\/1627","targetHints":{"allow":["GET"]}}],"collection":[{"href":"https:\/\/www.defender-byrna.si\/lv\/wp-json\/wp\/v2\/product"}],"about":[{"href":"https:\/\/www.defender-byrna.si\/lv\/wp-json\/wp\/v2\/types\/product"}],"wp:featuredmedia":[{"embeddable":true,"href":"https:\/\/www.defender-byrna.si\/lv\/wp-json\/wp\/v2\/media\/1628"}],"wp:attachment":[{"href":"https:\/\/www.defender-byrna.si\/lv\/wp-json\/wp\/v2\/media?parent=1627"}],"wp:term":[{"taxonomy":"product_cat","embeddable":true,"href":"https:\/\/www.defender-byrna.si\/lv\/wp-json\/wp\/v2\/product_cat?post=1627"},{"taxonomy":"product_tag","embeddable":true,"href":"https:\/\/www.defender-byrna.si\/lv\/wp-json\/wp\/v2\/product_tag?post=1627"}],"curies":[{"name":"wp","href":"https:\/\/api.w.org\/{rel}","templated":true}]}}