{"id":1611,"date":"2023-05-08T16:32:19","date_gmt":"2023-05-08T14:32:19","guid":{"rendered":"https:\/\/defender.byrna-defense.com\/?post_type=product&#038;p=1611"},"modified":"2023-11-19T12:23:40","modified_gmt":"2023-11-19T11:23:40","slug":"byrna-sd-pepper","status":"publish","type":"product","link":"https:\/\/www.defender-byrna.si\/lv\/products\/byrna-sd-pepper\/","title":{"rendered":"BYRNA SD PIPARI"},"content":{"rendered":"","protected":false},"excerpt":{"rendered":"<p><iframe loading=\"lazy\" title=\"YouTube videoklipu atska\u0146ot\u0101js\" src=\"https:\/\/www.youtube.com\/embed\/YSOiUlC0JFQ\" width=\"560\" height=\"315\" frameborder=\"0\" allowfullscreen=\"allowfullscreen\"><\/iframe><\/p>\n<p>Byrna SD palai\u0161anas ier\u012bce ir izstr\u0101d\u0101ta uz Byrna HD mode\u013ca b\u0101zes, ko tagad izmanto t\u016bksto\u0161iem apmierin\u0101tu lietot\u0101ju no civiliedz\u012bvot\u0101jiem l\u012bdz pat dro\u0161\u012bbas uz\u0146\u0113mumiem un ties\u012bbaizsardz\u012bbas iest\u0101d\u0113m.<\/p>\n<p>P\u0113c pan\u0101kumiem profesion\u0101\u013cu vid\u016b jaunajai SD mode\u013ca versijai tagad ir jauns roktura dizains, jauni uzskati un optimiz\u0113ta spr\u016bda aizmugure.<\/p>\n<p>Ar 8 g CO2 patronu Byrna SD iz\u0161auj 68 kalibra \u0137\u012bmiskos piparu\/kapacit\u0113jo\u0161os \u0161\u0101vi\u0146us, kas izstr\u0101d\u0101ti, lai pal\u0113nin\u0101tu vai neitraliz\u0113tu apdraud\u0113jumu l\u012bdz 20 metru att\u0101lum\u0101, bet var ar\u012b \u0161aut kin\u0113tiskos (ciet\u0101 polim\u0113ra) vai eko\/prokin\u0113tiskos \u0161\u0101vi\u0146us apm\u0101c\u012bbai vai aizsardz\u012bbai.<\/p>\n<p>Ar 8 g CO2 patronu var iz\u0161aut 4 magaz\u012bnus pa 5 patron\u0101m katr\u0101.<\/p>\n<p>Byrna SD ir neticami sp\u0113c\u012bgs un efekt\u012bvs pa\u0161aizsardz\u012bbas ierocis, kas nav n\u0101v\u0113jo\u0161s.<\/p>\n<p>Byrna SD piparu komplekta funkcijas:<\/p>\n<ul role=\"list\">\n<li>L\u012bdz 95 m\/s \u0161\u0101vi\u0146a \u0101trums<\/li>\n<li>Unik\u0101ls spr\u016bda meh\u0101nisms - ar pirmo \u0161\u0101vienu tas vienlaikus caurdur patronu un iz\u0161auj \u0161\u0101vi\u0146us - patent\u0113ta konstrukcija.\u00a0<em>Byrna Technologies<\/em><\/li>\n<li>13 d\u017eoulu jauda<\/li>\n<li>Prec\u012bzs l\u012bdz 20 metriem<\/li>\n<li>20 \u0161\u0101vieni vien\u0101 8 g patron\u0101<\/li>\n<li>Ergonomisks rokturis ar \u0161\u016bnveida rokturi lab\u0101kai kontrolei jebkuros apst\u0101k\u013cos<\/li>\n<li>Uzlabots skats \u0101tr\u0101kai m\u0113r\u0137a sasnieg\u0161anai<\/li>\n<li>Taisns spr\u016bda meh\u0101nisms ar 2,94 kg spr\u016bda vilk\u0161anas sp\u0113ku un vienm\u0113r\u012bg\u0101ku nospie\u0161anu<\/li>\n<li>Divpus\u0113ji lietojams dro\u0161ais\/izdedzes sl\u0113dzis, kas \u013cauj viegli p\u0101rsl\u0113gt gan kreis\u0101s, gan lab\u0101s rokas lietot\u0101jiem.<\/li>\n<li>2 gadu garantija (iesp\u0113jams ar\u012b\u00a0<em>M\u016b\u017ea garantija<\/em>)<\/li>\n<\/ul>\n<p>Komplekt\u0101 iek\u013cauts:<\/p>\n<p>M\u016bsu Byrna SD kin\u0113tiskais komplekts ir ievietots aizsargv\u0101ci\u0146\u0101 ar r\u0101v\u0113jsl\u0113dz\u0113ju, kur\u0101 ir viss nepiecie\u0161amais, lai s\u0101ktu darbu:<\/p>\n<ul role=\"list\">\n<li>Viens (1) Byrna SD palaid\u0113js<\/li>\n<li>Divi (2) 5 patronu magaz\u012bni<\/li>\n<li>Divi (2) Byrna 8 gramu CO2 baloni<\/li>\n<li>Divi (2) 5 patronu cilindri\u0146i ar kin\u0113tiskajiem \u0161\u0101vi\u0146iem \"Byrna<\/li>\n<li><em>Viena (1) 5 patronu t\u016bbi\u0146a ar Byrna Pro Pepper \u0161\u0101vi\u0146iem<\/em><\/li>\n<li>Viens (1) 5 patronu cilindrs ar piparu \u0161\u0101vi\u0146iem ob Byrna<\/li>\n<li>Viens (1) 5 patronu cilindrs ob Byrna kin\u0113tiskie \u0161\u0101vi\u0146i<\/li>\n<li>Viens (1) 5 patronu cilindrs ob Byrna Eco-Kinetics \u0161\u0101vi\u0146i<\/li>\n<\/ul>","protected":false},"featured_media":1612,"template":"","meta":[],"product_cat":[84],"product_tag":[],"class_list":{"0":"post-1611","1":"product","2":"type-product","3":"status-publish","4":"has-post-thumbnail","6":"product_cat-byrna-launcher","8":"first","9":"instock","10":"featured","11":"shipping-taxable","12":"product-type-external"},"_links":{"self":[{"href":"https:\/\/www.defender-byrna.si\/lv\/wp-json\/wp\/v2\/product\/1611","targetHints":{"allow":["GET"]}}],"collection":[{"href":"https:\/\/www.defender-byrna.si\/lv\/wp-json\/wp\/v2\/product"}],"about":[{"href":"https:\/\/www.defender-byrna.si\/lv\/wp-json\/wp\/v2\/types\/product"}],"wp:featuredmedia":[{"embeddable":true,"href":"https:\/\/www.defender-byrna.si\/lv\/wp-json\/wp\/v2\/media\/1612"}],"wp:attachment":[{"href":"https:\/\/www.defender-byrna.si\/lv\/wp-json\/wp\/v2\/media?parent=1611"}],"wp:term":[{"taxonomy":"product_cat","embeddable":true,"href":"https:\/\/www.defender-byrna.si\/lv\/wp-json\/wp\/v2\/product_cat?post=1611"},{"taxonomy":"product_tag","embeddable":true,"href":"https:\/\/www.defender-byrna.si\/lv\/wp-json\/wp\/v2\/product_tag?post=1611"}],"curies":[{"name":"wp","href":"https:\/\/api.w.org\/{rel}","templated":true}]}}