{"id":1865,"date":"2023-06-30T10:22:43","date_gmt":"2023-06-30T08:22:43","guid":{"rendered":"https:\/\/defender.byrna-defense.com\/?page_id=1865"},"modified":"2023-06-30T10:24:40","modified_gmt":"2023-06-30T08:24:40","slug":"damaged-products-policy","status":"publish","type":"page","link":"https:\/\/www.defender-byrna.si\/lv\/damaged-products-policy\/","title":{"rendered":"Atgrie\u0161anas politika"},"content":{"rendered":"<p>Byrna\u00ae palaid\u0113jier\u012bces un Byrna palaid\u0113jier\u012b\u010du piederumi un \u0161\u0101vi\u0146i, kas sa\u0146em\u0161anas br\u012bd\u012b ir boj\u0101ti vai ar defektiem, tiks nomain\u012bti bez maksas ar nosac\u012bjumu, ka desmit (10) dienu laik\u0101 p\u0113c sa\u0146em\u0161anas tiek piepras\u012bta preces atgrie\u0161anas at\u013cauja (RMA) un prece tiek nos\u016bt\u012bta piecu (5) dienu laik\u0101 p\u0113c RMA izsnieg\u0161anas.<\/p><p>\u0160\u012b politika paredz, ka preces, kas p\u0113c p\u0101rbaudes tiek pieg\u0101d\u0101tas boj\u0101tas vai ar defektiem, tiek aizst\u0101tas ar jauniem izstr\u0101d\u0101jumiem bez maksas klientam. Defektu vai darb\u012bbas probl\u0113mas, kas radu\u0161\u0101s p\u0113c \u0161\u012b perioda, tiks nov\u0113rstas saska\u0146\u0101 ar m\u016bsu ierobe\u017eoto garantiju vai nov\u0113rstas vai nomain\u012btas saska\u0146\u0101 ar m\u016bsu neierobe\u017eoto garantiju.<\/p><h4 class=\"wp-block-heading\">Sirds p\u0101rmai\u0146u politika<\/h4><p>M\u0113s saprotam, ka laiku pa laikam klientam p\u0113c pas\u016bt\u012bjuma veik\u0161anas main\u0101s v\u0113lmes. Jebkur\u0161 pas\u016bt\u012bjums, kas atcelts pirms nos\u016bt\u012b\u0161anas, tiks atmaks\u0101ts piln\u0101 apm\u0113r\u0101. Nos\u016bt\u012bto produktu atgrie\u0161ana tiek pie\u0146emta, ja Byrna par to tiek inform\u0113ta \u010detrpadsmit (14) dienu laik\u0101 p\u0113c produkta sa\u0146em\u0161anas. Atgrieztaj\u0101m prec\u0113m j\u0101b\u016bt ori\u0123in\u0101laj\u0101 iepakojum\u0101, jaun\u0101 un nelietot\u0101 st\u0101vokl\u012b. Par visiem atgrie\u0161anas gad\u012bjumiem, kas saist\u012bti ar \"sirdsapzi\u0146as mai\u0146u\", tiek piem\u0113rota atk\u0101rtotas iekas\u0113\u0161anas maksa 10% apm\u0113r\u0101, kas sedz nos\u016bt\u012b\u0161anas un apstr\u0101des izmaksas.<\/p><p><strong>Lai ieg\u016btu papildu inform\u0101ciju, sazinieties ar Klientu apkalpo\u0161anas dienestu.<br>\u200d<\/strong>Pirms atgrie\u0161anas vispirms ir j\u0101sa\u0146em preces atgrie\u0161anas at\u013caujas (RMA) numurs. RMA numuram j\u0101b\u016bt skaidri uzrakst\u012btam uz s\u016bt\u012bjuma kast\u012btes \u0101rpuses. Turkl\u0101t kartona kast\u012bt\u0113 ievietojiet visas ar atgrie\u0161anu saist\u012bt\u0101s sarakstes kopiju.<\/p>","protected":false},"excerpt":{"rendered":"<p>Byrna\u00ae launchers and Byrna launcher accessories and projectiles that aredamaged or defective when received will be replaced at no charge to thecustomer provided that a Return Merchandise Authorization (RMA) is [&hellip;]<\/p>","protected":false},"author":1,"featured_media":0,"parent":0,"menu_order":0,"comment_status":"closed","ping_status":"closed","template":"","meta":{"footnotes":""},"class_list":["post-1865","page","type-page","status-publish","hentry"],"_links":{"self":[{"href":"https:\/\/www.defender-byrna.si\/lv\/wp-json\/wp\/v2\/pages\/1865","targetHints":{"allow":["GET"]}}],"collection":[{"href":"https:\/\/www.defender-byrna.si\/lv\/wp-json\/wp\/v2\/pages"}],"about":[{"href":"https:\/\/www.defender-byrna.si\/lv\/wp-json\/wp\/v2\/types\/page"}],"author":[{"embeddable":true,"href":"https:\/\/www.defender-byrna.si\/lv\/wp-json\/wp\/v2\/users\/1"}],"replies":[{"embeddable":true,"href":"https:\/\/www.defender-byrna.si\/lv\/wp-json\/wp\/v2\/comments?post=1865"}],"version-history":[{"count":2,"href":"https:\/\/www.defender-byrna.si\/lv\/wp-json\/wp\/v2\/pages\/1865\/revisions"}],"predecessor-version":[{"id":1867,"href":"https:\/\/www.defender-byrna.si\/lv\/wp-json\/wp\/v2\/pages\/1865\/revisions\/1867"}],"wp:attachment":[{"href":"https:\/\/www.defender-byrna.si\/lv\/wp-json\/wp\/v2\/media?parent=1865"}],"curies":[{"name":"wp","href":"https:\/\/api.w.org\/{rel}","templated":true}]}}