{"id":1759,"date":"2023-06-15T18:49:17","date_gmt":"2023-06-15T16:49:17","guid":{"rendered":"https:\/\/defender.byrna-defense.com\/?page_id=1759"},"modified":"2023-07-26T16:12:27","modified_gmt":"2023-07-26T14:12:27","slug":"reviews","status":"publish","type":"page","link":"https:\/\/www.defender-byrna.si\/lv\/reviews\/","title":{"rendered":"Atsauksmes"},"content":{"rendered":"<section class=\"wpb-content-wrapper\"><div class=\"vc_row wpb_row vc_row-fluid\"><div class=\"wpb_column vc_column_container vc_col-sm-12\"><div class=\"vc_column-inner\"><div class=\"wpb_wrapper\">\r\n\t<div class=\"wpb_text_column wpb_content_element\" >\r\n\t\t<div class=\"wpb_wrapper\">\r\n\t\t\t<p style=\"text-align: center;\">\"\u0160\u012b lieta nav joks!!!! P\u0113c test\u0113\u0161anas man\u0101 gar\u0101\u017e\u0101, es j\u016btu, ka tas ir dz\u012bvotsp\u0113j\u012bgs p\u0101rvad\u0101t iesp\u0113ja... un es ne tikai uztic\u0113ties jebkuru bullshit triks, kad mana dz\u012bv\u012bba ir uz l\u012bnijas. P\u0113c tam, kad biju liecinieks tam, ko cietie \u0161\u0101vi\u0146i izdar\u012bja ar skaidu pl\u0101tnes gabalu, ko es izmantoju k\u0101 atbalsta punktu?????? J\u016bs varat mani ofici\u0101li atz\u012bt par \"byrna tic\u012bgo\". N\u0101kamaj\u0101s ned\u0113\u013c\u0101s es ieg\u0101d\u0101sosies v\u0113l da\u017eus.\"<\/p>\n<p style=\"text-align: center;\"><strong>Aleksandrs R. - 01\/23\/20<\/strong><\/p>\n<p><img loading=\"lazy\" decoding=\"async\" class=\"alignnone size-full wp-image-1808 aligncenter\" src=\"https:\/\/defender.byrna-defense.com\/wp-content\/uploads\/2023\/06\/63c06535a5cbec4ecb9404ef_5aefcd5acac9c0b72fd91156a6bc749b-transformed.png\" alt=\"\" width=\"144\" height=\"31\" \/><\/p>\n\r\n\t\t<\/div>\r\n\t<\/div>\r\n<div class=\"vc_empty_space\"   style=\"height: 32px\"><span class=\"vc_empty_space_inner\"><\/span><\/div>\r\n\t<div class=\"wpb_text_column wpb_content_element\" >\r\n\t\t<div class=\"wpb_wrapper\">\r\n\t\t\t<p style=\"text-align: center;\">\"Got to teikt, tas ir \u013coti labi veikts pa\u0161aizsardz\u012bbas produkts.. lai gan tas nav \u0161aujamierocis, kas jums ir nepiecie\u0161ams, lai veiktu un sl\u0113pt, k\u0101 tas bija. Bija tas apm\u0113ram m\u0113nesi, un jau bija j\u0101aizsarg\u0101 mana \u0123imene ar to par Jaungada nakt\u012b apm\u0113ram 3am sajaukts piedz\u0113ries indiv\u012bds n\u0101ca klauv\u0113 pie m\u016bsu priek\u0161\u0113j\u0101m aizmugur\u0113j\u0101m durv\u012bm kliedza, lai \u013cautu vi\u0146iem in..... piec\u0113l\u0101s satv\u0113ra manu byrna un grib\u0113ja, lai lietas deescalate.. vi\u0146i dar\u012bja, bet bija \u013coti p\u0101rliecin\u0101ts, kam mana byrna pie rokas ar mani... Es to \u0146emu to visur es iet sl\u0113pts. \"<\/p>\n<p style=\"text-align: center;\"><strong>Peter S. - 01\/05\/20<\/strong><\/p>\n<p><img loading=\"lazy\" decoding=\"async\" class=\"alignnone size-full wp-image-1808 aligncenter\" src=\"https:\/\/defender.byrna-defense.com\/wp-content\/uploads\/2023\/06\/63c06535a5cbec4ecb9404ef_5aefcd5acac9c0b72fd91156a6bc749b-transformed.png\" alt=\"\" width=\"144\" height=\"31\" \/><\/p>\n\r\n\t\t<\/div>\r\n\t<\/div>\r\n<div class=\"vc_empty_space\"   style=\"height: 32px\"><span class=\"vc_empty_space_inner\"><\/span><\/div>\r\n\t<div class=\"wpb_text_column wpb_content_element\" >\r\n\t\t<div class=\"wpb_wrapper\">\r\n\t\t\t<p style=\"text-align: center;\">\"Vispirms \u013caujiet man teikt, ka \u0161is ir p\u0101rsteidzo\u0161s produkts. Labi b\u016bv\u0113ts univers\u0101ls un prec\u012bzs! Tas ir kompakts, viegli lietojams un to ir viegli iem\u0101c\u012bt lietot ar\u012b citiem. Person\u012bgi es uzskatu, ka tas ir lab\u0101kais pa\u0161aizsardz\u012bbas ierocis tirg\u016b! Pat\u012bk ar\u012b tuksne\u0161a iedeguma kr\u0101sa. Ja j\u016bs mekl\u0113jat lab\u0101ko non let\u0101ls veids, k\u0101 sevi aizst\u0101v\u0113t, tad mekl\u0113t ne t\u0101l\u0101k tad Byrna HD Es b\u016b\u0161u ieg\u0101d\u0101joties vair\u0101kas vair\u0101k n\u0101kotn\u0113 par \u0123imeni un draugiem. \"<\/p>\n<p style=\"text-align: center;\"><strong>Tobias H. - 11\/28\/19<\/strong><\/p>\n<p><img loading=\"lazy\" decoding=\"async\" class=\"alignnone size-full wp-image-1808 aligncenter\" src=\"https:\/\/defender.byrna-defense.com\/wp-content\/uploads\/2023\/06\/63c06535a5cbec4ecb9404ef_5aefcd5acac9c0b72fd91156a6bc749b-transformed.png\" alt=\"\" width=\"144\" height=\"31\" \/><\/p>\n\r\n\t\t<\/div>\r\n\t<\/div>\r\n<div class=\"vc_empty_space\"   style=\"height: 32px\"><span class=\"vc_empty_space_inner\"><\/span><\/div>\r\n\t<div class=\"wpb_text_column wpb_content_element\" >\r\n\t\t<div class=\"wpb_wrapper\">\r\n\t\t\t<p style=\"text-align: center;\">\"Es to ieg\u0101d\u0101jos savai sievai, jo vi\u0146a noteikti ir \"Ungun\" masas demogr\u0101fiskais centrs, ko mekl\u0113 Byrna. T\u0101 ierad\u0101s laik\u0101 un bija dro\u0161i iepakota. Pieejamie att\u0113li un video vienk\u0101r\u0161i neatspogu\u013co konstrukcijas kvalit\u0101ti un precizit\u0101ti. P\u0101reja uz \u0161au\u0161anu bija vienk\u0101r\u0161a. T\u0101 k\u0101 nav atsitiena un izl\u0101des ska\u0146as, \"\u0161\u0101vienu\" raid\u012b\u0161ana m\u0113r\u0137\u012b bija diezgan vienk\u0101r\u0161a. FYI... Fiks\u0113tie m\u0113rier\u012bces ir prec\u012bzas. B\u016btu jauki, ja b\u016btu tritija punkti, bet tie nav nepiecie\u0161ami. Noteikti sag\u0101d\u0101jiet pietiekami daudz kin\u0113tisko patronu un CO2 patronu, jo galu gal\u0101 ar \u0161o \u0161auteni \u0161au\u0161ana b\u016bs bie\u017e\u0101ka, nek\u0101 dom\u0101j\u0101t.\"<\/p>\n<p style=\"text-align: center;\"><strong>Finn A. - 11\/25\/21<\/strong><\/p>\n<p><img loading=\"lazy\" decoding=\"async\" class=\"alignnone size-full wp-image-1808 aligncenter\" src=\"https:\/\/defender.byrna-defense.com\/wp-content\/uploads\/2023\/06\/63c06535a5cbec4ecb9404ef_5aefcd5acac9c0b72fd91156a6bc749b-transformed.png\" alt=\"\" width=\"144\" height=\"31\" \/><\/p>\n\r\n\t\t<\/div>\r\n\t<\/div>\r\n<div class=\"vc_empty_space\"   style=\"height: 32px\"><span class=\"vc_empty_space_inner\"><\/span><\/div>\r\n\t<div class=\"wpb_text_column wpb_content_element\" >\r\n\t\t<div class=\"wpb_wrapper\">\r\n\t\t\t<p style=\"text-align: center;\">\"Viegli lietojams un videi draudz\u012bgs. Lieliska jauda un pat\u012bk d\u016bmu p\u016bznis, kad praktiz\u0113 m\u0113r\u0137i. Pat\u012bk, ka man nav j\u0101skrien paka\u013c un j\u0101sav\u0101c, jo lietus par tiem par\u016bp\u0113jas.\"\"<\/p>\n<p style=\"text-align: center;\"><strong>Alex S. - 20\/21 decembris<\/strong><\/p>\n<p><img loading=\"lazy\" decoding=\"async\" class=\"alignnone size-full wp-image-1808 aligncenter\" src=\"https:\/\/defender.byrna-defense.com\/wp-content\/uploads\/2023\/06\/63c06535a5cbec4ecb9404ef_5aefcd5acac9c0b72fd91156a6bc749b-transformed.png\" alt=\"\" width=\"144\" height=\"31\" \/><\/p>\n<div id=\"gtx-trans\" style=\"position: absolute; left: 263px; top: 78px;\">\n<div class=\"gtx-trans-icon\"><\/div>\n<\/div>\n\r\n\t\t<\/div>\r\n\t<\/div>\r\n<div class=\"vc_empty_space\"   style=\"height: 32px\"><span class=\"vc_empty_space_inner\"><\/span><\/div>\r\n\t<div class=\"wpb_text_column wpb_content_element\" >\r\n\t\t<div class=\"wpb_wrapper\">\r\n\t\t\t<p style=\"text-align: center;\">\"Lielisks n\u0101v\u0113jo\u0161s palaid\u0113js. Es to visu laiku n\u0113s\u0101ju sl\u0113ptai n\u0113s\u0101\u0161anai, kop\u0161 sa\u0146\u0113mu Byrna sd. V\u0113l\u0113tos ieg\u0101d\u0101ties piparu bumbi\u0146as vai max bumbi\u0146as, jo dz\u012bvoju Kalifornij\u0101. Man ir ar\u012b 2 7 patronu magaz\u012bnas, un man ir 95 kin\u0113tisk\u0101s bumbi\u0146as.\"<\/p>\n<p style=\"text-align: center;\"><strong>Artem M. - 08\/09\/22<\/strong><\/p>\n<p><img loading=\"lazy\" decoding=\"async\" class=\"alignnone size-full wp-image-1808 aligncenter\" src=\"https:\/\/defender.byrna-defense.com\/wp-content\/uploads\/2023\/06\/63c06535a5cbec4ecb9404ef_5aefcd5acac9c0b72fd91156a6bc749b-transformed.png\" alt=\"\" width=\"144\" height=\"31\" \/><\/p>\n<div id=\"gtx-trans\" style=\"position: absolute; left: 264px; top: 126px;\">\n<div class=\"gtx-trans-icon\"><\/div>\n<\/div>\n\r\n\t\t<\/div>\r\n\t<\/div>\r\n<div class=\"vc_empty_space\"   style=\"height: 32px\"><span class=\"vc_empty_space_inner\"><\/span><\/div>\r\n\t<div class=\"wpb_text_column wpb_content_element\" >\r\n\t\t<div class=\"wpb_wrapper\">\r\n\t\t\t<p style=\"text-align: center;\">\"WOW, k\u0101da labi izgatavota ier\u012bce! Pa\u0161laik man pieder HD kop\u0101 ar visiem fixins. Es tikko ieg\u0101d\u0101jos divus SD d\u0113lam un meitai. Run\u0101jot par \u0161au\u0161anas prieku. To var izmantot ikviens. Vienk\u0101r\u0161i izveidojiet \u0161autuvi pagalm\u0101. Vislab\u0101kais ir tas, ka t\u0101s ir leg\u0101las jebkur\u0101 viet\u0101. Man pat\u012bk \u0101tr\u0101 atvieno\u0161ana, jo t\u0101 vienm\u0113r ir gatav\u012bb\u0101. Laba lieta, \u0146emot v\u0113r\u0101 laikos bija. Paldies Byrna par v\u0113l vienu iesp\u0113ju!\"<\/p>\n<p style=\"text-align: center;\"><strong>Maikls A. - 20.11.21.<\/strong><\/p>\n<p><img loading=\"lazy\" decoding=\"async\" class=\"alignnone size-full wp-image-1808 aligncenter\" src=\"https:\/\/defender.byrna-defense.com\/wp-content\/uploads\/2023\/06\/63c06535a5cbec4ecb9404ef_5aefcd5acac9c0b72fd91156a6bc749b-transformed.png\" alt=\"\" width=\"144\" height=\"31\" \/><\/p>\n<div id=\"gtx-trans\" style=\"position: absolute; left: 258px; top: 150px;\">\n<div class=\"gtx-trans-icon\"><\/div>\n<\/div>\n\r\n\t\t<\/div>\r\n\t<\/div>\r\n<div class=\"vc_empty_space\"   style=\"height: 32px\"><span class=\"vc_empty_space_inner\"><\/span><\/div>\r\n\t<div class=\"wpb_text_column wpb_content_element\" >\r\n\t\t<div class=\"wpb_wrapper\">\r\n\t\t\t<p style=\"text-align: center;\">\"Labs darbs ar Byrnu. Man \u013coti pat\u012bk, ka man tas ir l\u012bdzi viet\u0101s, kur \u0161aujamiero\u010di nav at\u013cauti. \u013boti prec\u012bza un nodro\u0161in\u0101s jums p\u0101ris sekundes\/min\u016btes, kas nepiecie\u0161amas, lai gl\u0101btu savu dz\u012bv\u012bbu. Es ieg\u0101d\u0101\u0161os v\u0113l 2 un tur\u0113\u0161u tos katr\u0101 sav\u0101 transportl\u012bdzekl\u012b. Viss no Byrna, no pieg\u0101des l\u012bdz klientu apkalpo\u0161anai, ir bijis lielisks. Labi padar\u012bts Byrna!\"<\/p>\n<p style=\"text-align: center;\"><strong>Igor B. - 07\/01\/22<\/strong><\/p>\n<p><img loading=\"lazy\" decoding=\"async\" class=\"alignnone size-full wp-image-1808 aligncenter\" src=\"https:\/\/defender.byrna-defense.com\/wp-content\/uploads\/2023\/06\/63c06535a5cbec4ecb9404ef_5aefcd5acac9c0b72fd91156a6bc749b-transformed.png\" alt=\"\" width=\"144\" height=\"31\" \/><\/p>\n<div id=\"gtx-trans\" style=\"position: absolute; left: 222px; top: 126px;\">\n<div class=\"gtx-trans-icon\"><\/div>\n<\/div>\n\r\n\t\t<\/div>\r\n\t<\/div>\r\n<\/div><\/div><\/div><\/div>\n<\/section>","protected":false},"excerpt":{"rendered":"\"This thing is no joke!!! After testing it in my garage, i feel that it is a viable carry option...and i don't just trust any bullshit gimmick when my life [...]","protected":false},"author":1,"featured_media":0,"parent":0,"menu_order":0,"comment_status":"closed","ping_status":"closed","template":"","meta":{"footnotes":""},"class_list":["post-1759","page","type-page","status-publish","hentry"],"_links":{"self":[{"href":"https:\/\/www.defender-byrna.si\/lv\/wp-json\/wp\/v2\/pages\/1759","targetHints":{"allow":["GET"]}}],"collection":[{"href":"https:\/\/www.defender-byrna.si\/lv\/wp-json\/wp\/v2\/pages"}],"about":[{"href":"https:\/\/www.defender-byrna.si\/lv\/wp-json\/wp\/v2\/types\/page"}],"author":[{"embeddable":true,"href":"https:\/\/www.defender-byrna.si\/lv\/wp-json\/wp\/v2\/users\/1"}],"replies":[{"embeddable":true,"href":"https:\/\/www.defender-byrna.si\/lv\/wp-json\/wp\/v2\/comments?post=1759"}],"version-history":[{"count":7,"href":"https:\/\/www.defender-byrna.si\/lv\/wp-json\/wp\/v2\/pages\/1759\/revisions"}],"predecessor-version":[{"id":1968,"href":"https:\/\/www.defender-byrna.si\/lv\/wp-json\/wp\/v2\/pages\/1759\/revisions\/1968"}],"wp:attachment":[{"href":"https:\/\/www.defender-byrna.si\/lv\/wp-json\/wp\/v2\/media?parent=1759"}],"curies":[{"name":"wp","href":"https:\/\/api.w.org\/{rel}","templated":true}]}}