{"id":2099,"date":"2024-05-29T16:20:48","date_gmt":"2024-05-29T14:20:48","guid":{"rendered":"https:\/\/www.defender-byrna.si\/?post_type=product&#038;p=2099"},"modified":"2024-05-29T16:39:55","modified_gmt":"2024-05-29T14:39:55","slug":"tactical-naylon-holster","status":"publish","type":"product","link":"https:\/\/www.defender-byrna.si\/lt\/produktas\/tactical-naylon-holster\/","title":{"rendered":"TAKTIN\u0116 NAILONO D\u0116TUV\u0116"},"content":{"rendered":"","protected":false},"excerpt":{"rendered":"<p><strong>*Suderinamas su \"Byrna SD\", \"HD\" paleidimo \u012frenginiais be pried\u0173 arba tik su 1 priedu (\u017eibintu, lazeriu arba \"Boost\" adapteriu).<\/strong><\/p>\n<p><strong>Suderinamas su \"Byrna SD XL\" be pried\u0173, pritvirtint\u0173 prie b\u0117gio.<\/strong><\/p>\n<p><strong>*NEGALI TIKTI BYRNA SD XL, SD ir HD paleidimo \u012frenginiams su \u012frengtu \"Boost\" adapteriu ir ant b\u0117gio montuojamu priedu.<\/strong><\/p>\n<p>M\u016bs\u0173 \"Byrna\" nailonin\u0117 juosmens d\u0117tuv\u0117 pasi\u017eymi lengvu, minimalistiniu dizainu, tod\u0117l j\u0105 galima patogiai ir vis\u0105 dien\u0105 ne\u0161ioti abipus juosmens viduje (IWB) arba u\u017e juosmens (OWB). Plonas ir paprastas profilis kartu su atviru dugnu suteikia pakankamai erdv\u0117s vamzd\u017eiui, kad b\u016bt\u0173 galima lengvai i\u0161traukti ir saugiai laikyti. J\u012f taip pat galima naudoti ne\u0161iojimui pasl\u0117ptai tarp drabu\u017ei\u0173.<\/p>\n<p>Paleidimo \u012frenginys ne\u012ftrauktas.<\/p>","protected":false},"featured_media":2100,"template":"","meta":[],"product_cat":[86],"product_tag":[],"class_list":{"0":"post-2099","1":"product","2":"type-product","3":"status-publish","4":"has-post-thumbnail","6":"product_cat-accessories","8":"first","9":"instock","10":"shipping-taxable","11":"purchasable","12":"product-type-simple"},"_links":{"self":[{"href":"https:\/\/www.defender-byrna.si\/lt\/wp-json\/wp\/v2\/product\/2099","targetHints":{"allow":["GET"]}}],"collection":[{"href":"https:\/\/www.defender-byrna.si\/lt\/wp-json\/wp\/v2\/product"}],"about":[{"href":"https:\/\/www.defender-byrna.si\/lt\/wp-json\/wp\/v2\/types\/product"}],"wp:featuredmedia":[{"embeddable":true,"href":"https:\/\/www.defender-byrna.si\/lt\/wp-json\/wp\/v2\/media\/2100"}],"wp:attachment":[{"href":"https:\/\/www.defender-byrna.si\/lt\/wp-json\/wp\/v2\/media?parent=2099"}],"wp:term":[{"taxonomy":"product_cat","embeddable":true,"href":"https:\/\/www.defender-byrna.si\/lt\/wp-json\/wp\/v2\/product_cat?post=2099"},{"taxonomy":"product_tag","embeddable":true,"href":"https:\/\/www.defender-byrna.si\/lt\/wp-json\/wp\/v2\/product_tag?post=2099"}],"curies":[{"name":"wp","href":"https:\/\/api.w.org\/{rel}","templated":true}]}}