{"id":2096,"date":"2024-05-29T15:24:12","date_gmt":"2024-05-29T13:24:12","guid":{"rendered":"https:\/\/www.defender-byrna.si\/?post_type=product&#038;p=2096"},"modified":"2024-06-05T11:58:44","modified_gmt":"2024-06-05T09:58:44","slug":"byrna-hd-pepper-kit","status":"publish","type":"product","link":"https:\/\/www.defender-byrna.si\/lt\/produktas\/byrna-hd-pepper-kit\/","title":{"rendered":"BYRNA HD PIPIR\u0172 RINKINYS"},"content":{"rendered":"","protected":false},"excerpt":{"rendered":"<p class=\"para-17\">\"Byrna HD\" sukurtas taip, kad b\u016bt\u0173 u\u017etikrintas optimalus veikimas. \"Byrna HD\", varomas susl\u0117gtu oru (CO2), \u0161audo .68 kalibro kinetiniais ir (arba) pipiriniais u\u017etaisais. Tai ne\u012ftik\u0117tinai galingas ir nemirtinas savigynos ginklas, kur\u012f naudoja t\u016bkstan\u010diai patenkint\u0173 naudotoj\u0173 - nuo civili\u0173 gyventoj\u0173 iki apsaugos bendrovi\u0173 ir teis\u0117saugos institucij\u0173.<\/p>\n<div class=\"rich-text w-richtext\">\n<p>\"Byrna HD\", maitinamas 8 g CO2 kasete, \u0161audo 68 kalibro cheminiais pipiriniais \/ bauginan\u010diais sviediniais, sukurtais sul\u0117tinti arba neutralizuoti gr\u0117sm\u0119 iki 20 metr\u0173 atstumu, bet taip pat gali \u0161audyti kinetiniais (kietojo polimero) arba \"Eco\/Pro-Kinetic\" sviediniais, skirtais mokymams ar gynybai.<\/p>\n<p>\"Byrna HD Pepper Kit\" savyb\u0117s:<\/p>\n<ul role=\"list\">\n<li>Iki 95 m\/s sviedinio greitis<\/li>\n<li>Unikalus nuleistuko mechanizmas - pirmuoju \u0161\u016bviu jis vienu metu praduria \u0161ovin\u012f ir i\u0161\u0161audo sviedinius - patentuotas dizainas, sukurtas\u00a0<em>Bendrov\u0117s \"Byrna Technologies\" technologijos<\/em><\/li>\n<li>13 d\u017eauli\u0173 galia<\/li>\n<li>Tikslus iki 20 metr\u0173<\/li>\n<li>20 \u0161\u016bvi\u0173 vienoje 8 g kaset\u0117je<\/li>\n<li>Ergonomi\u0161ka rankena geresniam valdymui bet kokiomis s\u0105lygomis<\/li>\n<li>Taikikliai greitesniam taikinio suradimui<\/li>\n<li>Sklandus gaiduko paspaudimas<\/li>\n<li>Dvipusis seifo ir ugnies jungiklis, kur\u012f lengva perjungti ir kairiarankiams, ir de\u0161iniarankiams<\/li>\n<li>2 met\u0173 garantija (galima ir\u00a0<em>Viso gyvenimo garantija<\/em>)<\/li>\n<\/ul>\n<p>M\u016bs\u0173 \"Byrna HD Kinetic\" rinkinys pateikiamas apsauginiame, u\u017etrauktuku u\u017esegamame d\u0117kle, kuriame yra viskas, ko reikia norint prad\u0117ti dirbti:<\/p>\n<ul role=\"list\">\n<li>Vienas (1) \"Byrna HD Launcher<\/li>\n<li>Du (2) 5 \u0161ovini\u0173 d\u0117tuv\u0117s<\/li>\n<li>Du (2) \"Byrna\" 8 gram\u0173 CO2 balionai<\/li>\n<li>Vienas (1) 5 \u0161ovini\u0173 \"Byrna Kinetic Projectiles\" vamzdelis<\/li>\n<li>Vienas (1) 5 t\u016bteli\u0173 \"Byrna Pro-Kinetic\" sviedini\u0173 vamzdelis<\/li>\n<li>Vienas (1) 5 t\u016bteli\u0173 \"Byrna Pepper\" sviedini\u0173 m\u0117gintuv\u0117lis<\/li>\n<li><\/li>\n<\/ul>\n<\/div>","protected":false},"featured_media":2062,"template":"","meta":[],"product_cat":[84],"product_tag":[],"class_list":{"0":"post-2096","1":"product","2":"type-product","3":"status-publish","4":"has-post-thumbnail","6":"product_cat-byrna-launcher","8":"first","9":"instock","10":"featured","11":"shipping-taxable","12":"product-type-variable"},"_links":{"self":[{"href":"https:\/\/www.defender-byrna.si\/lt\/wp-json\/wp\/v2\/product\/2096","targetHints":{"allow":["GET"]}}],"collection":[{"href":"https:\/\/www.defender-byrna.si\/lt\/wp-json\/wp\/v2\/product"}],"about":[{"href":"https:\/\/www.defender-byrna.si\/lt\/wp-json\/wp\/v2\/types\/product"}],"wp:featuredmedia":[{"embeddable":true,"href":"https:\/\/www.defender-byrna.si\/lt\/wp-json\/wp\/v2\/media\/2062"}],"wp:attachment":[{"href":"https:\/\/www.defender-byrna.si\/lt\/wp-json\/wp\/v2\/media?parent=2096"}],"wp:term":[{"taxonomy":"product_cat","embeddable":true,"href":"https:\/\/www.defender-byrna.si\/lt\/wp-json\/wp\/v2\/product_cat?post=2096"},{"taxonomy":"product_tag","embeddable":true,"href":"https:\/\/www.defender-byrna.si\/lt\/wp-json\/wp\/v2\/product_tag?post=2096"}],"curies":[{"name":"wp","href":"https:\/\/api.w.org\/{rel}","templated":true}]}}