{"id":1898,"date":"2023-07-26T10:52:54","date_gmt":"2023-07-26T08:52:54","guid":{"rendered":"https:\/\/www.defender-byrna.si\/?post_type=product&#038;p=1898"},"modified":"2025-02-08T22:07:12","modified_gmt":"2025-02-08T21:07:12","slug":"byrna-tcr-pro-bundle-kit","status":"publish","type":"product","link":"https:\/\/www.defender-byrna.si\/lt\/produktas\/byrna-tcr-pro-bundle-kit\/","title":{"rendered":"\"Byrna TCR Pro Bundle Kit\" rinkinys"},"content":{"rendered":"<p><strong><a href=\"https:\/\/www.defender-byrna.si\/wp-content\/uploads\/2023\/07\/Byrna_TCR_Manual_012522.pdf\" style=\"color: black\">BYRNA TCR NAUDOTOJO VADOVAS<\/a><\/strong><\/p>","protected":false},"excerpt":{"rendered":"<p><strong>*CO2 ir sviediniai \u012f TCR paket\u0105 ne\u012ftraukti<\/strong><\/p>\n<p>Naujasis \"Tactical Compact Rifle\", arba TCR, sukurtas kaip universalus ir patikimas \u0161ovinys su magnetais, skirtas nam\u0173 gynybai ir laisvalaikiui. Suprojektuotas taip, kad b\u016bt\u0173 kompakti\u0161kas karinis, tikrovi\u0161kos i\u0161vaizdos \u0161autuvas, kur\u012f lengva pritaikyti ir (arba) patobulinti naudojant standartines keturias Picatinny b\u0117gelius. Auk\u0161tos kokyb\u0117s TCR taip pat turi sulankstomus priekinius ir galinius taikiklius, vertikali\u0105 priekin\u0119 ranken\u0105 ir 11 coli\u0173 auk\u0161tos kokyb\u0117s vamzd\u012f. Naujasis TCR komplektuojamas su 7 ir 12 \u0161ovini\u0173 prailgintais d\u0117tuv\u0117mis ir visi\u0161kai pamink\u0161tintu karabino d\u0117klu. TCR yra tikrai universaliausias \u0161iuo metu prieinamas ma\u017eiau mirtinas \u0161autuvas su magistrale.<\/p>","protected":false},"featured_media":1899,"template":"","meta":[],"product_cat":[84],"product_tag":[],"class_list":{"0":"post-1898","1":"product","2":"type-product","3":"status-publish","4":"has-post-thumbnail","6":"product_cat-byrna-launcher","8":"first","9":"instock","10":"shipping-taxable","11":"purchasable","12":"product-type-variable"},"_links":{"self":[{"href":"https:\/\/www.defender-byrna.si\/lt\/wp-json\/wp\/v2\/product\/1898","targetHints":{"allow":["GET"]}}],"collection":[{"href":"https:\/\/www.defender-byrna.si\/lt\/wp-json\/wp\/v2\/product"}],"about":[{"href":"https:\/\/www.defender-byrna.si\/lt\/wp-json\/wp\/v2\/types\/product"}],"wp:featuredmedia":[{"embeddable":true,"href":"https:\/\/www.defender-byrna.si\/lt\/wp-json\/wp\/v2\/media\/1899"}],"wp:attachment":[{"href":"https:\/\/www.defender-byrna.si\/lt\/wp-json\/wp\/v2\/media?parent=1898"}],"wp:term":[{"taxonomy":"product_cat","embeddable":true,"href":"https:\/\/www.defender-byrna.si\/lt\/wp-json\/wp\/v2\/product_cat?post=1898"},{"taxonomy":"product_tag","embeddable":true,"href":"https:\/\/www.defender-byrna.si\/lt\/wp-json\/wp\/v2\/product_tag?post=1898"}],"curies":[{"name":"wp","href":"https:\/\/api.w.org\/{rel}","templated":true}]}}