{"id":1627,"date":"2023-05-08T16:45:10","date_gmt":"2023-05-08T14:45:10","guid":{"rendered":"https:\/\/defender.byrna-defense.com\/?post_type=product&#038;p=1627"},"modified":"2023-11-19T12:22:25","modified_gmt":"2023-11-19T11:22:25","slug":"byrna-pepper-projectiles-5ct","status":"publish","type":"product","link":"https:\/\/www.defender-byrna.si\/lt\/produktas\/byrna-pepper-projectiles-5ct\/","title":{"rendered":"\"BYRNA\" PIPIR\u0172 SVIEDINIAI (5 VNT.)"},"content":{"rendered":"<p class=\"para-17\">\"Byrna\" pipir\u0173 sviedini\u0173 sud\u0117tyje yra Oleoresin Capsicum (OC) + PAVA mi\u0161inys, tod\u0117l tai vienas galingiausi\u0173 pipir\u0173 sviedini\u0173 rinkoje.<\/p>\n<div class=\"rich-text w-richtext\">\n<p><strong>Fizinis poveikis:<\/strong><\/p>\n<ul role=\"list\">\n<li>Deginimas gerkl\u0117je<\/li>\n<li>\u0160vok\u0161timas<\/li>\n<li>D\u016bsaudamas<\/li>\n<li>Sausas kosulys<\/li>\n<li>Dusulys<\/li>\n<li>Gagging<\/li>\n<li>Negal\u0117jimas kv\u0117puoti<\/li>\n<\/ul>\n<p>Padidinkite pasitik\u0117jim\u0105 savimi ir u\u017etikrinkite savo bei savo \u0161eimos saugum\u0105.<\/p>\n<\/div>","protected":false},"excerpt":{"rendered":"<p>\"Byrna\" pipir\u0173 sviedini\u0173 sud\u0117tyje yra Oleoresin Capsicum (OC) + PAVA mi\u0161inys, tod\u0117l tai vienas galingiausi\u0173 pipir\u0173 sviedini\u0173 rinkoje. Fizinis poveikis: Gerkl\u0117s deginimas \u0160vok\u0161timas [...]<\/p>","protected":false},"featured_media":1628,"template":"","meta":[],"product_cat":[85],"product_tag":[],"class_list":{"0":"post-1627","1":"product","2":"type-product","3":"status-publish","4":"has-post-thumbnail","6":"product_cat-projectiles","8":"first","9":"instock","10":"shipping-taxable","11":"product-type-external"},"_links":{"self":[{"href":"https:\/\/www.defender-byrna.si\/lt\/wp-json\/wp\/v2\/product\/1627","targetHints":{"allow":["GET"]}}],"collection":[{"href":"https:\/\/www.defender-byrna.si\/lt\/wp-json\/wp\/v2\/product"}],"about":[{"href":"https:\/\/www.defender-byrna.si\/lt\/wp-json\/wp\/v2\/types\/product"}],"wp:featuredmedia":[{"embeddable":true,"href":"https:\/\/www.defender-byrna.si\/lt\/wp-json\/wp\/v2\/media\/1628"}],"wp:attachment":[{"href":"https:\/\/www.defender-byrna.si\/lt\/wp-json\/wp\/v2\/media?parent=1627"}],"wp:term":[{"taxonomy":"product_cat","embeddable":true,"href":"https:\/\/www.defender-byrna.si\/lt\/wp-json\/wp\/v2\/product_cat?post=1627"},{"taxonomy":"product_tag","embeddable":true,"href":"https:\/\/www.defender-byrna.si\/lt\/wp-json\/wp\/v2\/product_tag?post=1627"}],"curies":[{"name":"wp","href":"https:\/\/api.w.org\/{rel}","templated":true}]}}