{"id":1611,"date":"2023-05-08T16:32:19","date_gmt":"2023-05-08T14:32:19","guid":{"rendered":"https:\/\/defender.byrna-defense.com\/?post_type=product&#038;p=1611"},"modified":"2023-11-19T12:23:40","modified_gmt":"2023-11-19T11:23:40","slug":"byrna-sd-pepper","status":"publish","type":"product","link":"https:\/\/www.defender-byrna.si\/lt\/produktas\/byrna-sd-pepper\/","title":{"rendered":"BYRNA SD PIPIRAI"},"content":{"rendered":"","protected":false},"excerpt":{"rendered":"<p><iframe loading=\"lazy\" title=\"&quot;YouTube&quot; vaizdo \u012fra\u0161\u0173 grotuvas\" src=\"https:\/\/www.youtube.com\/embed\/YSOiUlC0JFQ\" width=\"560\" height=\"315\" frameborder=\"0\" allowfullscreen=\"allowfullscreen\"><\/iframe><\/p>\n<p>\"Byrna SD\" paleidimo \u012frenginys buvo sukurtas remiantis esamu \"Byrna HD\" modeliu, kur\u012f \u0161iuo metu naudoja t\u016bkstan\u010diai patenkint\u0173 naudotoj\u0173 - nuo civili\u0173 gyventoj\u0173 iki saugumo bendrovi\u0173 ir teis\u0117saugos institucij\u0173.<\/p>\n<p>Po s\u0117km\u0117s tarp profesional\u0173, naujoji SD modelio versija dabar turi naujo dizaino ranken\u0105, naujus taikiklius ir optimizuot\u0105 nuleistuko uodeg\u0105.<\/p>\n<p>\"Byrna SD\" \u0161audo 68 kalibro cheminiais pipiriniais \/ bauginan\u010diais sviediniais, sukurtais sul\u0117tinti arba neutralizuoti gr\u0117sm\u0119 iki 20 metr\u0173 atstumu, bet taip pat gali \u0161audyti kinetiniais (kietojo polimero) arba \"Eco\/Pro-Kinetic\" sviediniais, skirtais mokymams ar gynybai.<\/p>\n<p>Su 8 g CO2 \u0161oviniu galima \u0161audyti i\u0161 4 d\u0117tuvi\u0173 po 5 \u0161ovinius.<\/p>\n<p>\"Byrna SD\" yra ne\u012ftik\u0117tinai galingas ir veiksmingas nemirtinas savigynos ginklas.<\/p>\n<p>\"Byrna SD Pepper Kit\" ypatyb\u0117s:<\/p>\n<ul role=\"list\">\n<li>Iki 95 m\/s sviedinio greitis<\/li>\n<li>Unikalus nuleistuko mechanizmas - pirmuoju \u0161\u016bviu jis vienu metu praduria \u0161ovin\u012f ir i\u0161\u0161audo sviedinius - patentuotas dizainas, sukurtas\u00a0<em>Bendrov\u0117s \"Byrna Technologies\" technologijos<\/em><\/li>\n<li>13 d\u017eauli\u0173 galia<\/li>\n<li>Tikslus iki 20 metr\u0173<\/li>\n<li>20 \u0161\u016bvi\u0173 vienoje 8 g kaset\u0117je<\/li>\n<li>Ergonomi\u0161ka bi\u010di\u0173 korio formos rankena geresniam valdymui bet kokiomis s\u0105lygomis<\/li>\n<li>Patobulinti taikikliai greitesniam taikinio suradimui<\/li>\n<li>Tiesus nuleistukas su 2,94 kg nuleistuko traukimo j\u0117ga ir sklandesniu paspaudimu<\/li>\n<li>Dvipusis seifo ir ugnies jungiklis, kur\u012f lengva perjungti ir kairiarankiams, ir de\u0161iniarankiams<\/li>\n<li>2 met\u0173 garantija (galima ir\u00a0<em>Viso gyvenimo garantija<\/em>)<\/li>\n<\/ul>\n<p>Kas \u012feina \u012f komplekt\u0105:<\/p>\n<p>M\u016bs\u0173 \"Byrna SD Kinetic Kit\" yra apsauginiame, u\u017etrauktuku u\u017esegamame d\u0117kle, kuriame yra viskas, ko reikia norint prad\u0117ti dirbti:<\/p>\n<ul role=\"list\">\n<li>Vienas (1) \"Byrna SD Launcher<\/li>\n<li>Du (2) 5 \u0161ovini\u0173 d\u0117tuv\u0117s<\/li>\n<li>Du (2) \"Byrna\" 8 gram\u0173 CO2 balionai<\/li>\n<li>Dvi (2) 5 \u0161ovini\u0173 t\u016bbel\u0117s su \"Byrna Kinetic Projectiles<\/li>\n<li><em>Vienas (1) 5 t\u016bteli\u0173 \"Byrna Pro Pepper Projectiles\" m\u0117gintuv\u0117lis<\/em><\/li>\n<li>Vienas (1) 5 \u0161ovini\u0173 t\u016bbel\u0117 ob Byrna Pepper Projectiles<\/li>\n<li>Vienas (1) 5 \u0161ovini\u0173 vamzdelis ob Byrna Kinetic Projectiles<\/li>\n<li>Vienas (1) 5 \u0161ovini\u0173 t\u016bbel\u0117 ob Byrna Eco-Kinetics Projectiles<\/li>\n<\/ul>","protected":false},"featured_media":1612,"template":"","meta":[],"product_cat":[84],"product_tag":[],"class_list":{"0":"post-1611","1":"product","2":"type-product","3":"status-publish","4":"has-post-thumbnail","6":"product_cat-byrna-launcher","8":"first","9":"instock","10":"featured","11":"shipping-taxable","12":"product-type-external"},"_links":{"self":[{"href":"https:\/\/www.defender-byrna.si\/lt\/wp-json\/wp\/v2\/product\/1611","targetHints":{"allow":["GET"]}}],"collection":[{"href":"https:\/\/www.defender-byrna.si\/lt\/wp-json\/wp\/v2\/product"}],"about":[{"href":"https:\/\/www.defender-byrna.si\/lt\/wp-json\/wp\/v2\/types\/product"}],"wp:featuredmedia":[{"embeddable":true,"href":"https:\/\/www.defender-byrna.si\/lt\/wp-json\/wp\/v2\/media\/1612"}],"wp:attachment":[{"href":"https:\/\/www.defender-byrna.si\/lt\/wp-json\/wp\/v2\/media?parent=1611"}],"wp:term":[{"taxonomy":"product_cat","embeddable":true,"href":"https:\/\/www.defender-byrna.si\/lt\/wp-json\/wp\/v2\/product_cat?post=1611"},{"taxonomy":"product_tag","embeddable":true,"href":"https:\/\/www.defender-byrna.si\/lt\/wp-json\/wp\/v2\/product_tag?post=1611"}],"curies":[{"name":"wp","href":"https:\/\/api.w.org\/{rel}","templated":true}]}}