{"id":1868,"date":"2023-06-30T10:26:38","date_gmt":"2023-06-30T08:26:38","guid":{"rendered":"https:\/\/defender.byrna-defense.com\/?page_id=1868"},"modified":"2023-06-30T10:26:40","modified_gmt":"2023-06-30T08:26:40","slug":"safety-warning-notice","status":"publish","type":"page","link":"https:\/\/www.defender-byrna.si\/lt\/safety-warning-notice\/","title":{"rendered":"\u012esp\u0117jamasis prane\u0161imas apie saug\u0105"},"content":{"rendered":"<p><strong>*\u0160IS PRANE\u0160IMAS TAIKOMAS TIK TAM TIKRIEMS \"BYRNA HD\" PALEIDIMO \u012eRENGINIAMS, KURIUOS \"BYRNA\" PRISTAT\u0116 IKI 2021 M. VASARIO 12 D. VISIEMS \"BYRNA HD\" PALEIDIKLIAMS, KURIUOS \"BYRNA\" I\u0160SIUNT\u0116 PO 2021 M. VASARIO 12 D., TAIKOMAS ATNAUJINTAS BANDYM\u0172 PROTOKOLAS, SIEKIANT U\u017dTIKRINTI, KAD \u0160I TECHNIN\u0116 PROBLEMA J\u0172 NEPAVEIKT\u0172.<\/strong><\/p><p>D\u0116MESIO D\u0116MESIO<\/p><p>2021 m. vasario 15 d.<\/p><h4 class=\"wp-block-heading\"><strong>BYRNA TECHNOLOGIES INC. SKELBIA \u012eSP\u0116JIM\u0104 D\u0116L SAUGOS IR ASMENINI\u0172 APSAUGOS PRIETAIS\u0172 BYRNA HD TIKRINIMO PROCED\u016aRAS *<\/strong><\/h4><p>Bendrov\u0117 \"Byrna Technologies Inc.\" (toliau - \"Byrna\") nustat\u0117 ribot\u0105 skai\u010di\u0173 \"Byrna HD\" paleidimo \u012frengini\u0173, kuri\u0173 apsauginis laidas gali neatitikti specifikacijos reikalavim\u0173. Tam tikromis aplinkyb\u0117mis tai gali sukelti nenumatyt\u0105 \"Byrna HD\" paleidimo \u012ftaiso i\u0161krova, jei gaidukas nuspaud\u017eiamas, kai saugos svirtis yra \"SAFE\" pad\u0117tyje. Netipin\u0117 \u012fvyki\u0173 seka, d\u0117l kurios paveiktas \"Byrna HD\" paleidimo \u012frenginys gali i\u0161\u0161audyti sviedin\u012f, kai jis yra \"SAFE\" pad\u0117tyje, yra tokia:<\/p><p>1. Nuspaud\u017eiamas gaidukas, kai saugos svirtis yra \"FIRE\" pad\u0117tyje, nesant \u012fd\u0117tos CO2 kaset\u0117s arba esant visi\u0161kai i\u0161leistai CO2 kasetei. D\u0117l to plaktukas \"u\u017eg\u0119sta\".<\/p><p>2. Tada naudotojas \u012fdeda nauj\u0105 CO2 kaset\u0119, apsaugin\u0119 svirtel\u0119 pastato \u012f \"SAFE\" pad\u0117t\u012f ir nuspaud\u017eia gaiduk\u0105, kol svirtel\u0117 yra \"SAFE\" pad\u0117tyje. Paveiktuose paleidimo \u012frenginiuose plaktukas smogs \u012f \"u\u017edegimo kai\u0161t\u012f\" ir paleidimo \u012frenginys i\u0161siskleis.<\/p><p>\u012evyki\u0173 seka, d\u0117l kurios \"Byrna HD\" paleidimo \u012frenginys gali i\u0161\u0161auti su \u012fjungtu saugikliu, yra netipin\u0117 (ir pa\u017eeid\u017eia \"Byrna\" saugos instrukcijas bei \u012fsp\u0117jimus). \"Byrna HD\" paleidimo \u012frenginys niekada netur\u0117t\u0173 b\u016bti nukreiptas \u012f kit\u0105 asmen\u012f, i\u0161skyrus atvejus, kai tas asmuo kelia gr\u0117sm\u0119 naudotojo saugumui ir kai i\u0161\u0161aunama savigynos tikslais. Ta\u010diau \"Byrna\" misija yra skatinti saugum\u0105, tod\u0117l man\u0117me, kad b\u016btina \u012fsp\u0117ti savo klientus apie \u0161i\u0105 galim\u0105 technin\u0119 problem\u0105. Bendrov\u0117 \"Byrna\" atliks gamyklin\u012f techninio aptarnavimo atnaujinim\u0105 (nemokamai) paveiktiems paleidimo \u012frenginiams visiems klientams, kurie pageidauja pasinaudoti \u0161ia aptarnavimo programa.<\/p><p>Nor\u0117damas nustatyti, ar \"Byrna HD\" paleidimo \u012frenginiui turi \u012ftakos \u0161i technin\u0117 problema, savininkas gali atlikti \u0161\u012f test\u0105:<\/p><h4 class=\"wp-block-heading\">TESTAVIMO PROTOKOLAS IR PROCED\u016aRA<\/h4><p>1. Suraskite viet\u0105 lauke, kurioje neb\u016bt\u0173 pa\u0161alini\u0173 \u017emoni\u0173.<br>2. Nukreipkite \"Byrna HD\" paleidimo \u012frengin\u012f saugia kryptimi ir \u012fsitikinkite, kad \"Byrna HD\" paleidimo \u012frenginio saugos svirtis yra nukreipta \u012f vir\u0161\u0173, \u012f \"SAFE\" pad\u0117t\u012f.<br>3. Laikydami \"Byrna HD\" paleidimo \u012frengin\u012f nukreipt\u0105 \u017eemyn ir saugia kryptimi, atsargiai i\u0161imkite i\u0161 \"Byrna HD\" paleidimo \u012frenginio CO2 kaset\u0119 ir d\u0117tuv\u0119.<br>4. Laikydami \"Byrna HD\" paleidimo \u012frengin\u012f nukreipt\u0105 \u017eemyn ir saugia kryptimi, pad\u0117kite rank\u0105 po \u0161uliniu ir paspauskite (\"pa\u017eeidimo indikatori\u0173\") ant vir\u0161utinio \u0161liau\u017eiklio. Taip bus i\u0161valyti visi \"Byrna HD\" paleidimo \u012frenginyje lik\u0119 sviediniai.<br>5. \u0160IAME ETAPE CO2 KASET\u0116S NEPERKRAUKITE. I\u0161val\u0119 visus \"Byrna HD\" paleidimo \u012frenginyje likusius \u0161ovinius, \u012fd\u0117kite tu\u0161\u010di\u0105 d\u0117tuv\u0119, nukreipkite \"Byrna HD\" paleidimo \u012frengin\u012f saugia kryptimi, pasukite saugikl\u012f \u012f pad\u0117t\u012f \"FIRE\" ir tvirtai nuspauskite gaiduk\u0105. Atkreipkite d\u0117mes\u012f \u012f gaiduko paspaudimo gars\u0105 - tai garsas, kur\u012f jis skleid\u017eia be jokio CO2 i\u0161metimo.<br>6. Pasukite \"Byrna HD\" paleidimo \u012frenginio saugos svirt\u012f atgal \u012f \"SAFE\" pad\u0117t\u012f, \u012fd\u0117kite \u0161vie\u017ei\u0105 neper\u0161aut\u0105 CO2 kaset\u0119, kaip nurodyta instrukcijoje. NEU\u017dKRAUKITE SVIEDINIO.<br>7. Nukreip\u0119 \"Byrna HD\" \u0161autuv\u0105 saugia kryptimi ir laikydami saugos svirt\u012f \"SAFE\" pad\u0117tyje, tvirtai nuspauskite gaiduk\u0105. Jei 7 veiksme paspaudus gaiduk\u0105 pasigirsta spragtel\u0117jimas, trenksmas ar kitas garsas, atspindintis CO2 i\u0161metim\u0105 (bet koks kitas garsas, i\u0161skyrus gars\u0105, girdim\u0105 5 veiksme vien tik paspaudus gaiduk\u0105), tai rei\u0161kia, kad \u012fvyko CO2 i\u0161metimas ir \"Byrna HD\" paleidimo \u012frenginys yra paveiktas.<\/p><p>Jei 7 veiksme nuspaudus gaiduk\u0105 nesigird\u0117jo CO2 i\u0161metim\u0105 rodan\u010dio triuk\u0161mo, \u0161i technin\u0117 problema \"Byrna HD\" paleidimo \u012frenginiui \u012ftakos neturi ir joki\u0173 tolesni\u0173 veiksm\u0173 imtis nereikia.<br>Toliau per\u017ei\u016br\u0117kite testavimo proced\u016bros vaizdo \u012fra\u0161\u0105.<\/p><figure class=\"wp-block-embed is-type-rich is-provider-embed-handler wp-block-embed-embed-handler wp-embed-aspect-16-9 wp-has-aspect-ratio\"><div class=\"wp-block-embed__wrapper\">\n<iframe loading=\"lazy\" title=\"\u012eSP\u0116JIMAS APIE SAUG\u0104\" width=\"1170\" height=\"658\" src=\"https:\/\/www.youtube.com\/embed\/6st_PxC3D3Q?feature=oembed\" frameborder=\"0\" allow=\"accelerometer; autoplay; clipboard-write; encrypted-media; gyroscope; picture-in-picture; web-share\" allowfullscreen><\/iframe>\n<\/div><\/figure><h4 class=\"wp-block-heading\">\u012eSP\u0116JIMAS -<\/h4><p>Neatsi\u017evelgiant \u012f tai, ar saugos svirtis yra \"SAFE\", ar \"FIRE\" pad\u0117tyje, \"Byrna HD\" paleidimo \u012frenginys NIEKADA netur\u0117t\u0173 b\u016bti nukreiptas \u012f \u017emog\u0173 ar gyv\u016bn\u0105, nebent jis naudojamas savigynai. \"Byrna HD\" paleidimo \u012frenginys n\u0117ra \u017eaislas ir netinkamai naudojamas gali sukelti rimt\u0173 su\u017ealojim\u0173. Niekada nepasikliaukite \"Byrna HD\" paleidimo \u012frenginio mechanine apsauga, kad i\u0161vengtum\u0117te atsitiktinio paleidimo. Mechaninis \u012ftaisas gali sugesti, tod\u0117l norint i\u0161vengti nelaiming\u0173 atsitikim\u0173 labai svarbu laikytis saugaus naudojimo taisykli\u0173 ir proced\u016br\u0173.<\/p><h4 class=\"wp-block-heading\">TOLESNI \u017dINGSNIAI:<\/h4><p>Bet kur\u012f \"Byrna HD\" paleidimo \u012frengin\u012f, kur\u012f paveik\u0117 \u0161i technin\u0117 problema, galima gr\u0105\u017einti \u012f gamykl\u0105, kad b\u016bt\u0173 atliktas techninis atnaujinimas, kuris savininkui nieko nekainuos. Jei norite, kad j\u016bs\u0173 \"Byrna HD\" paleidimo \u012frenginiui b\u016bt\u0173 suteiktas techninio aptarnavimo atnaujinimas, u\u017epildykite toliau pateikt\u0105 form\u0105. Kol kas galite toliau naudoti \"Byrna HD\" paleidimo \u012frengin\u012f, ta\u010diau tur\u0117kite omenyje, kad pasikartojus pirmiau apra\u0161ytai \u012fvyki\u0173 sekai, paspaudus nuleistuk\u0105 \"Byrna HD\" paleidimo \u012frenginys \u0161audys saugiuoju re\u017eimu.<a href=\"https:\/\/www.defender-byrna.eu\/faqs\">\"Jei turite papildom\u0173 klausim\u0173, spustel\u0117kite \u010dia ir apsilankykite m\u016bs\u0173 DUK skyriuje.<\/a><\/p>","protected":false},"excerpt":{"rendered":"<p>*THIS NOTICE ONLY AFFECTS CERTAIN BYRNA HD LAUNCHERS SHIPPED BY BYRNA BEFORE FEBRUARY 12, 2021. ALL BYRNA HD LAUNCHERS SHIPPED BY BYRNA AFTER FEBRUARY 12, 2021 ARE SUBJECT TO AN [&hellip;]<\/p>","protected":false},"author":1,"featured_media":0,"parent":0,"menu_order":0,"comment_status":"closed","ping_status":"closed","template":"","meta":{"footnotes":""},"class_list":["post-1868","page","type-page","status-publish","hentry"],"_links":{"self":[{"href":"https:\/\/www.defender-byrna.si\/lt\/wp-json\/wp\/v2\/pages\/1868","targetHints":{"allow":["GET"]}}],"collection":[{"href":"https:\/\/www.defender-byrna.si\/lt\/wp-json\/wp\/v2\/pages"}],"about":[{"href":"https:\/\/www.defender-byrna.si\/lt\/wp-json\/wp\/v2\/types\/page"}],"author":[{"embeddable":true,"href":"https:\/\/www.defender-byrna.si\/lt\/wp-json\/wp\/v2\/users\/1"}],"replies":[{"embeddable":true,"href":"https:\/\/www.defender-byrna.si\/lt\/wp-json\/wp\/v2\/comments?post=1868"}],"version-history":[{"count":1,"href":"https:\/\/www.defender-byrna.si\/lt\/wp-json\/wp\/v2\/pages\/1868\/revisions"}],"predecessor-version":[{"id":1870,"href":"https:\/\/www.defender-byrna.si\/lt\/wp-json\/wp\/v2\/pages\/1868\/revisions\/1870"}],"wp:attachment":[{"href":"https:\/\/www.defender-byrna.si\/lt\/wp-json\/wp\/v2\/media?parent=1868"}],"curies":[{"name":"wp","href":"https:\/\/api.w.org\/{rel}","templated":true}]}}