{"id":1759,"date":"2023-06-15T18:49:17","date_gmt":"2023-06-15T16:49:17","guid":{"rendered":"https:\/\/defender.byrna-defense.com\/?page_id=1759"},"modified":"2023-07-26T16:12:27","modified_gmt":"2023-07-26T14:12:27","slug":"reviews","status":"publish","type":"page","link":"https:\/\/www.defender-byrna.si\/lt\/reviews\/","title":{"rendered":"Ap\u017evalgos"},"content":{"rendered":"<section class=\"wpb-content-wrapper\"><div class=\"vc_row wpb_row vc_row-fluid\"><div class=\"wpb_column vc_column_container vc_col-sm-12\"><div class=\"vc_column-inner\"><div class=\"wpb_wrapper\">\r\n\t<div class=\"wpb_text_column wpb_content_element\" >\r\n\t\t<div class=\"wpb_wrapper\">\r\n\t\t\t<p style=\"text-align: center;\">\"\u0160is dalykas n\u0117ra pok\u0161tas!!! I\u0161band\u0119s j\u012f savo gara\u017ee, jau\u010diu, kad tai yra perspektyvi ne\u0161iojimo galimyb\u0117... ir a\u0161 ne tik pasitikiu bet kokiu \u0161\u016bdinu triuku, kai mano gyvyb\u0117 yra ant linijos. Po to, kai tapau liudininku to, k\u0105 kieti sviediniai padar\u0117 su med\u017eio dro\u017eli\u0173 plok\u0161t\u0117s gabalu, kur\u012f naudojau kaip atram\u0105? Galite oficialiai man klijuoti \"byrna tikin\u010dio\" etiket\u0119. Ateinan\u010diomis savait\u0117mis nusipirksiu dar kelet\u0105.\"<\/p>\n<p style=\"text-align: center;\"><strong>Alexander R. - 01\/23\/20<\/strong><\/p>\n<p><img loading=\"lazy\" decoding=\"async\" class=\"alignnone size-full wp-image-1808 aligncenter\" src=\"https:\/\/defender.byrna-defense.com\/wp-content\/uploads\/2023\/06\/63c06535a5cbec4ecb9404ef_5aefcd5acac9c0b72fd91156a6bc749b-transformed.png\" alt=\"\" width=\"144\" height=\"31\" \/><\/p>\n\r\n\t\t<\/div>\r\n\t<\/div>\r\n<div class=\"vc_empty_space\"   style=\"height: 32px\"><span class=\"vc_empty_space_inner\"><\/span><\/div>\r\n\t<div class=\"wpb_text_column wpb_content_element\" >\r\n\t\t<div class=\"wpb_wrapper\">\r\n\t\t\t<p style=\"text-align: center;\">\"Turiu pasakyti, kad tai labai gerai pagamintas savigynos produktas.. nors tai n\u0117ra \u0161aunamasis ginklas, kur\u012f reikia ne\u0161iotis ir sl\u0117pti, kaip buvo. Tur\u0117jau j\u012f apie m\u0117nes\u012f ir jau tur\u0117jo apsaugoti savo \u0161eim\u0105 su juo Nauj\u0173j\u0173 met\u0173 nakt\u012f apie 3 val. sumi\u0161\u0119s girtas asmuo at\u0117jo beld\u017eiasi \u012f m\u016bs\u0173 priekines galines duris \u0161aukia, kad leiskite jiems..... atsistojo grieb\u0117 mano byrna ir nor\u0117jo, kad viskas deescalate.. jie padar\u0117, bet buvo labai \u012fsitikin\u0119s, kad mano byrna po ranka su manimi... A\u0161 j\u012f visur einu pasl\u0117ptas. \"<\/p>\n<p style=\"text-align: center;\"><strong>Peter S. - 01\/05\/20<\/strong><\/p>\n<p><img loading=\"lazy\" decoding=\"async\" class=\"alignnone size-full wp-image-1808 aligncenter\" src=\"https:\/\/defender.byrna-defense.com\/wp-content\/uploads\/2023\/06\/63c06535a5cbec4ecb9404ef_5aefcd5acac9c0b72fd91156a6bc749b-transformed.png\" alt=\"\" width=\"144\" height=\"31\" \/><\/p>\n\r\n\t\t<\/div>\r\n\t<\/div>\r\n<div class=\"vc_empty_space\"   style=\"height: 32px\"><span class=\"vc_empty_space_inner\"><\/span><\/div>\r\n\t<div class=\"wpb_text_column wpb_content_element\" >\r\n\t\t<div class=\"wpb_wrapper\">\r\n\t\t\t<p style=\"text-align: center;\">\"Pirmiausia leiskite man pasakyti, kad tai yra nuostabus produktas. Gerai sukonstruotas, universalus ir tikslus! Jis kompakti\u0161kas, juo lengva naudotis ir lengva i\u0161mokyti juo naudotis ir kitus. Asmeni\u0161kai a\u0161 manau, kad tai geriausias savigynos ginklas rinkoje! Patinka ir dykumos \u012fdegio spalva. Jei ie\u0161kote geriausio nemirtino b\u016bdo apsiginti, tada neie\u0161kokite toliau, tada Byrna HD A\u0161 b\u016bsiu pirkti kelet\u0105 daugiau ateityje \u0161eimos ir draug\u0173.\"<\/p>\n<p style=\"text-align: center;\"><strong>Tobias H. - 11\/28\/19<\/strong><\/p>\n<p><img loading=\"lazy\" decoding=\"async\" class=\"alignnone size-full wp-image-1808 aligncenter\" src=\"https:\/\/defender.byrna-defense.com\/wp-content\/uploads\/2023\/06\/63c06535a5cbec4ecb9404ef_5aefcd5acac9c0b72fd91156a6bc749b-transformed.png\" alt=\"\" width=\"144\" height=\"31\" \/><\/p>\n\r\n\t\t<\/div>\r\n\t<\/div>\r\n<div class=\"vc_empty_space\"   style=\"height: 32px\"><span class=\"vc_empty_space_inner\"><\/span><\/div>\r\n\t<div class=\"wpb_text_column wpb_content_element\" >\r\n\t\t<div class=\"wpb_wrapper\">\r\n\t\t\t<p style=\"text-align: center;\">\"A\u0161 tai gavau savo \u017emonai, nes ji neabejotinai yra \"Ungun\" demografinis centras, kurio siekia \"Byrna\". Jis atvyko laiku ir buvo saugiai supakuotas. Turimose nuotraukose ir vaizdo \u012fra\u0161uose tiesiog neperteikiama konstrukcijos kokyb\u0117 ir tikslumas. Pereiti prie \u0161audymo buvo lengva. Kadangi n\u0117ra atatrankos ir i\u0161lyd\u017eio garso, \"\u0161ovinius\" nukreipti \u012f taikin\u012f buvo gana lengva. FYI... Fiksuoti taikikliai yra tiksl\u016bs. Tur\u0117ti kelet\u0105 tritini\u0173 ta\u0161k\u0173 b\u016bt\u0173 gerai, bet jie n\u0117ra b\u016btini. B\u016btinai tur\u0117kite daug kinetini\u0173 \u0161ovini\u0173 ir CO2 \u0161ovini\u0173, nes galiausiai i\u0161\u0161audysite daugiau, nei man\u0117te, kad i\u0161\u0161ausite.\"<\/p>\n<p style=\"text-align: center;\"><strong>Finn A. - 11\/25\/21<\/strong><\/p>\n<p><img loading=\"lazy\" decoding=\"async\" class=\"alignnone size-full wp-image-1808 aligncenter\" src=\"https:\/\/defender.byrna-defense.com\/wp-content\/uploads\/2023\/06\/63c06535a5cbec4ecb9404ef_5aefcd5acac9c0b72fd91156a6bc749b-transformed.png\" alt=\"\" width=\"144\" height=\"31\" \/><\/p>\n\r\n\t\t<\/div>\r\n\t<\/div>\r\n<div class=\"vc_empty_space\"   style=\"height: 32px\"><span class=\"vc_empty_space_inner\"><\/span><\/div>\r\n\t<div class=\"wpb_text_column wpb_content_element\" >\r\n\t\t<div class=\"wpb_wrapper\">\r\n\t\t\t<p style=\"text-align: center;\">\"Lengva naudoti ir ekologi\u0161ka. Turi puiki\u0105 gali\u0105 ir m\u0117gstu d\u016bmus, kai taikosi treniruotis. Patinka, kad nereikia eiti persekioti ir rinkti, nes lietus jais pasir\u016bpina.\"<\/p>\n<p style=\"text-align: center;\"><strong>Alex S. - 12\/20\/21<\/strong><\/p>\n<p><img loading=\"lazy\" decoding=\"async\" class=\"alignnone size-full wp-image-1808 aligncenter\" src=\"https:\/\/defender.byrna-defense.com\/wp-content\/uploads\/2023\/06\/63c06535a5cbec4ecb9404ef_5aefcd5acac9c0b72fd91156a6bc749b-transformed.png\" alt=\"\" width=\"144\" height=\"31\" \/><\/p>\n<div id=\"gtx-trans\" style=\"position: absolute; left: 263px; top: 78px;\">\n<div class=\"gtx-trans-icon\"><\/div>\n<\/div>\n\r\n\t\t<\/div>\r\n\t<\/div>\r\n<div class=\"vc_empty_space\"   style=\"height: 32px\"><span class=\"vc_empty_space_inner\"><\/span><\/div>\r\n\t<div class=\"wpb_text_column wpb_content_element\" >\r\n\t\t<div class=\"wpb_wrapper\">\r\n\t\t\t<p style=\"text-align: center;\">\"Puikus nemirtinas paleidimo \u012frenginys. Ne\u0161iojuosi j\u012f vis\u0105 laik\u0105, kad gal\u0117\u010diau ne\u0161iotis pasl\u0117ptai, nes gavau \"Byrna sd\". Nor\u0117\u010diau, kad gal\u0117\u010diau nusipirkti pipirini\u0173 rutuliuk\u0173 arba max rutuliuk\u0173, nes gyvenu Kalifornijoje. Taip pat gavau 2 7 \u0161ovini\u0173 d\u0117tuves ir gavau 95 kinetinius rutuliukus.\"<\/p>\n<p style=\"text-align: center;\"><strong>Artem M. - 08\/09\/22<\/strong><\/p>\n<p><img loading=\"lazy\" decoding=\"async\" class=\"alignnone size-full wp-image-1808 aligncenter\" src=\"https:\/\/defender.byrna-defense.com\/wp-content\/uploads\/2023\/06\/63c06535a5cbec4ecb9404ef_5aefcd5acac9c0b72fd91156a6bc749b-transformed.png\" alt=\"\" width=\"144\" height=\"31\" \/><\/p>\n<div id=\"gtx-trans\" style=\"position: absolute; left: 264px; top: 126px;\">\n<div class=\"gtx-trans-icon\"><\/div>\n<\/div>\n\r\n\t\t<\/div>\r\n\t<\/div>\r\n<div class=\"vc_empty_space\"   style=\"height: 32px\"><span class=\"vc_empty_space_inner\"><\/span><\/div>\r\n\t<div class=\"wpb_text_column wpb_content_element\" >\r\n\t\t<div class=\"wpb_wrapper\">\r\n\t\t\t<p style=\"text-align: center;\">\"WOW, koks gerai pagamintas prietaisas! \u0160iuo metu turiu HD kartu su visais \u012frenginiais. K\u0105 tik \u012fsigijau du SD s\u016bnui ir dukrai. Kalbame apie malonum\u0105 fotografuoti. Kiekvienas gali tai naudoti. Tereikia \u012frengti \u0161audykl\u0105 kieme. Geriausia tai, kad jie yra legal\u016bs bet kur. Man patinka greitas atjungimas, nes jis visada paruo\u0161tas. Geras dalykas, atsi\u017evelgiant \u012f laikus buvo. A\u010di\u016b \"Byrna\", kad suteik\u0117te mums dar vien\u0105 galimyb\u0119!\"<\/p>\n<p style=\"text-align: center;\"><strong>Michael A. - 20\/21 d.<\/strong><\/p>\n<p><img loading=\"lazy\" decoding=\"async\" class=\"alignnone size-full wp-image-1808 aligncenter\" src=\"https:\/\/defender.byrna-defense.com\/wp-content\/uploads\/2023\/06\/63c06535a5cbec4ecb9404ef_5aefcd5acac9c0b72fd91156a6bc749b-transformed.png\" alt=\"\" width=\"144\" height=\"31\" \/><\/p>\n<div id=\"gtx-trans\" style=\"position: absolute; left: 258px; top: 150px;\">\n<div class=\"gtx-trans-icon\"><\/div>\n<\/div>\n\r\n\t\t<\/div>\r\n\t<\/div>\r\n<div class=\"vc_empty_space\"   style=\"height: 32px\"><span class=\"vc_empty_space_inner\"><\/span><\/div>\r\n\t<div class=\"wpb_text_column wpb_content_element\" >\r\n\t\t<div class=\"wpb_wrapper\">\r\n\t\t\t<p style=\"text-align: center;\">\"Geras darbas su Byrna. Man labai patinka j\u0105 tur\u0117ti su savimi vietose, kur \u0161aunamieji ginklai draud\u017eiami. Labai tikslus ir suteiks jums tas por\u0105 sekund\u017ei\u0173 \/ minu\u010di\u0173, kuri\u0173 reikia, kad i\u0161gelb\u0117tum\u0117te savo gyvyb\u0119. \u012esigysiu dar 2 ir laikysiu juos kiekvienoje savo transporto priemon\u0117je. Viskas i\u0161 \"Byrna\", nuo pristatymo iki klient\u0173 aptarnavimo, buvo puikus. Puikiai atlikta Byrna!\"<\/p>\n<p style=\"text-align: center;\"><strong>Igor B. - 07\/01\/22<\/strong><\/p>\n<p><img loading=\"lazy\" decoding=\"async\" class=\"alignnone size-full wp-image-1808 aligncenter\" src=\"https:\/\/defender.byrna-defense.com\/wp-content\/uploads\/2023\/06\/63c06535a5cbec4ecb9404ef_5aefcd5acac9c0b72fd91156a6bc749b-transformed.png\" alt=\"\" width=\"144\" height=\"31\" \/><\/p>\n<div id=\"gtx-trans\" style=\"position: absolute; left: 222px; top: 126px;\">\n<div class=\"gtx-trans-icon\"><\/div>\n<\/div>\n\r\n\t\t<\/div>\r\n\t<\/div>\r\n<\/div><\/div><\/div><\/div>\n<\/section>","protected":false},"excerpt":{"rendered":"\"This thing is no joke!!! After testing it in my garage, i feel that it is a viable carry option...and i don't just trust any bullshit gimmick when my life [...]","protected":false},"author":1,"featured_media":0,"parent":0,"menu_order":0,"comment_status":"closed","ping_status":"closed","template":"","meta":{"footnotes":""},"class_list":["post-1759","page","type-page","status-publish","hentry"],"_links":{"self":[{"href":"https:\/\/www.defender-byrna.si\/lt\/wp-json\/wp\/v2\/pages\/1759","targetHints":{"allow":["GET"]}}],"collection":[{"href":"https:\/\/www.defender-byrna.si\/lt\/wp-json\/wp\/v2\/pages"}],"about":[{"href":"https:\/\/www.defender-byrna.si\/lt\/wp-json\/wp\/v2\/types\/page"}],"author":[{"embeddable":true,"href":"https:\/\/www.defender-byrna.si\/lt\/wp-json\/wp\/v2\/users\/1"}],"replies":[{"embeddable":true,"href":"https:\/\/www.defender-byrna.si\/lt\/wp-json\/wp\/v2\/comments?post=1759"}],"version-history":[{"count":7,"href":"https:\/\/www.defender-byrna.si\/lt\/wp-json\/wp\/v2\/pages\/1759\/revisions"}],"predecessor-version":[{"id":1968,"href":"https:\/\/www.defender-byrna.si\/lt\/wp-json\/wp\/v2\/pages\/1759\/revisions\/1968"}],"wp:attachment":[{"href":"https:\/\/www.defender-byrna.si\/lt\/wp-json\/wp\/v2\/media?parent=1759"}],"curies":[{"name":"wp","href":"https:\/\/api.w.org\/{rel}","templated":true}]}}