{"id":1755,"date":"2023-06-15T18:48:37","date_gmt":"2023-06-15T16:48:37","guid":{"rendered":"https:\/\/defender.byrna-defense.com\/?page_id=1755"},"modified":"2023-06-29T18:44:18","modified_gmt":"2023-06-29T16:44:18","slug":"faq","status":"publish","type":"page","link":"https:\/\/www.defender-byrna.si\/lt\/faq\/","title":{"rendered":"DUK"},"content":{"rendered":"<section class=\"wpb-content-wrapper\"><div class=\"vc_row wpb_row vc_row-fluid\"><div class=\"wpb_column vc_column_container vc_col-sm-12\"><div class=\"vc_column-inner\"><div class=\"wpb_wrapper\"><div class=\"sc_accordion\" data-active=\"0\"><div class=\"sc_accordion_item odd first\"><h5 class=\"sc_accordion_title\"><span class=\"sc_accordion_icon sc_accordion_icon_closed icon-plus\"><\/span><span class=\"sc_accordion_icon sc_accordion_icon_opened icon-minus\"><\/span>KAIP PAKEISTI ARBA AT\u0160AUKTI U\u017dSAKYM\u0104?<\/h5><div class=\"sc_accordion_content\">\r\n\t<div class=\"wpb_text_column wpb_content_element\" >\r\n\t\t<div class=\"wpb_wrapper\">\r\n\t\t\t<p>I\u0161siuntus u\u017esakym\u0105, jo keisti ar redaguoti negalime. Galime at\u0161aukti u\u017esakym\u0105, jei jis dar nei\u0161si\u0173stas, ir galite i\u0161 naujo u\u017esakyti norimus pakeitimus. Jei u\u017esakymas i\u0161si\u0173stas, galite j\u012f gr\u0105\u017einti, jei jis atitinka gr\u0105\u017einimo \/ at\u0161aukimo reikalavimus.<\/p>\n\r\n\t\t<\/div>\r\n\t<\/div>\r\n<\/div><\/div><div class=\"sc_accordion_item even\"><h5 class=\"sc_accordion_title\"><span class=\"sc_accordion_icon sc_accordion_icon_closed icon-plus\"><\/span><span class=\"sc_accordion_icon sc_accordion_icon_opened icon-minus\"><\/span>KAS YRA \"BYRNA LAUNCHER\"?<\/h5><div class=\"sc_accordion_content\">\r\n\t<div class=\"wpb_text_column wpb_content_element\" >\r\n\t\t<div class=\"wpb_wrapper\">\r\n\t\t\t<p>\"Byrna HD\", \"SD\" ir \"LE\" yra kompakti\u0161ki neletaliniai asmenin\u0117s apsaugos prietaisai, kuriuos suk\u016br\u0117 \"Byrna Technologies Inc.\". NASDAQ:BYRN. Manome, kad \u0161ie paleidimo \u012frenginiai yra saugiausi, veiksmingiausi ir patikimiausi neletaliniai savigynos ginklai dabartin\u0117je rinkoje. D\u0117l ergonomi\u0161kos \"Byrna\" konstrukcijos ir patentuotos 1-ojo \u0161\u016bvio traukimo-pur\u0161kimo technologijos \u0161iuos paleidiklius lengva naudoti tiek priva\u010diam pilie\u010diui, tiek patyrusiam teis\u0117saugos profesionalui.<\/p>\n<p>\"Byrna\" rankiniai paleidimo \u012frenginiai gali \u0161audyti \u012fvairiais .68 kalibro sviediniais - nuo aplinkai nekenksming\u0173 treniruo\u010di\u0173 \u0161ovini\u0173 iki kiet\u0173j\u0173 polimer\u0173 (kinetini\u0173) \u0161ovini\u0173, kuriuos galima naudoti mokymams ar savigynai, ir chemini\u0173 dirginan\u010di\u0173 \u0161ovini\u0173, skirt\u0173 savigynai. \u0160ie cheminiai dirginantys \u0161oviniai yra sukonstruoti taip, kad po sm\u016bgio sprogsta ir i\u0161sklaido galing\u0173 pipirini\u0173 ir (arba) a\u0161arini\u0173 duj\u0173 milteli\u0173 debes\u012f, galint\u012f u\u017epuolik\u0105 i\u0161bla\u0161kyti iki 30 minu\u010di\u0173.<\/p>\n<p>Kompakti\u0161ko dyd\u017eio \"Byrna\" ir pagal u\u017esakym\u0105 pagamint\u0173 d\u0117kl\u0173 bei krep\u0161i\u0173 linija leid\u017eia \"Byrna\" lengvai pasiimti su savimi, kad ir kur eitum\u0117te. Dar svarbiau, kad d\u0117l patentuotos \"1st shot pull-pierce\" technologijos \"Byrna\" yra visada pasiruo\u0161\u0119s naudoti. J\u012f galite palikti naktin\u0117je spintel\u0117je, pir\u0161tini\u0173 d\u0117\u017eut\u0117je ar prie lauko dur\u0173 kelias dienas, savaites, m\u0117nesius ar net metus ir jis visada bus pasiruo\u0161\u0119s i\u0161\u0161auti pirm\u0105 kart\u0105 paspaudus gaiduk\u0105.<\/p>\n<p>\"Byrna\" paleidimo \u012frengini\u0173 asortimentas gaminamas i\u0161 auk\u0161\u010diausios kokyb\u0117s stiklu sutvirtint\u0173 polimer\u0173 ir orlaivi\u0173 klas\u0117s aliuminio. Juose yra daugiau kaip 100 tiksli\u0173 dali\u0173, o juose \u012fdiegta patentuota technologija, leid\u017eianti \"Byrna\" veikti labai pana\u0161iai kaip tikras \u0161aunamasis ginklas. Byrna yra idealus pasirinkimas, nesvarbu, ar j\u0105 naudosite mokymams ir savigynai, ar tiesiog kiemo pramogoms.<\/p>\n\r\n\t\t<\/div>\r\n\t<\/div>\r\n<\/div><\/div><div id=\"sc_accordion_item_1687014326829_2\" class=\"sc_accordion_item odd\"><h5 class=\"sc_accordion_title\"><span class=\"sc_accordion_icon sc_accordion_icon_closed icon-plus\"><\/span><span class=\"sc_accordion_icon sc_accordion_icon_opened icon-minus\"><\/span>KAIP VEIKIA \"BYRNA LAUNCHER\"?<\/h5><div class=\"sc_accordion_content\">\r\n\t<div class=\"wpb_raw_code wpb_content_element wpb_raw_html\" >\r\n\t\t<div class=\"wpb_wrapper\">\r\n\t\t\t<iframe loading=\"lazy\" width=\"560\" height=\"315\" src=\"https:\/\/www.youtube.com\/embed\/Ii-3lL01bZs\" title=\"&quot;YouTube&quot; vaizdo \u012fra\u0161\u0173 grotuvas\" frameborder=\"0\" allow=\"accelerometer; autoplay; clipboard-write; encrypted-media; gyroscope; picture-in-picture; web-share\" allowfullscreen><\/iframe>\r\n\t\t<\/div>\r\n\t<\/div>\r\n<\/div><\/div><div id=\"sc_accordion_item_1687014505412_5\" class=\"sc_accordion_item even\"><h5 class=\"sc_accordion_title\"><span class=\"sc_accordion_icon sc_accordion_icon_closed icon-plus\"><\/span><span class=\"sc_accordion_icon sc_accordion_icon_opened icon-minus\"><\/span>AR BYRNA YRA LAIKOMAS \u0160AUNAMUOJU GINKLU?<\/h5><div class=\"sc_accordion_content\">\r\n\t<div class=\"wpb_text_column wpb_content_element\" >\r\n\t\t<div class=\"wpb_wrapper\">\r\n\t\t\t<p>Ne. \"Byrna\" paleidimo \u012frenginys yra varomas susl\u0117gto CO2 kaset\u0117mis, kaip ir da\u017easvyd\u017eio ar airsofto \u0161autuvas.<\/p>\n\r\n\t\t<\/div>\r\n\t<\/div>\r\n<\/div><\/div><div id=\"sc_accordion_item_1687014547765_3\" class=\"sc_accordion_item odd\"><h5 class=\"sc_accordion_title\"><span class=\"sc_accordion_icon sc_accordion_icon_closed icon-plus\"><\/span><span class=\"sc_accordion_icon sc_accordion_icon_opened icon-minus\"><\/span>KAIP SU\u017dINOTI, KUR GALIU ATSINE\u0160TI SAVO BYRN\u0104?<\/h5><div class=\"sc_accordion_content\">\r\n\t<div class=\"wpb_text_column wpb_content_element\" >\r\n\t\t<div class=\"wpb_wrapper\">\r\n\t\t\t<p>Rekomenduojame prie\u0161 keliaujant su \"Byrna\" visada patikrinti valstij\u0173 ir vietos taisykles, susijusias su CO2 degikliais ir pipiriniais savigynos gaminiais. Jei nesate tikri, galite kreiptis \u012f vietos policijos departament\u0105. Kelioni\u0173 l\u0117ktuvu klausimus \u017er. toliau.<\/p>\n\r\n\t\t<\/div>\r\n\t<\/div>\r\n<\/div><\/div><div id=\"sc_accordion_item_1687014582513_4\" class=\"sc_accordion_item even\"><h5 class=\"sc_accordion_title\"><span class=\"sc_accordion_icon sc_accordion_icon_closed icon-plus\"><\/span><span class=\"sc_accordion_icon sc_accordion_icon_opened icon-minus\"><\/span>KOKIO DYD\u017dIO YRA BYRNA? AR JI TILPS \u012e D\u0116KL\u0104?<\/h5><div class=\"sc_accordion_content\">\r\n\t<div class=\"wpb_text_column wpb_content_element\" >\r\n\t\t<div class=\"wpb_wrapper\">\r\n\t\t\t<p>\"Byrna\" yra ma\u017edaug kompakti\u0161ko 9 mm kalibro pistoleto dyd\u017eio. Prekiaujame taktin\u0117mis d\u0117tuv\u0117mis, sukurtomis pagal u\u017esakym\u0105, kad b\u016bt\u0173 patogu laikyti \"Byrna\", taip pat nailonin\u0117mis d\u0117tuv\u0117mis, skirtomis kompakti\u0161kiems 9 mm kalibro pistoletams.<\/p>\n\r\n\t\t<\/div>\r\n\t<\/div>\r\n<\/div><\/div><div id=\"sc_accordion_item_1687014624998_1\" class=\"sc_accordion_item odd\"><h5 class=\"sc_accordion_title\"><span class=\"sc_accordion_icon sc_accordion_icon_closed icon-plus\"><\/span><span class=\"sc_accordion_icon sc_accordion_icon_opened icon-minus\"><\/span>AR GALIU NAUDOTI BYRNA DA\u017dASVYD\u017dIUI?<\/h5><div class=\"sc_accordion_content\">\r\n\t<div class=\"wpb_text_column wpb_content_element\" >\r\n\t\t<div class=\"wpb_wrapper\">\r\n\t\t\t<p>\"Byrna\" paleidimo \u012frenginiai tur\u0117t\u0173 b\u016bti naudojami tik su \"Byrna\" \u017eymekli\u0173 sviediniais, j\u0173 negalima naudoti su nesuderinamais ne \"Byrna\" sviediniais ar CO2 balion\u0117liais, nes tai panaikins j\u016bs\u0173 garantij\u0105.<\/p>\n\r\n\t\t<\/div>\r\n\t<\/div>\r\n<\/div><\/div><div id=\"sc_accordion_item_1687014656728_6\" class=\"sc_accordion_item even\"><h5 class=\"sc_accordion_title\"><span class=\"sc_accordion_icon sc_accordion_icon_closed icon-plus\"><\/span><span class=\"sc_accordion_icon sc_accordion_icon_opened icon-minus\"><\/span>AR SAUGU NUKREIPTI BYRN\u0104 \u012e KIENO NORS GALV\u0104 AR KAKL\u0104, JEI JI TU\u0160\u010cIA?<\/h5><div class=\"sc_accordion_content\">\r\n\t<div class=\"wpb_text_column wpb_content_element\" >\r\n\t\t<div class=\"wpb_wrapper\">\r\n\t\t\t<p>Ne. \"Byrna\" niekada netur\u0117t\u0173 b\u016bti nukreiptas ar \u0161audomas \u012f galv\u0105, kakl\u0105 ar nugar\u0105, nesvarbu, ar jis u\u017etaisytas, ar ne (i\u0161skyrus savigynos atveju, jei bijote d\u0117l savo gyvyb\u0117s). Net kai \"Byrna\" yra tu\u0161\u010dias, duj\u0173 j\u0117ga artimu atstumu gali sukelti sunkius su\u017ealojimus arba mirt\u012f.<\/p>\n\r\n\t\t<\/div>\r\n\t<\/div>\r\n<\/div><\/div><\/div><\/div><\/div><\/div><\/div>\n<\/section>","protected":false},"excerpt":{"rendered":"HOW DO I MODIFY OR CANCEL MY ORDER? Once your order is shipped, we are not able to modify or edit the order. We can cancel your order if it [...]","protected":false},"author":1,"featured_media":0,"parent":0,"menu_order":0,"comment_status":"closed","ping_status":"closed","template":"","meta":{"footnotes":""},"class_list":["post-1755","page","type-page","status-publish","hentry"],"_links":{"self":[{"href":"https:\/\/www.defender-byrna.si\/lt\/wp-json\/wp\/v2\/pages\/1755","targetHints":{"allow":["GET"]}}],"collection":[{"href":"https:\/\/www.defender-byrna.si\/lt\/wp-json\/wp\/v2\/pages"}],"about":[{"href":"https:\/\/www.defender-byrna.si\/lt\/wp-json\/wp\/v2\/types\/page"}],"author":[{"embeddable":true,"href":"https:\/\/www.defender-byrna.si\/lt\/wp-json\/wp\/v2\/users\/1"}],"replies":[{"embeddable":true,"href":"https:\/\/www.defender-byrna.si\/lt\/wp-json\/wp\/v2\/comments?post=1755"}],"version-history":[{"count":8,"href":"https:\/\/www.defender-byrna.si\/lt\/wp-json\/wp\/v2\/pages\/1755\/revisions"}],"predecessor-version":[{"id":1862,"href":"https:\/\/www.defender-byrna.si\/lt\/wp-json\/wp\/v2\/pages\/1755\/revisions\/1862"}],"wp:attachment":[{"href":"https:\/\/www.defender-byrna.si\/lt\/wp-json\/wp\/v2\/media?parent=1755"}],"curies":[{"name":"wp","href":"https:\/\/api.w.org\/{rel}","templated":true}]}}