{"id":1871,"date":"2023-06-30T10:28:13","date_gmt":"2023-06-30T08:28:13","guid":{"rendered":"https:\/\/defender.byrna-defense.com\/?page_id=1871"},"modified":"2023-06-30T10:28:25","modified_gmt":"2023-06-30T08:28:25","slug":"privacy-policy-2","status":"publish","type":"page","link":"https:\/\/www.defender-byrna.si\/it\/privacy-policy-2\/","title":{"rendered":"Informativa sulla privacy"},"content":{"rendered":"<p>La presente Informativa sulla privacy descrive le modalit\u00e0 di raccolta, utilizzo e condivisione dei dati personali dell'utente quando visita o effettua un acquisto su www.defender-byrna.eu.<\/p><p>\u200d<\/p><p><strong>INFORMAZIONI PERSONALI RACCOLTE<\/strong><\/p><p>\u200d<\/p><p>Quando visitate il Sito, raccogliamo automaticamente alcune informazioni sul vostro dispositivo, tra cui quelle relative al vostro browser web, all'indirizzo IP, al fuso orario e ad alcuni dei cookie installati sul vostro dispositivo. Inoltre, durante la navigazione del Sito, raccogliamo informazioni sulle singole pagine web o sui prodotti visualizzati dall'utente, sui siti web o sui termini di ricerca che lo hanno indirizzato al Sito e sulle modalit\u00e0 di interazione con il Sito. Ci riferiamo a queste informazioni raccolte automaticamente come \"Informazioni sul dispositivo\".<\/p><p>\u200d<\/p><p>Raccogliamo le Informazioni sul dispositivo utilizzando le seguenti tecnologie<\/p><p>\u200d<br>- I \"file di log\" tengono traccia delle azioni che si verificano sul Sito e raccolgono dati quali l'indirizzo IP, il tipo di browser, il provider di servizi Internet, le pagine di riferimento\/uscita e i timbri di data e ora.<br>- I \"Web beacon\", i \"tag\" e i \"pixel\" sono file elettronici utilizzati per registrare informazioni sulle modalit\u00e0 di navigazione del Sito.<\/p><p>\u200d<\/p><p>Inoltre, quando l'utente effettua un acquisto o tenta di effettuare un acquisto tramite il Sito, raccogliamo alcune informazioni dall'utente, tra cui il nome, l'indirizzo di fatturazione, l'indirizzo di spedizione, le informazioni di pagamento, l'indirizzo e-mail e il numero di telefono. Ci riferiamo a queste informazioni come \"Informazioni sull'ordine\".<\/p><p>Quando in questa Informativa sulla privacy si parla di \"Informazioni personali\", si parla sia di Informazioni sul dispositivo che di Informazioni sull'ordine.<\/p><p>\u200d<\/p><p><strong>COME UTILIZZIAMO I VOSTRI DATI PERSONALI?<\/strong><\/p><p>\u200d<\/p><p>Le Informazioni sull'ordine raccolte vengono utilizzate in generale per evadere gli ordini effettuati tramite il Sito (compresa l'elaborazione dei dati di pagamento, l'organizzazione della spedizione e la fornitura di ricevute, fatture e\/o conferme d'ordine via e-mail). Inoltre, utilizziamo le Informazioni sull'ordine per:<br>Comunicare con voi;<br>vagliare i nostri ordini per individuare potenziali rischi o frodi; e<br>Se in linea con le preferenze che avete condiviso con noi, fornirvi informazioni o pubblicit\u00e0 relative ai nostri prodotti o servizi.<\/p><p>Utilizziamo le Informazioni sul dispositivo che raccogliamo per aiutarci a individuare potenziali rischi e frodi (in particolare, l'indirizzo IP dell'utente) e, pi\u00f9 in generale, per migliorare e ottimizzare il nostro Sito (ad esempio, generando analisi su come i nostri clienti navigano e interagiscono con il Sito e per valutare il successo delle nostre campagne di marketing e pubblicitarie).<\/p><p>\u200d<\/p><p><strong>CONDIVISIONE DELLE INFORMAZIONI PERSONALI<\/strong><\/p><p>\u200d<\/p><p>Condividiamo le informazioni personali dell'utente con terze parti per aiutarci a utilizzare le informazioni personali dell'utente, come descritto sopra. Ad esempio, utilizziamo Google Analytics per aiutarci a capire come i nostri clienti utilizzano il Sito - potete leggere ulteriori informazioni su come Google utilizza i vostri dati personali qui: https:\/\/www.google.com\/intl\/en\/policies\/privacy\/. \u00c8 inoltre possibile rinunciare a Google Analytics: https:\/\/tools.google.com\/dlpage\/gaoptout.<\/p><p>Infine, possiamo anche condividere le informazioni personali dell'utente per conformarci alle leggi e ai regolamenti vigenti, per rispondere a una citazione in giudizio, a un mandato di perquisizione o a un'altra richiesta legittima di informazioni che riceviamo, o per proteggere in altro modo i nostri diritti.<\/p><p>\u200d<\/p><p><strong>NON SEGNALARE<\/strong><\/p><p>\u200d<\/p><p>Si prega di notare che non alteriamo le pratiche di raccolta e utilizzo dei dati del nostro sito quando vediamo un segnale Do Not Track dal vostro browser.<\/p><p><strong>CONSERVAZIONE DEI DATI<\/strong><\/p><p>\u200d<\/p><p>Quando l'utente effettua un ordine tramite il Sito, le informazioni relative all'ordine saranno conservate nei nostri archivi a meno che e fino a quando l'utente non chieda di cancellarle.<\/p><p>\u200d<\/p><p><strong>MINORI<\/strong><\/p><p>\u200d<\/p><p><strong>Il Sito non \u00e8 destinato a persone di et\u00e0 inferiore ai 13 anni e nessuno al di sotto dei 18 anni pu\u00f2 acquistare prodotti da questo sito.<\/strong><\/p><p>\u200d<\/p><p><strong>CAMBIAMENTI<\/strong><\/p><p>\u200d<\/p><p>Potremmo aggiornare periodicamente la presente informativa sulla privacy per riflettere, ad esempio, modifiche alle nostre pratiche o per altri motivi operativi, legali o normativi.<\/p><p>\u200d<\/p><p><strong>CONTATTO<\/strong><\/p><p>\u200d<\/p><p>Per ulteriori informazioni sulle nostre pratiche in materia di privacy, se avete domande o se desiderate presentare un reclamo, contattateci via e-mail all'indirizzo info@defender-byrna.eu o per posta utilizzando i dettagli forniti di seguito:<br>Defender d.o.o.<\/p><p>Radvanjska cesta 108<\/p><p>2000 Maribor<\/p><p>Slovenia<\/p><p>\u200d<\/p>","protected":false},"excerpt":{"rendered":"<p>This Privacy Policy describes how your personal information is collected, used, and shared when you visit or make a purchase on www.defender-byrna.eu. \u200d PERSONAL INFORMATION WE COLLECT \u200d When you [&hellip;]<\/p>","protected":false},"author":1,"featured_media":0,"parent":0,"menu_order":0,"comment_status":"closed","ping_status":"closed","template":"","meta":{"footnotes":""},"class_list":["post-1871","page","type-page","status-publish","hentry"],"_links":{"self":[{"href":"https:\/\/www.defender-byrna.si\/it\/wp-json\/wp\/v2\/pages\/1871","targetHints":{"allow":["GET"]}}],"collection":[{"href":"https:\/\/www.defender-byrna.si\/it\/wp-json\/wp\/v2\/pages"}],"about":[{"href":"https:\/\/www.defender-byrna.si\/it\/wp-json\/wp\/v2\/types\/page"}],"author":[{"embeddable":true,"href":"https:\/\/www.defender-byrna.si\/it\/wp-json\/wp\/v2\/users\/1"}],"replies":[{"embeddable":true,"href":"https:\/\/www.defender-byrna.si\/it\/wp-json\/wp\/v2\/comments?post=1871"}],"version-history":[{"count":1,"href":"https:\/\/www.defender-byrna.si\/it\/wp-json\/wp\/v2\/pages\/1871\/revisions"}],"predecessor-version":[{"id":1872,"href":"https:\/\/www.defender-byrna.si\/it\/wp-json\/wp\/v2\/pages\/1871\/revisions\/1872"}],"wp:attachment":[{"href":"https:\/\/www.defender-byrna.si\/it\/wp-json\/wp\/v2\/media?parent=1871"}],"curies":[{"name":"wp","href":"https:\/\/api.w.org\/{rel}","templated":true}]}}