{"id":1749,"date":"2023-06-15T18:32:57","date_gmt":"2023-06-15T16:32:57","guid":{"rendered":"https:\/\/defender.byrna-defense.com\/?page_id=1749"},"modified":"2023-06-17T17:02:02","modified_gmt":"2023-06-17T15:02:02","slug":"how-byrna-works","status":"publish","type":"page","link":"https:\/\/www.defender-byrna.si\/it\/how-byrna-works\/","title":{"rendered":"Come funziona Byrna"},"content":{"rendered":"<section class=\"wpb-content-wrapper\"><div class=\"vc_row wpb_row vc_row-fluid\"><div class=\"wpb_column vc_column_container vc_col-sm-12\"><div class=\"vc_column-inner\"><div class=\"wpb_wrapper\">\r\n\t<div class=\"wpb_text_column wpb_content_element\" >\r\n\t\t<div class=\"wpb_wrapper\">\r\n\t\t\t<p style=\"text-align: center; font-size: 21px; font-weight: 400; line-height: 34px;\">Il Byrna Launcher non \u00e8 considerato un'arma da fuoco, tuttavia non \u00e8 un giocattolo! \u00c8 un'arma meno letale altamente efficace. Deve essere usato solo per scopi leciti, compresa l'autodifesa. Come qualsiasi altra arma, sia essa un martello, un coltello o una mazza da baseball, il Byrna non deve mai essere brandito o usato in modo minaccioso, se non come necessario per difendere se stessi o altri. Sebbene il Byrna possa essere portato a cielo aperto e non richieda un permesso di porto occulto, Byrna raccomanda di portarlo con discrezione, poich\u00e9 i lanciatori Byrna assomigliano molto a vere e proprie armi da fuoco. Byrna offre una serie di opzioni per il trasporto discreto del lanciatore Byrna, delle munizioni e degli accessori.<\/p>\n\r\n\t\t<\/div>\r\n\t<\/div>\r\n<div class=\"vc_empty_space\"   style=\"height: 32px\"><span class=\"vc_empty_space_inner\"><\/span><\/div><\/div><\/div><\/div><\/div><div class=\"vc_row wpb_row vc_row-fluid\"><div class=\"wpb_column vc_column_container vc_col-sm-2\"><div class=\"vc_column-inner\"><div class=\"wpb_wrapper\"><\/div><\/div><\/div><div class=\"wpb_column vc_column_container vc_col-sm-8\"><div class=\"vc_column-inner\"><div class=\"wpb_wrapper\">\r\n\t<div class=\"wpb_raw_code wpb_content_element wpb_raw_html\" >\r\n\t\t<div class=\"wpb_wrapper\">\r\n\t\t\t<iframe loading=\"lazy\" width=\"960\" height=\"515\" src=\"https:\/\/www.youtube.com\/embed\/YSOiUlC0JFQ\" title=\"Lettore video di YouTube\" frameborder=\"0\" allow=\"accelerometer; autoplay; clipboard-write; encrypted-media; gyroscope; picture-in-picture; web-share\" allowfullscreen><\/iframe>\r\n\t\t<\/div>\r\n\t<\/div>\r\n<\/div><\/div><\/div><div class=\"wpb_column vc_column_container vc_col-sm-2\"><div class=\"vc_column-inner\"><div class=\"wpb_wrapper\"><\/div><\/div><\/div><\/div>\n<\/section>","protected":false},"excerpt":{"rendered":"The Byrna Launcher is not considered a firearm, however, it is not a toy! It is a highly effective less-lethal weapon. It should only be used for lawful purposes, including [...]","protected":false},"author":1,"featured_media":0,"parent":0,"menu_order":0,"comment_status":"closed","ping_status":"closed","template":"","meta":{"footnotes":""},"class_list":["post-1749","page","type-page","status-publish","hentry"],"_links":{"self":[{"href":"https:\/\/www.defender-byrna.si\/it\/wp-json\/wp\/v2\/pages\/1749","targetHints":{"allow":["GET"]}}],"collection":[{"href":"https:\/\/www.defender-byrna.si\/it\/wp-json\/wp\/v2\/pages"}],"about":[{"href":"https:\/\/www.defender-byrna.si\/it\/wp-json\/wp\/v2\/types\/page"}],"author":[{"embeddable":true,"href":"https:\/\/www.defender-byrna.si\/it\/wp-json\/wp\/v2\/users\/1"}],"replies":[{"embeddable":true,"href":"https:\/\/www.defender-byrna.si\/it\/wp-json\/wp\/v2\/comments?post=1749"}],"version-history":[{"count":8,"href":"https:\/\/www.defender-byrna.si\/it\/wp-json\/wp\/v2\/pages\/1749\/revisions"}],"predecessor-version":[{"id":1798,"href":"https:\/\/www.defender-byrna.si\/it\/wp-json\/wp\/v2\/pages\/1749\/revisions\/1798"}],"wp:attachment":[{"href":"https:\/\/www.defender-byrna.si\/it\/wp-json\/wp\/v2\/media?parent=1749"}],"curies":[{"name":"wp","href":"https:\/\/api.w.org\/{rel}","templated":true}]}}