{"id":2096,"date":"2024-05-29T15:24:12","date_gmt":"2024-05-29T13:24:12","guid":{"rendered":"https:\/\/www.defender-byrna.si\/?post_type=product&#038;p=2096"},"modified":"2024-06-05T11:58:44","modified_gmt":"2024-06-05T09:58:44","slug":"byrna-hd-pepper-kit","status":"publish","type":"product","link":"https:\/\/www.defender-byrna.si\/hu\/termek\/byrna-hd-pepper-kit\/","title":{"rendered":"BYRNA HD BORS K\u00c9SZLET"},"content":{"rendered":"","protected":false},"excerpt":{"rendered":"<p class=\"para-17\">A Byrna HD-t optim\u00e1lis teljes\u00edtm\u00e9nyre tervezt\u00e9k. A s\u0171r\u00edtett leveg\u0151vel (CO2) m\u0171k\u00f6dtetett Byrna HD .68 kaliber\u0171 kinetikus \u00e9s\/vagy borsos l\u00f6ved\u00e9keket l\u0151 ki. Ez egy hihetetlen\u00fcl er\u0151s \u00e9s nem hal\u00e1los \u00f6nv\u00e9delmi fegyver, amelyet t\u00f6bb ezer el\u00e9gedett felhaszn\u00e1l\u00f3 haszn\u00e1l a civil lakoss\u00e1gt\u00f3l a biztons\u00e1gi c\u00e9gekig \u00e9s a b\u0171n\u00fcld\u00f6z\u0151 szervekig.<\/p>\n<div class=\"rich-text w-richtext\">\n<p>A Byrna HD egy 8 g-os CO2-patronb\u00f3l t\u00e1pl\u00e1lkozik, \u00e9s .68 kaliber\u0171 k\u00e9miai borsot\/k\u00e1b\u00edt\u00f3 l\u00f6ved\u00e9keket l\u0151 ki, amelyeket arra fejlesztettek ki, hogy lelass\u00edts\u00e1k vagy semleges\u00edts\u00e9k a fenyeget\u00e9st 20 m\u00e9teres t\u00e1vols\u00e1gig, de k\u00e9pes kinetikus (kem\u00e9ny polimer) vagy Eco\/Pro-Kinetic l\u00f6ved\u00e9keket is kil\u0151ni kik\u00e9pz\u00e9s vagy v\u00e9delem c\u00e9lj\u00e1b\u00f3l.<\/p>\n<p>A Byrna HD borsk\u00e9szlet jellemz\u0151i:<\/p>\n<ul role=\"list\">\n<li>Ak\u00e1r 95 m\/s l\u00f6ved\u00e9ksebess\u00e9g<\/li>\n<li>Egyed\u00fcl\u00e1ll\u00f3 ravaszmechanizmus - az els\u0151 l\u00f6v\u00e9ssel egyszerre sz\u00farja ki a patront \u00e9s l\u00f6vi ki a l\u00f6ved\u00e9keket - szabadalmaztatott tervez\u00e9s a k\u00f6vetkez\u0151kt\u0151l\u00a0<em>Byrna Technologies<\/em><\/li>\n<li>13 Joule teljes\u00edtm\u00e9ny<\/li>\n<li>20 m\u00e9terig pontos<\/li>\n<li>20 l\u00f6v\u00e9s egy 8g-os patrononk\u00e9nt<\/li>\n<li>Ergonomikus markolat a jobb ir\u00e1ny\u00edt\u00e1s\u00e9rt minden k\u00f6r\u00fclm\u00e9nyek k\u00f6z\u00f6tt<\/li>\n<li>C\u00e9lz\u00f3k\u00e9sz\u00fcl\u00e9kek a gyorsabb c\u00e9lba\u00e9r\u00e9s\u00e9rt<\/li>\n<li>Sima ravasz megnyom\u00e1sa<\/li>\n<li>K\u00e9tkezes sz\u00e9f\/t\u0171zkapcsol\u00f3, amely lehet\u0151v\u00e9 teszi a k\u00f6nny\u0171 v\u00e1lt\u00e1st bal- \u00e9s jobbkezes szem\u00e9lyek sz\u00e1m\u00e1ra egyar\u00e1nt.<\/li>\n<li>2 \u00e9v garancia (szint\u00e9n lehets\u00e9ges\u00a0<em>\u00c9lethosszig tart\u00f3 garancia<\/em>)<\/li>\n<\/ul>\n<p>A Byrna HD Kinetic Kit egy cipz\u00e1ras v\u00e9d\u0151t\u00e1sk\u00e1ban \u00e9rkezik, amely mindent tartalmaz, amire sz\u00fcks\u00e9ge van az indul\u00e1shoz:<\/p>\n<ul role=\"list\">\n<li>Egy (1) Byrna HD Launcher<\/li>\n<li>K\u00e9t (2) 5 t\u00f6lt\u00e9nyes t\u00e1r<\/li>\n<li>K\u00e9t (2) Byrna 8 grammos CO2 palack<\/li>\n<li>Egy (1) 5 t\u00f6lt\u00e9nycs\u0151 Byrna Kinetikus l\u00f6ved\u00e9kekb\u0151l<\/li>\n<li>Egy (1) 5 k\u00f6r\u00f6s tubus Byrna Pro-Kinetikus l\u00f6ved\u00e9kekb\u0151l<\/li>\n<li>Egy (1) 5 k\u00f6r\u00f6s tubus Byrna Bors l\u00f6ved\u00e9k<\/li>\n<li><\/li>\n<\/ul>\n<\/div>","protected":false},"featured_media":2062,"template":"","meta":[],"product_cat":[84],"product_tag":[],"class_list":{"0":"post-2096","1":"product","2":"type-product","3":"status-publish","4":"has-post-thumbnail","6":"product_cat-byrna-launcher","8":"first","9":"instock","10":"featured","11":"shipping-taxable","12":"product-type-variable"},"_links":{"self":[{"href":"https:\/\/www.defender-byrna.si\/hu\/wp-json\/wp\/v2\/product\/2096","targetHints":{"allow":["GET"]}}],"collection":[{"href":"https:\/\/www.defender-byrna.si\/hu\/wp-json\/wp\/v2\/product"}],"about":[{"href":"https:\/\/www.defender-byrna.si\/hu\/wp-json\/wp\/v2\/types\/product"}],"wp:featuredmedia":[{"embeddable":true,"href":"https:\/\/www.defender-byrna.si\/hu\/wp-json\/wp\/v2\/media\/2062"}],"wp:attachment":[{"href":"https:\/\/www.defender-byrna.si\/hu\/wp-json\/wp\/v2\/media?parent=2096"}],"wp:term":[{"taxonomy":"product_cat","embeddable":true,"href":"https:\/\/www.defender-byrna.si\/hu\/wp-json\/wp\/v2\/product_cat?post=2096"},{"taxonomy":"product_tag","embeddable":true,"href":"https:\/\/www.defender-byrna.si\/hu\/wp-json\/wp\/v2\/product_tag?post=2096"}],"curies":[{"name":"wp","href":"https:\/\/api.w.org\/{rel}","templated":true}]}}