{"id":2070,"date":"2024-05-14T11:31:35","date_gmt":"2024-05-14T09:31:35","guid":{"rendered":"https:\/\/www.defender-byrna.si\/?post_type=product&#038;p=2070"},"modified":"2024-05-14T15:23:15","modified_gmt":"2024-05-14T13:23:15","slug":"byrna-12-gauge-kinetic-ammo","status":"publish","type":"product","link":"https:\/\/www.defender-byrna.si\/hu\/termek\/byrna-12-gauge-kinetic-ammo\/","title":{"rendered":"BYRNA 12 GAUGE Kinetikus l\u0151szer"},"content":{"rendered":"<p><strong>Kev\u00e9sb\u00e9 hal\u00e1los 12-es kaliber\u0171 kerek jellemz\u0151k:<\/strong><\/p>\n<div class=\"flexBox\">\n<div class=\"flexDescrip\">\n<ul>\n<li style=\"list-style-type: none\">\n<ul>\n<li>Egyedi kagyl\u00f3h\u00e9j \u00e9s wad a cs\u0151 megfelel\u0151 be\u00e1ll\u00edt\u00e1s\u00e1nak biztos\u00edt\u00e1sa \u00e9rdek\u00e9ben, amikor kil\u00e9p a cs\u0151b\u0151l.<\/li>\n<\/ul>\n<\/li>\n<\/ul>\n<ul>\n<li style=\"list-style-type: none\">\n<ul>\n<li>A v\u00e1laszt\u00f3vonalak, a v\u00e1ltoz\u00f3 falvastags\u00e1g \u00e9s a szonikus hegeszt\u00e9s biztos\u00edtja, hogy a l\u00f6ved\u00e9k er\u0151s, m\u00e9gis t\u00f6r\u00e9keny legyen (a hasznos t\u00f6ltetekre alkalmazhat\u00f3).<\/li>\n<\/ul>\n<\/li>\n<\/ul>\n<ul>\n<li style=\"list-style-type: none\">\n<ul>\n<li>Szabadalmaztatott Fin-Tailed technol\u00f3gia, amely ak\u00e1r 100 l\u00e1b pontoss\u00e1got is lehet\u0151v\u00e9 tesz.<\/li>\n<\/ul>\n<\/li>\n<\/ul>\n<p>A l\u0151por n\u00e9lk\u00fcli l\u00f6ved\u00e9k 16-szor csendesebb, mint a hagyom\u00e1nyos s\u00f6r\u00e9tes puska.<\/p>\n<p>&nbsp;<\/p>\n<p><b>A Kinetic 12 kaliber\u0171 l\u00f6ved\u00e9kek nem tartalmaznak vegyi t\u00f6ltetet.<\/b><\/p>\n<p><b>Felh\u00edvjuk figyelm\u00e9t, hogy minden 12 Gauge elad\u00e1s v\u00e9gleges, \u00e9s \u00edgy nem jogosult a visszat\u00e9r\u00edt\u00e9sre.<\/b><\/p>\n<ul>\n<li style=\"list-style-type: none\"><\/li>\n<\/ul>\n<p><b>A 12-es kaliber\u0171 l\u00f6ved\u00e9kek nem ind\u00edtanak be egy f\u00e9lautomata pusk\u00e1t, mivel nem tartalmaznak l\u0151port, de k\u00e9zzel beind\u00edthat\u00f3k \u00e9s kil\u0151het\u0151k a legt\u00f6bb f\u00e9lautomata pusk\u00e1val.<\/b><\/p>\n<p><em>Alapoz\u00f3 n\u00e9lk\u00fcl sz\u00e1ll\u00edtjuk!<\/em><\/p>\n<\/div>\n<\/div>","protected":false},"excerpt":{"rendered":"<p>Byrna 12-es kaliber\u0171 kinetikus.<\/p>\n<p>Minden puska szerelmes\u00fcnknek!<\/p>","protected":false},"featured_media":2075,"template":"","meta":[],"product_cat":[85],"product_tag":[],"class_list":{"0":"post-2070","1":"product","2":"type-product","3":"status-publish","4":"has-post-thumbnail","6":"product_cat-projectiles","8":"first","9":"instock","10":"shipping-taxable","11":"purchasable","12":"product-type-simple"},"_links":{"self":[{"href":"https:\/\/www.defender-byrna.si\/hu\/wp-json\/wp\/v2\/product\/2070","targetHints":{"allow":["GET"]}}],"collection":[{"href":"https:\/\/www.defender-byrna.si\/hu\/wp-json\/wp\/v2\/product"}],"about":[{"href":"https:\/\/www.defender-byrna.si\/hu\/wp-json\/wp\/v2\/types\/product"}],"wp:featuredmedia":[{"embeddable":true,"href":"https:\/\/www.defender-byrna.si\/hu\/wp-json\/wp\/v2\/media\/2075"}],"wp:attachment":[{"href":"https:\/\/www.defender-byrna.si\/hu\/wp-json\/wp\/v2\/media?parent=2070"}],"wp:term":[{"taxonomy":"product_cat","embeddable":true,"href":"https:\/\/www.defender-byrna.si\/hu\/wp-json\/wp\/v2\/product_cat?post=2070"},{"taxonomy":"product_tag","embeddable":true,"href":"https:\/\/www.defender-byrna.si\/hu\/wp-json\/wp\/v2\/product_tag?post=2070"}],"curies":[{"name":"wp","href":"https:\/\/api.w.org\/{rel}","templated":true}]}}