{"id":1718,"date":"2023-05-08T17:46:04","date_gmt":"2023-05-08T15:46:04","guid":{"rendered":"https:\/\/defender.byrna-defense.com\/?post_type=product&#038;p=1718"},"modified":"2025-11-16T18:56:43","modified_gmt":"2025-11-16T17:56:43","slug":"byrna-foldable-target-trap","status":"publish","type":"product","link":"https:\/\/www.defender-byrna.si\/hu\/termek\/byrna-foldable-target-trap\/","title":{"rendered":"BYRNA \u00d6SSZECSUKHAT\u00d3 C\u00c9LCSAPDA"},"content":{"rendered":"<p>Kiv\u00e1l\u00f3 min\u0151s\u00e9g\u0171 gum\u00edrozott taft nejlon tart\u00f3s ac\u00e9lkerettel<\/p>\n<p>M\u00e1sodpercek alatt kiny\u00edlik \u00e9s \u00f6sszecsukhat\u00f3<\/p>\n<p>Be\u00e9p\u00edtett dupla h\u00e1l\u00f3 a zajcs\u00f6kkent\u00e9s \u00e9s a tov\u00e1bbi f\u00e9kez\u0151er\u0151 n\u00f6vel\u00e9se \u00e9rdek\u00e9ben<\/p>\n<p>A s\u00e1tor kialak\u00edt\u00e1s lehet\u0151v\u00e9 teszi a l\u00f6v\u00e9sz sz\u00e1m\u00e1ra, hogy k\u00e9nyelmesen csapd\u00e1ba ejtse \u00e9s k\u00f6nnyed\u00e9n \u00f6sszegy\u0171jtse a l\u00f6ved\u00e9keket.<\/p>\n<p>45.72cm x 45.72cm x 48.26cm nyitott m\u00e9ret, 30.48cm \u00e1tm\u00e9r\u0151, miut\u00e1n \u00f6sszehajtott\u00e1k a hordt\u00e1sk\u00e1ba<\/p>\n<p>Utaz\u00f3t\u00e1ska a k\u00f6nny\u0171 sz\u00e1ll\u00edt\u00e1shoz<\/p>","protected":false},"excerpt":{"rendered":"<p>Kiv\u00e1l\u00f3 min\u0151s\u00e9g\u0171 gum\u00edrozott taft nejlon tart\u00f3s ac\u00e9lkerettel M\u00e1sodpercek alatt kiny\u00edlik \u00e9s \u00f6sszecsukhat\u00f3 Be\u00e9p\u00edtett dupla h\u00e1l\u00f3 a zaj cs\u00f6kkent\u00e9se \u00e9s tov\u00e1bbi meg\u00e1ll\u00edt\u00f3er\u0151 hozz\u00e1ad\u00e1sa \u00e9rdek\u00e9ben A s\u00e1tor kialak\u00edt\u00e1s lehet\u0151v\u00e9 teszi a l\u00f6v\u00e9sz sz\u00e1m\u00e1ra, hogy [...]<\/p>","protected":false},"featured_media":1719,"template":"","meta":[],"product_cat":[86],"product_tag":[],"class_list":{"0":"post-1718","1":"product","2":"type-product","3":"status-publish","4":"has-post-thumbnail","6":"product_cat-accessories","8":"first","9":"instock","10":"shipping-taxable","11":"purchasable","12":"product-type-simple"},"_links":{"self":[{"href":"https:\/\/www.defender-byrna.si\/hu\/wp-json\/wp\/v2\/product\/1718","targetHints":{"allow":["GET"]}}],"collection":[{"href":"https:\/\/www.defender-byrna.si\/hu\/wp-json\/wp\/v2\/product"}],"about":[{"href":"https:\/\/www.defender-byrna.si\/hu\/wp-json\/wp\/v2\/types\/product"}],"wp:featuredmedia":[{"embeddable":true,"href":"https:\/\/www.defender-byrna.si\/hu\/wp-json\/wp\/v2\/media\/1719"}],"wp:attachment":[{"href":"https:\/\/www.defender-byrna.si\/hu\/wp-json\/wp\/v2\/media?parent=1718"}],"wp:term":[{"taxonomy":"product_cat","embeddable":true,"href":"https:\/\/www.defender-byrna.si\/hu\/wp-json\/wp\/v2\/product_cat?post=1718"},{"taxonomy":"product_tag","embeddable":true,"href":"https:\/\/www.defender-byrna.si\/hu\/wp-json\/wp\/v2\/product_tag?post=1718"}],"curies":[{"name":"wp","href":"https:\/\/api.w.org\/{rel}","templated":true}]}}