{"id":1627,"date":"2023-05-08T16:45:10","date_gmt":"2023-05-08T14:45:10","guid":{"rendered":"https:\/\/defender.byrna-defense.com\/?post_type=product&#038;p=1627"},"modified":"2023-11-19T12:22:25","modified_gmt":"2023-11-19T11:22:25","slug":"byrna-pepper-projectiles-5ct","status":"publish","type":"product","link":"https:\/\/www.defender-byrna.si\/hu\/termek\/byrna-pepper-projectiles-5ct\/","title":{"rendered":"BYRNA BORS L\u00d6VED\u00c9KEK (5CT)"},"content":{"rendered":"<p class=\"para-17\">A Byrna borsl\u00f6ved\u00e9kek Oleoresin Capsicum (OC) + PAVA kever\u00e9k\u00e9t tartalmazz\u00e1k, \u00edgy az egyik leger\u0151sebb borsl\u00f6ved\u00e9k a piacon.<\/p>\n<div class=\"rich-text w-richtext\">\n<p><strong>Fizikai hat\u00e1sok:<\/strong><\/p>\n<ul role=\"list\">\n<li>\u00c9g\u00e9s a torokban<\/li>\n<li>Zih\u00e1l\u00e1s<\/li>\n<li>Zih\u00e1l\u00f3<\/li>\n<li>Sz\u00e1raz k\u00f6h\u00f6g\u00e9s<\/li>\n<li>L\u00e9gszomj<\/li>\n<li>Gagging<\/li>\n<li>L\u00e9gz\u00e9si k\u00e9ptelens\u00e9g<\/li>\n<\/ul>\n<p>N\u00f6velje \u00f6nbizalm\u00e1t, mik\u00f6zben biztons\u00e1gban tartja mag\u00e1t \u00e9s csal\u00e1dj\u00e1t.<\/p>\n<\/div>","protected":false},"excerpt":{"rendered":"<p>A Byrna borsl\u00f6ved\u00e9kek Oleoresin Capsicum (OC) + PAVA kever\u00e9k\u00e9t tartalmazz\u00e1k, \u00edgy az egyik leger\u0151sebb borsl\u00f6ved\u00e9k a piacon. Fizikai hat\u00e1sok: A torokban \u00e9g\u0151, zih\u00e1l\u00f3 [...]<\/p>","protected":false},"featured_media":1628,"template":"","meta":[],"product_cat":[85],"product_tag":[],"class_list":{"0":"post-1627","1":"product","2":"type-product","3":"status-publish","4":"has-post-thumbnail","6":"product_cat-projectiles","8":"first","9":"instock","10":"shipping-taxable","11":"product-type-external"},"_links":{"self":[{"href":"https:\/\/www.defender-byrna.si\/hu\/wp-json\/wp\/v2\/product\/1627","targetHints":{"allow":["GET"]}}],"collection":[{"href":"https:\/\/www.defender-byrna.si\/hu\/wp-json\/wp\/v2\/product"}],"about":[{"href":"https:\/\/www.defender-byrna.si\/hu\/wp-json\/wp\/v2\/types\/product"}],"wp:featuredmedia":[{"embeddable":true,"href":"https:\/\/www.defender-byrna.si\/hu\/wp-json\/wp\/v2\/media\/1628"}],"wp:attachment":[{"href":"https:\/\/www.defender-byrna.si\/hu\/wp-json\/wp\/v2\/media?parent=1627"}],"wp:term":[{"taxonomy":"product_cat","embeddable":true,"href":"https:\/\/www.defender-byrna.si\/hu\/wp-json\/wp\/v2\/product_cat?post=1627"},{"taxonomy":"product_tag","embeddable":true,"href":"https:\/\/www.defender-byrna.si\/hu\/wp-json\/wp\/v2\/product_tag?post=1627"}],"curies":[{"name":"wp","href":"https:\/\/api.w.org\/{rel}","templated":true}]}}