{"id":1625,"date":"2023-05-08T16:44:21","date_gmt":"2023-05-08T14:44:21","guid":{"rendered":"https:\/\/defender.byrna-defense.com\/?post_type=product&#038;p=1625"},"modified":"2023-05-08T16:45:08","modified_gmt":"2023-05-08T14:45:08","slug":"byrna-kinetic-projectiles-95ct","status":"publish","type":"product","link":"https:\/\/www.defender-byrna.si\/hu\/termek\/byrna-kinetic-projectiles-95ct\/","title":{"rendered":"BYRNA KINETIKUS L\u00d6VED\u00c9KEK (95CT)"},"content":{"rendered":"<p>A Byrna Kinetikus l\u00f6ved\u00e9keink nem tartalmaznak akt\u00edv vagy inert \u00f6sszetev\u0151ket. Ezek a kem\u00e9ny, t\u00f6m\u00f6r m\u0171anyag l\u00f6ved\u00e9kek nem t\u00f6rnek \u00f6ssze becsap\u00f3d\u00e1skor, \u00e9s elriasztj\u00e1k, elrettentik \u00e9s k\u00e9sleltetik a t\u00e1mad\u00f3kat. A Byrna Kinetikus l\u00f6ved\u00e9kek hasznos kik\u00e9pz\u00e9st is biztos\u00edtanak an\u00e9lk\u00fcl, hogy gyakorl\u00f3t\u00e9rre kellene utazni. K\u00e9rj\u00fck, hogy haszn\u00e1lat k\u00f6zben legyen \u00f3vatos.<\/p>","protected":false},"excerpt":{"rendered":"<p>A Byrna Kinetikus l\u00f6ved\u00e9keink nem tartalmaznak akt\u00edv vagy inert \u00f6sszetev\u0151ket. Ezek a kem\u00e9ny, t\u00f6m\u00f6r m\u0171anyag l\u00f6ved\u00e9kek nem t\u00f6rnek \u00f6ssze becsap\u00f3d\u00e1skor, \u00e9s elriasztj\u00e1k, elrettentik \u00e9s k\u00e9sleltetik a t\u00e1mad\u00f3kat. [...]<\/p>","protected":false},"featured_media":1626,"template":"","meta":[],"product_cat":[85],"product_tag":[],"class_list":{"0":"post-1625","1":"product","2":"type-product","3":"status-publish","4":"has-post-thumbnail","6":"product_cat-projectiles","8":"first","9":"instock","10":"shipping-taxable","11":"purchasable","12":"product-type-simple"},"_links":{"self":[{"href":"https:\/\/www.defender-byrna.si\/hu\/wp-json\/wp\/v2\/product\/1625","targetHints":{"allow":["GET"]}}],"collection":[{"href":"https:\/\/www.defender-byrna.si\/hu\/wp-json\/wp\/v2\/product"}],"about":[{"href":"https:\/\/www.defender-byrna.si\/hu\/wp-json\/wp\/v2\/types\/product"}],"wp:featuredmedia":[{"embeddable":true,"href":"https:\/\/www.defender-byrna.si\/hu\/wp-json\/wp\/v2\/media\/1626"}],"wp:attachment":[{"href":"https:\/\/www.defender-byrna.si\/hu\/wp-json\/wp\/v2\/media?parent=1625"}],"wp:term":[{"taxonomy":"product_cat","embeddable":true,"href":"https:\/\/www.defender-byrna.si\/hu\/wp-json\/wp\/v2\/product_cat?post=1625"},{"taxonomy":"product_tag","embeddable":true,"href":"https:\/\/www.defender-byrna.si\/hu\/wp-json\/wp\/v2\/product_tag?post=1625"}],"curies":[{"name":"wp","href":"https:\/\/api.w.org\/{rel}","templated":true}]}}