{"id":1613,"date":"2023-05-08T16:33:06","date_gmt":"2023-05-08T14:33:06","guid":{"rendered":"https:\/\/defender.byrna-defense.com\/?post_type=product&#038;p=1613"},"modified":"2025-11-14T12:32:32","modified_gmt":"2025-11-14T11:32:32","slug":"byrna-sd-kinetic","status":"publish","type":"product","link":"https:\/\/www.defender-byrna.si\/hu\/termek\/byrna-sd-kinetic\/","title":{"rendered":"BYRNA SD KINETIKUS"},"content":{"rendered":"","protected":false},"excerpt":{"rendered":"<p>A Byrna SD kil\u00f6v\u0151t a Byrna HD modell megl\u00e9v\u0151 alapjain fejlesztett\u00e9k ki, amelyet ma m\u00e1r t\u00f6bb ezer el\u00e9gedett felhaszn\u00e1l\u00f3 haszn\u00e1l a civil lakoss\u00e1gt\u00f3l a biztons\u00e1gi c\u00e9gekig \u00e9s a b\u0171n\u00fcld\u00f6z\u0151 szervekig.<\/p>\n<p>A profik k\u00f6r\u00e9ben el\u00e9rt sikert k\u00f6vet\u0151en az SD modell \u00faj v\u00e1ltozata \u00faj markolat kialak\u00edt\u00e1ssal, \u00faj c\u00e9lz\u00f3k\u00e9sz\u00fcl\u00e9kkel \u00e9s optimaliz\u00e1lt ravaszfarokkal rendelkezik.<\/p>\n<p>A Byrna SD egy 8 g-os CO2-patron \u00e1ltal t\u00e1pl\u00e1lt, .68-as kaliber\u0171, vegyi irrit\u00e1l\u00f3\/le\u00e1ll\u00edthatatlan l\u00f6ved\u00e9keket l\u0151 ki, amelyeket arra fejlesztettek ki, hogy lelass\u00edts\u00e1k vagy semleges\u00edts\u00e9k a fenyeget\u00e9st 20 m\u00e9teres t\u00e1vols\u00e1gig, de k\u00e9pes kinetikus (kem\u00e9ny polimer) vagy Eco\/Pro-Kinetic l\u00f6ved\u00e9keket is kil\u0151ni kik\u00e9pz\u00e9s vagy v\u00e9delem c\u00e9lj\u00e1b\u00f3l.<\/p>\n<p>A 8 g-os CO2-patron 4 darab, egyenk\u00e9nt 5 l\u00f6v\u00e9ses t\u00e1rat tesz lehet\u0151v\u00e9.<\/p>\n<p>A Byrna SD egy hihetetlen\u00fcl er\u0151s \u00e9s hat\u00e9kony, nem hal\u00e1los \u00f6nv\u00e9delmi fegyver.<\/p>\n<p>A Byrna SD Kinetic Kit jellemz\u0151i:<\/p>\n<ul role=\"list\">\n<li>Ak\u00e1r 95 m\/s l\u00f6ved\u00e9ksebess\u00e9g<\/li>\n<li>Egyed\u00fcl\u00e1ll\u00f3 ravaszmechanizmus - az els\u0151 l\u00f6v\u00e9ssel egyszerre sz\u00farja ki a patront \u00e9s l\u00f6vi ki a l\u00f6ved\u00e9keket - szabadalmaztatott tervez\u00e9s a k\u00f6vetkez\u0151kt\u0151l\u00a0<em>Byrna Technologies<\/em><\/li>\n<li>13 Joule teljes\u00edtm\u00e9ny<\/li>\n<li>20 m\u00e9terig pontos<\/li>\n<li>20 l\u00f6v\u00e9s egy 8g-os patrononk\u00e9nt<\/li>\n<li>Ergonomikus m\u00e9hsejtes markolat a jobb ir\u00e1ny\u00edthat\u00f3s\u00e1g\u00e9rt minden k\u00f6r\u00fclm\u00e9nyek k\u00f6z\u00f6tt<\/li>\n<li>Tov\u00e1bbfejlesztett c\u00e9lz\u00f3k\u00e9sz\u00fcl\u00e9k a gyorsabb c\u00e9lmegjel\u00f6l\u00e9s \u00e9rdek\u00e9ben<\/li>\n<li>Egyenes ravasz 2,94 kg-os ravaszh\u00faz\u00e1ssal \u00e9s sim\u00e1bb nyom\u00e1ssal.<\/li>\n<li>K\u00e9tkezes sz\u00e9f\/t\u0171zkapcsol\u00f3, amely lehet\u0151v\u00e9 teszi a k\u00f6nny\u0171 v\u00e1lt\u00e1st bal- \u00e9s jobbkezes szem\u00e9lyek sz\u00e1m\u00e1ra egyar\u00e1nt.<\/li>\n<li>2 \u00e9v garancia (szint\u00e9n lehets\u00e9ges\u00a0<em>\u00c9lethosszig tart\u00f3 garancia<\/em>)<\/li>\n<\/ul>\n<p>\u200d<\/p>\n<p>Amit tartalmaz:<\/p>\n<p>A Byrna SD Kinetic Kit egy cipz\u00e1ras v\u00e9d\u0151t\u00e1sk\u00e1ban \u00e9rkezik, amely mindent tartalmaz, amire sz\u00fcks\u00e9ge van az indul\u00e1shoz:<\/p>\n<ul role=\"list\">\n<li>Egy (1) Byrna SD kil\u00f6v\u0151<\/li>\n<li>K\u00e9t (2) 5 t\u00f6lt\u00e9nyes t\u00e1r<\/li>\n<li>K\u00e9t (2) Byrna 8 grammos CO2 palack<\/li>\n<li>K\u00e9t (2) 5 k\u00f6r\u00f6s Byrna kinetikus l\u00f6ved\u00e9k tubus<\/li>\n<li>Egy (1) 5 k\u00f6r\u00f6s tubus Byrna Eco-Kinetic l\u00f6ved\u00e9kekb\u0151l<\/li>\n<\/ul>\n<p>&nbsp;<\/p>","protected":false},"featured_media":1614,"template":"","meta":[],"product_cat":[84],"product_tag":[],"class_list":{"0":"post-1613","1":"product","2":"type-product","3":"status-publish","4":"has-post-thumbnail","6":"product_cat-byrna-launcher","8":"first","9":"instock","10":"featured","11":"shipping-taxable","12":"purchasable","13":"product-type-variable"},"_links":{"self":[{"href":"https:\/\/www.defender-byrna.si\/hu\/wp-json\/wp\/v2\/product\/1613","targetHints":{"allow":["GET"]}}],"collection":[{"href":"https:\/\/www.defender-byrna.si\/hu\/wp-json\/wp\/v2\/product"}],"about":[{"href":"https:\/\/www.defender-byrna.si\/hu\/wp-json\/wp\/v2\/types\/product"}],"wp:featuredmedia":[{"embeddable":true,"href":"https:\/\/www.defender-byrna.si\/hu\/wp-json\/wp\/v2\/media\/1614"}],"wp:attachment":[{"href":"https:\/\/www.defender-byrna.si\/hu\/wp-json\/wp\/v2\/media?parent=1613"}],"wp:term":[{"taxonomy":"product_cat","embeddable":true,"href":"https:\/\/www.defender-byrna.si\/hu\/wp-json\/wp\/v2\/product_cat?post=1613"},{"taxonomy":"product_tag","embeddable":true,"href":"https:\/\/www.defender-byrna.si\/hu\/wp-json\/wp\/v2\/product_tag?post=1613"}],"curies":[{"name":"wp","href":"https:\/\/api.w.org\/{rel}","templated":true}]}}