{"id":2099,"date":"2024-05-29T16:20:48","date_gmt":"2024-05-29T14:20:48","guid":{"rendered":"https:\/\/www.defender-byrna.si\/?post_type=product&#038;p=2099"},"modified":"2024-05-29T16:39:55","modified_gmt":"2024-05-29T14:39:55","slug":"tactical-naylon-holster","status":"publish","type":"product","link":"https:\/\/www.defender-byrna.si\/de\/produkt\/tactical-naylon-holster\/","title":{"rendered":"TAKTISCHES NAYLONHOLSTER"},"content":{"rendered":"","protected":false},"excerpt":{"rendered":"<p><strong>*Kompatibel mit den Byrna SD- und HD-Werfern ohne Zubeh\u00f6r oder mit nur 1 installiertem Zubeh\u00f6r (Licht, Laser oder Boost-Adapter)<\/strong><\/p>\n<p><strong>Kompatibel mit dem Byrna SD XL ohne an der Schiene montiertes Zubeh\u00f6r.<\/strong><\/p>\n<p><strong>*Passt NICHT auf BYRNA SD XL, SD und HD Werfer mit Boost Adapter und einem auf der Schiene montierten Zubeh\u00f6r.<\/strong><\/p>\n<p>Unser Byrna Nylon-G\u00fcrteltaschenholster zeichnet sich durch ein leichtes, minimalistisches Design aus, das ein bequemes, ganzt\u00e4giges, beidh\u00e4ndiges Tragen innerhalb des G\u00fcrtels (IWB) oder au\u00dferhalb des G\u00fcrtels (OWB) erm\u00f6glicht. Das schlanke und schlichte Profil in Kombination mit einer offenen M\u00fcndung bietet viel Platz im Lauf f\u00fcr einfaches Ziehen und sicheren Halt. Sie kann auch f\u00fcr das verdeckte Tragen innerhalb der Kleidung verwendet werden.<\/p>\n<p>Raketenwerfer nicht enthalten.<\/p>","protected":false},"featured_media":2100,"template":"","meta":[],"product_cat":[86],"product_tag":[],"class_list":{"0":"post-2099","1":"product","2":"type-product","3":"status-publish","4":"has-post-thumbnail","6":"product_cat-accessories","8":"first","9":"instock","10":"shipping-taxable","11":"purchasable","12":"product-type-simple"},"_links":{"self":[{"href":"https:\/\/www.defender-byrna.si\/de\/wp-json\/wp\/v2\/product\/2099","targetHints":{"allow":["GET"]}}],"collection":[{"href":"https:\/\/www.defender-byrna.si\/de\/wp-json\/wp\/v2\/product"}],"about":[{"href":"https:\/\/www.defender-byrna.si\/de\/wp-json\/wp\/v2\/types\/product"}],"wp:featuredmedia":[{"embeddable":true,"href":"https:\/\/www.defender-byrna.si\/de\/wp-json\/wp\/v2\/media\/2100"}],"wp:attachment":[{"href":"https:\/\/www.defender-byrna.si\/de\/wp-json\/wp\/v2\/media?parent=2099"}],"wp:term":[{"taxonomy":"product_cat","embeddable":true,"href":"https:\/\/www.defender-byrna.si\/de\/wp-json\/wp\/v2\/product_cat?post=2099"},{"taxonomy":"product_tag","embeddable":true,"href":"https:\/\/www.defender-byrna.si\/de\/wp-json\/wp\/v2\/product_tag?post=2099"}],"curies":[{"name":"wp","href":"https:\/\/api.w.org\/{rel}","templated":true}]}}