{"id":1976,"date":"2023-08-01T17:09:54","date_gmt":"2023-08-01T15:09:54","guid":{"rendered":"https:\/\/www.defender-byrna.si\/?post_type=product&#038;p=1976"},"modified":"2025-11-16T19:00:56","modified_gmt":"2025-11-16T18:00:56","slug":"byrna-sd-xl-kinetic-kit-copy","status":"publish","type":"product","link":"https:\/\/www.defender-byrna.si\/de\/produkt\/byrna-sd-xl-kinetic-kit-copy\/","title":{"rendered":"BYRNA SD XL KINETISCHER BAUSATZ"},"content":{"rendered":"","protected":false},"excerpt":{"rendered":"<p><strong><i>**Byrna empfiehlt nicht die Verwendung von 12-Gramm-Ko2-Zylindern der Marke Crosman in Ihrem Werfer, da sie m\u00f6glicherweise nicht richtig durchsto\u00dfen.<\/i><\/strong><\/p>\n<p>Unser Byrna SD XL Kinetic Kit wird in einer sch\u00fctzenden Tragetasche mit Rei\u00dfverschluss geliefert, die alles enth\u00e4lt, was Sie f\u00fcr die ersten Schritte ben\u00f6tigen:<\/p>\n<p><strong>Produktvorteile:<\/strong><\/p>\n<ul>\n<li>Erh\u00f6hte Schusskapazit\u00e4t von bis zu 30 Schuss<\/li>\n<li>Bequemlichkeit durch sofort verf\u00fcgbare 12 Gramm CO2<\/li>\n<li>Durchschnittliche Projektilgeschwindigkeit von bis zu 300 Fu\u00df pro Sekunde<\/li>\n<li>Ergonomischer Wabengriff f\u00fcr bessere Kontrolle unter allen Bedingungen<\/li>\n<li>Verbesserte Visierung f\u00fcr schnellere Zielerfassung<\/li>\n<li>Gerader Abzug mit einem Abzugsgewicht von 6,5 lb. beim zweiten Schuss und weicherem Druckpunkt<\/li>\n<li>Beidh\u00e4ndig bedienbarer Safe\/Feuer-Schalter, der sowohl f\u00fcr Links- als auch f\u00fcr Rechtsh\u00e4nder leicht umzuschalten ist<\/li>\n<li>19MM Laufverl\u00e4ngerung b\u00fcndig mit Boost-Adapter<\/li>\n<li>Werkseitig installiert f\u00fcr optimale Leistung<\/li>\n<\/ul>\n<p><strong>Im Kit enthalten:<\/strong><\/p>\n<ul>\n<li>Ein (1) Byrna SD XL Werfer<\/li>\n<li>Zwei (2) 5-Runden-Magazine<\/li>\n<li>Zwei (2) Byrna 12-Gramm-CO<sub>2<\/sub>\u00a0Zylinder<\/li>\n<li>Zwei (1) 5-Schuss-R\u00f6hren Byrna Kinetic-Geschosse<\/li>\n<li>Eine (1) 5er-R\u00f6hre Byrna Eco-Kinetic-Geschosse<\/li>\n<li>Eine (1) 5-Schuss-R\u00f6hre mit Byrna-Trainingsgeschossen<\/li>\n<li>Ein (1) #byrnanation Medaillon<\/li>\n<\/ul>","protected":false},"featured_media":1979,"template":"","meta":[],"product_cat":[84],"product_tag":[],"class_list":{"0":"post-1976","1":"product","2":"type-product","3":"status-publish","4":"has-post-thumbnail","6":"product_cat-byrna-launcher","8":"first","9":"instock","10":"shipping-taxable","11":"purchasable","12":"product-type-variable"},"_links":{"self":[{"href":"https:\/\/www.defender-byrna.si\/de\/wp-json\/wp\/v2\/product\/1976","targetHints":{"allow":["GET"]}}],"collection":[{"href":"https:\/\/www.defender-byrna.si\/de\/wp-json\/wp\/v2\/product"}],"about":[{"href":"https:\/\/www.defender-byrna.si\/de\/wp-json\/wp\/v2\/types\/product"}],"wp:featuredmedia":[{"embeddable":true,"href":"https:\/\/www.defender-byrna.si\/de\/wp-json\/wp\/v2\/media\/1979"}],"wp:attachment":[{"href":"https:\/\/www.defender-byrna.si\/de\/wp-json\/wp\/v2\/media?parent=1976"}],"wp:term":[{"taxonomy":"product_cat","embeddable":true,"href":"https:\/\/www.defender-byrna.si\/de\/wp-json\/wp\/v2\/product_cat?post=1976"},{"taxonomy":"product_tag","embeddable":true,"href":"https:\/\/www.defender-byrna.si\/de\/wp-json\/wp\/v2\/product_tag?post=1976"}],"curies":[{"name":"wp","href":"https:\/\/api.w.org\/{rel}","templated":true}]}}