{"id":1898,"date":"2023-07-26T10:52:54","date_gmt":"2023-07-26T08:52:54","guid":{"rendered":"https:\/\/www.defender-byrna.si\/?post_type=product&#038;p=1898"},"modified":"2025-02-08T22:07:12","modified_gmt":"2025-02-08T21:07:12","slug":"byrna-tcr-pro-bundle-kit","status":"publish","type":"product","link":"https:\/\/www.defender-byrna.si\/de\/produkt\/byrna-tcr-pro-bundle-kit\/","title":{"rendered":"Byrna TCR Pro Bundle Kit"},"content":{"rendered":"<p><strong><a href=\"https:\/\/www.defender-byrna.si\/wp-content\/uploads\/2023\/07\/Byrna_TCR_Manual_012522.pdf\" style=\"color: black\">BYRNA TCR BENUTZERHANDBUCH<\/a><\/strong><\/p>","protected":false},"excerpt":{"rendered":"<p><strong>*CO2 und Projektile sind nicht im TCR-Paket enthalten<\/strong><\/p>\n<p>Die neue Tactical Compact Rifle (TCR) ist ein vielseitiger und zuverl\u00e4ssiger Werfer f\u00fcr die Heimverteidigung und den Freizeitgebrauch. Sie wurde entwickelt, um ein kompaktes milit\u00e4risches, realistisches Aussehen zu bieten, das \u00fcber die standardm\u00e4\u00dfigen vier Picatinny-Schienen leicht angepasst\/aufger\u00fcstet werden kann. Die leistungsstarke TCR verf\u00fcgt au\u00dferdem \u00fcber ein klappbares Korn und eine Kimme, einen vertikalen Frontgriff und einen 11-Zoll-Hochleistungslauf. Das neue TCR wird komplett mit erweiterten 7- und 12-Schuss-Magazinen und einer vollst\u00e4ndig gepolsterten Karabiner-Transporttasche geliefert. Die TCR ist wirklich der vielseitigste magfed weniger t\u00f6dliche Werfer heute verf\u00fcgbar.<\/p>","protected":false},"featured_media":1899,"template":"","meta":[],"product_cat":[84],"product_tag":[],"class_list":{"0":"post-1898","1":"product","2":"type-product","3":"status-publish","4":"has-post-thumbnail","6":"product_cat-byrna-launcher","8":"first","9":"instock","10":"shipping-taxable","11":"purchasable","12":"product-type-variable"},"_links":{"self":[{"href":"https:\/\/www.defender-byrna.si\/de\/wp-json\/wp\/v2\/product\/1898","targetHints":{"allow":["GET"]}}],"collection":[{"href":"https:\/\/www.defender-byrna.si\/de\/wp-json\/wp\/v2\/product"}],"about":[{"href":"https:\/\/www.defender-byrna.si\/de\/wp-json\/wp\/v2\/types\/product"}],"wp:featuredmedia":[{"embeddable":true,"href":"https:\/\/www.defender-byrna.si\/de\/wp-json\/wp\/v2\/media\/1899"}],"wp:attachment":[{"href":"https:\/\/www.defender-byrna.si\/de\/wp-json\/wp\/v2\/media?parent=1898"}],"wp:term":[{"taxonomy":"product_cat","embeddable":true,"href":"https:\/\/www.defender-byrna.si\/de\/wp-json\/wp\/v2\/product_cat?post=1898"},{"taxonomy":"product_tag","embeddable":true,"href":"https:\/\/www.defender-byrna.si\/de\/wp-json\/wp\/v2\/product_tag?post=1898"}],"curies":[{"name":"wp","href":"https:\/\/api.w.org\/{rel}","templated":true}]}}