{"id":1718,"date":"2023-05-08T17:46:04","date_gmt":"2023-05-08T15:46:04","guid":{"rendered":"https:\/\/defender.byrna-defense.com\/?post_type=product&#038;p=1718"},"modified":"2025-11-16T18:56:43","modified_gmt":"2025-11-16T17:56:43","slug":"byrna-foldable-target-trap","status":"publish","type":"product","link":"https:\/\/www.defender-byrna.si\/de\/produkt\/byrna-foldable-target-trap\/","title":{"rendered":"BYRNA KLAPPBARE ZIELFALLE"},"content":{"rendered":"<p>Hochwertiges gummiertes Taft-Nylon mit robustem Stahlrahmen<\/p>\n<p>\u00d6ffnen und Falten in Sekundenschnelle<\/p>\n<p>Eingebautes Doppelnetz zur Ger\u00e4uschreduzierung und f\u00fcr zus\u00e4tzliche Bremskraft<\/p>\n<p>Das Zeltdesign erm\u00f6glicht es dem Sch\u00fctzen, Geschosse bequem zu fangen und zu sammeln<\/p>\n<p>45,72cm x 45,72cm x 48,26cm offenes Format, 30,48cm Durchmesser nach dem Zusammenfalten in der Tragetasche<\/p>\n<p>Inklusive Reiseetui f\u00fcr den einfachen Transport<\/p>","protected":false},"excerpt":{"rendered":"<p>Hochwertiges, gummiertes Taft-Nylon mit robustem Stahlrahmen \u00d6ffnet und faltet sich in Sekundenschnelle Eingebautes Doppelnetz zur Ger\u00e4uschreduzierung und f\u00fcr zus\u00e4tzliche Haltekraft Das Zeltdesign erm\u00f6glicht es dem Sch\u00fctzen, [...]<\/p>","protected":false},"featured_media":1719,"template":"","meta":[],"product_cat":[86],"product_tag":[],"class_list":{"0":"post-1718","1":"product","2":"type-product","3":"status-publish","4":"has-post-thumbnail","6":"product_cat-accessories","8":"first","9":"instock","10":"shipping-taxable","11":"purchasable","12":"product-type-simple"},"_links":{"self":[{"href":"https:\/\/www.defender-byrna.si\/de\/wp-json\/wp\/v2\/product\/1718","targetHints":{"allow":["GET"]}}],"collection":[{"href":"https:\/\/www.defender-byrna.si\/de\/wp-json\/wp\/v2\/product"}],"about":[{"href":"https:\/\/www.defender-byrna.si\/de\/wp-json\/wp\/v2\/types\/product"}],"wp:featuredmedia":[{"embeddable":true,"href":"https:\/\/www.defender-byrna.si\/de\/wp-json\/wp\/v2\/media\/1719"}],"wp:attachment":[{"href":"https:\/\/www.defender-byrna.si\/de\/wp-json\/wp\/v2\/media?parent=1718"}],"wp:term":[{"taxonomy":"product_cat","embeddable":true,"href":"https:\/\/www.defender-byrna.si\/de\/wp-json\/wp\/v2\/product_cat?post=1718"},{"taxonomy":"product_tag","embeddable":true,"href":"https:\/\/www.defender-byrna.si\/de\/wp-json\/wp\/v2\/product_tag?post=1718"}],"curies":[{"name":"wp","href":"https:\/\/api.w.org\/{rel}","templated":true}]}}