{"id":1611,"date":"2023-05-08T16:32:19","date_gmt":"2023-05-08T14:32:19","guid":{"rendered":"https:\/\/defender.byrna-defense.com\/?post_type=product&#038;p=1611"},"modified":"2023-11-19T12:23:40","modified_gmt":"2023-11-19T11:23:40","slug":"byrna-sd-pepper","status":"publish","type":"product","link":"https:\/\/www.defender-byrna.si\/de\/produkt\/byrna-sd-pepper\/","title":{"rendered":"BYRNA SD PFEFFER"},"content":{"rendered":"","protected":false},"excerpt":{"rendered":"<p><iframe loading=\"lazy\" title=\"YouTube-Video-Player\" src=\"https:\/\/www.youtube.com\/embed\/YSOiUlC0JFQ\" width=\"560\" height=\"315\" frameborder=\"0\" allowfullscreen=\"allowfullscreen\"><\/iframe><\/p>\n<p>Der Byrna SD-Werfer wurde auf der Grundlage des Byrna HD-Modells entwickelt, das bereits von Tausenden zufriedener Nutzer aus der Zivilbev\u00f6lkerung, Sicherheitsunternehmen und Strafverfolgungsbeh\u00f6rden verwendet wird.<\/p>\n<p>Nach dem Erfolg bei Profis bietet die neue Version des SD-Modells nun ein neues Griffdesign, eine neue Visierung und einen optimierten Abzugsschwanz.<\/p>\n<p>Die Byrna SD wird mit einer 8-g-CO2-Patrone betrieben und verschie\u00dft chemische Pfeffer- und Bet\u00e4ubungsgeschosse des Kalibers .68, die entwickelt wurden, um eine Bedrohung auf eine Entfernung von bis zu 20 Metern zu verlangsamen oder zu neutralisieren. Sie kann aber auch kinetische (Hartpolymer-) oder Eco\/Pro-Kinetik-Geschosse f\u00fcr das Training oder die Verteidigung verschie\u00dfen.<\/p>\n<p>Die 8g CO2-Patrone erm\u00f6glicht das Abfeuern von 4 Magazinen mit je 5 Schuss.<\/p>\n<p>Die Byrna SD ist eine unglaublich leistungsstarke und effektive nicht-t\u00f6dliche Selbstverteidigungswaffe.<\/p>\n<p>Eigenschaften von Byrna SD Pepper Kit:<\/p>\n<ul role=\"list\">\n<li>Projektilgeschwindigkeit bis zu 95 m\/s<\/li>\n<li>Einzigartiger Ausl\u00f6semechanismus - beim ersten Schuss wird gleichzeitig die Patrone durchstochen und die Projektile abgefeuert - patentiertes Design von\u00a0<em>Byrna-Technologien<\/em><\/li>\n<li>13 Joule Leistung<\/li>\n<li>Genau bis zu 20 Meter<\/li>\n<li>20 Sch\u00fcsse pro 8g-Patrone<\/li>\n<li>Ergonomischer Wabengriff f\u00fcr bessere Kontrolle unter allen Bedingungen<\/li>\n<li>Verbesserte Visierung f\u00fcr schnellere Zielerfassung<\/li>\n<li>Gerader Abzug mit 2,94 kg Abzugskraft und sanfterem Druckpunkt<\/li>\n<li>Beidh\u00e4ndig bedienbarer Safe\/Feuer-Schalter, der sowohl f\u00fcr Links- als auch f\u00fcr Rechtsh\u00e4nder leicht umzuschalten ist<\/li>\n<li>2 Jahre Garantie (auch m\u00f6glich\u00a0<em>Lebenslange Garantie<\/em>)<\/li>\n<\/ul>\n<p>Was enthalten ist:<\/p>\n<p>Unser Byrna SD Kinetic Kit wird in einer sch\u00fctzenden Tragetasche mit Rei\u00dfverschluss geliefert, die alles enth\u00e4lt, was Sie brauchen, um loszulegen:<\/p>\n<ul role=\"list\">\n<li>Ein (1) Byrna SD Launcher<\/li>\n<li>Zwei (2) 5-Runden-Magazine<\/li>\n<li>Zwei (2) Byrna 8-Gramm-CO2-Zylinder<\/li>\n<li>Zwei (2) 5-Runden-R\u00f6hren mit kinetischen Byrna-Geschossen<\/li>\n<li><em>Eine (1) 5er-R\u00f6hre Byrna Pro Pepper-Geschosse<\/em><\/li>\n<li>Eine(1) 5-Runden-R\u00f6hre ob Byrna Pepper Geschosse<\/li>\n<li>Eine(1) 5-Runden-R\u00f6hre ob Byrna Kinetische Geschosse<\/li>\n<li>Eine(1) 5-Runden-R\u00f6hre ob Byrna Eco-Kinetics Geschosse<\/li>\n<\/ul>","protected":false},"featured_media":1612,"template":"","meta":[],"product_cat":[84],"product_tag":[],"class_list":{"0":"post-1611","1":"product","2":"type-product","3":"status-publish","4":"has-post-thumbnail","6":"product_cat-byrna-launcher","8":"first","9":"instock","10":"featured","11":"shipping-taxable","12":"product-type-external"},"_links":{"self":[{"href":"https:\/\/www.defender-byrna.si\/de\/wp-json\/wp\/v2\/product\/1611","targetHints":{"allow":["GET"]}}],"collection":[{"href":"https:\/\/www.defender-byrna.si\/de\/wp-json\/wp\/v2\/product"}],"about":[{"href":"https:\/\/www.defender-byrna.si\/de\/wp-json\/wp\/v2\/types\/product"}],"wp:featuredmedia":[{"embeddable":true,"href":"https:\/\/www.defender-byrna.si\/de\/wp-json\/wp\/v2\/media\/1612"}],"wp:attachment":[{"href":"https:\/\/www.defender-byrna.si\/de\/wp-json\/wp\/v2\/media?parent=1611"}],"wp:term":[{"taxonomy":"product_cat","embeddable":true,"href":"https:\/\/www.defender-byrna.si\/de\/wp-json\/wp\/v2\/product_cat?post=1611"},{"taxonomy":"product_tag","embeddable":true,"href":"https:\/\/www.defender-byrna.si\/de\/wp-json\/wp\/v2\/product_tag?post=1611"}],"curies":[{"name":"wp","href":"https:\/\/api.w.org\/{rel}","templated":true}]}}