{"id":2099,"date":"2024-05-29T16:20:48","date_gmt":"2024-05-29T14:20:48","guid":{"rendered":"https:\/\/www.defender-byrna.si\/?post_type=product&#038;p=2099"},"modified":"2024-05-29T16:39:55","modified_gmt":"2024-05-29T14:39:55","slug":"tactical-naylon-holster","status":"publish","type":"product","link":"https:\/\/www.defender-byrna.si\/cs\/produkt\/tactical-naylon-holster\/","title":{"rendered":"TAKTICK\u00c9 POUZDRO NAYLON"},"content":{"rendered":"","protected":false},"excerpt":{"rendered":"<p><strong>*Kompatibiln\u00ed s odpalovac\u00edmi za\u0159\u00edzen\u00edmi Byrna SD, HD bez p\u0159\u00edslu\u0161enstv\u00ed nebo pouze s 1 nainstalovan\u00fdm p\u0159\u00edslu\u0161enstv\u00edm (sv\u011btlo, laser nebo adapt\u00e9r Boost).<\/strong><\/p>\n<p><strong>Kompatibiln\u00ed se syst\u00e9mem Byrna SD XL bez p\u0159\u00edslu\u0161enstv\u00ed namontovan\u00e9ho na li\u0161t\u011b.<\/strong><\/p>\n<p><strong>*NEN\u00cd VHODN\u00dd pro odpalovac\u00ed za\u0159\u00edzen\u00ed BYRNA SD XL, SD a HD s nainstalovan\u00fdm adapt\u00e9rem Boost a p\u0159\u00edslu\u0161enstv\u00edm pro mont\u00e1\u017e na li\u0161tu.<\/strong><\/p>\n<p>Na\u0161e nylonov\u00e9 opaskov\u00e9 pouzdro Byrna m\u00e1 lehk\u00fd, minimalistick\u00fd design, kter\u00fd umo\u017e\u0148uje pohodln\u00e9 celodenn\u00ed oboustrann\u00e9 no\u0161en\u00ed uvnit\u0159 opasku (IWB) nebo vn\u011b opasku (OWB). \u0160t\u00edhl\u00fd a jednoduch\u00fd profil v kombinaci se spodn\u00ed \u010d\u00e1st\u00ed s otev\u0159enou hlavic\u00ed poskytuje dostatek prostoru pro snadn\u00e9 tasen\u00ed a bezpe\u010dn\u00e9 dr\u017een\u00ed. Lze ji pou\u017e\u00edt i pro skryt\u00e9 no\u0161en\u00ed uvnit\u0159 od\u011bvu.<\/p>\n<p>Odpalovac\u00ed za\u0159\u00edzen\u00ed nen\u00ed sou\u010d\u00e1st\u00ed dod\u00e1vky.<\/p>","protected":false},"featured_media":2100,"template":"","meta":[],"product_cat":[86],"product_tag":[],"class_list":{"0":"post-2099","1":"product","2":"type-product","3":"status-publish","4":"has-post-thumbnail","6":"product_cat-accessories","8":"first","9":"instock","10":"shipping-taxable","11":"purchasable","12":"product-type-simple"},"_links":{"self":[{"href":"https:\/\/www.defender-byrna.si\/cs\/wp-json\/wp\/v2\/product\/2099","targetHints":{"allow":["GET"]}}],"collection":[{"href":"https:\/\/www.defender-byrna.si\/cs\/wp-json\/wp\/v2\/product"}],"about":[{"href":"https:\/\/www.defender-byrna.si\/cs\/wp-json\/wp\/v2\/types\/product"}],"wp:featuredmedia":[{"embeddable":true,"href":"https:\/\/www.defender-byrna.si\/cs\/wp-json\/wp\/v2\/media\/2100"}],"wp:attachment":[{"href":"https:\/\/www.defender-byrna.si\/cs\/wp-json\/wp\/v2\/media?parent=2099"}],"wp:term":[{"taxonomy":"product_cat","embeddable":true,"href":"https:\/\/www.defender-byrna.si\/cs\/wp-json\/wp\/v2\/product_cat?post=2099"},{"taxonomy":"product_tag","embeddable":true,"href":"https:\/\/www.defender-byrna.si\/cs\/wp-json\/wp\/v2\/product_tag?post=2099"}],"curies":[{"name":"wp","href":"https:\/\/api.w.org\/{rel}","templated":true}]}}