{"id":2096,"date":"2024-05-29T15:24:12","date_gmt":"2024-05-29T13:24:12","guid":{"rendered":"https:\/\/www.defender-byrna.si\/?post_type=product&#038;p=2096"},"modified":"2024-06-05T11:58:44","modified_gmt":"2024-06-05T09:58:44","slug":"byrna-hd-pepper-kit","status":"publish","type":"product","link":"https:\/\/www.defender-byrna.si\/cs\/produkt\/byrna-hd-pepper-kit\/","title":{"rendered":"BYRNA HD PEP\u0158OV\u00c1 SOUPRAVA"},"content":{"rendered":"","protected":false},"excerpt":{"rendered":"<p class=\"para-17\">Byrna HD je navr\u017eena pro optim\u00e1ln\u00ed v\u00fdkon. Byrna HD je poh\u00e1n\u011bna stla\u010den\u00fdm vzduchem (CO2) a st\u0159\u00edl\u00ed kinetick\u00e9 a\/nebo pep\u0159ov\u00e9 projektily r\u00e1\u017ee .68. Jedn\u00e1 se o neuv\u011b\u0159iteln\u011b v\u00fdkonnou a nesmrt\u00edc\u00ed sebeobrannou zbra\u0148, kterou pou\u017e\u00edvaj\u00ed tis\u00edce spokojen\u00fdch u\u017eivatel\u016f od civiln\u00edho obyvatelstva a\u017e po bezpe\u010dnostn\u00ed firmy a org\u00e1ny \u010dinn\u00e9 v trestn\u00edm \u0159\u00edzen\u00ed.<\/p>\n<div class=\"rich-text w-richtext\">\n<p>Byrna HD, poh\u00e1n\u011bn\u00e1 8g CO2 patronou, st\u0159\u00edl\u00ed chemick\u00e9 pep\u0159ov\u00e9\/kapacitn\u00ed st\u0159ely r\u00e1\u017ee .68 vyvinut\u00e9 pro zpomalen\u00ed nebo neutralizaci hrozby do vzd\u00e1lenosti 20 metr\u016f, ale m\u016f\u017ee tak\u00e9 st\u0159\u00edlet kinetick\u00e9 (tvrd\u00fd polymer) nebo eko\/prokinetick\u00e9 st\u0159ely pro v\u00fdcvik nebo obranu.<\/p>\n<p>Vlastnosti sady Byrna HD Pepper Kit:<\/p>\n<ul role=\"list\">\n<li>Rychlost st\u0159ely a\u017e 95 m\/s<\/li>\n<li>Unik\u00e1tn\u00ed spou\u0161\u0165ov\u00fd mechanismus - p\u0159i prvn\u00edm v\u00fdst\u0159elu sou\u010dasn\u011b prop\u00edchne n\u00e1bojnici a vyst\u0159el\u00ed st\u0159ely - patentovan\u00e1 konstrukce od\u00a0<em>Technologie spole\u010dnosti Byrna<\/em><\/li>\n<li>V\u00fdkon 13 joul\u016f<\/li>\n<li>P\u0159esnost a\u017e na 20 metr\u016f<\/li>\n<li>20 v\u00fdst\u0159el\u016f na jednu 8g n\u00e1pl\u0148<\/li>\n<li>Ergonomick\u00e1 rukoje\u0165 pro lep\u0161\u00ed ovl\u00e1d\u00e1n\u00ed za v\u0161ech podm\u00ednek<\/li>\n<li>M\u00ed\u0159idla pro rychlej\u0161\u00ed zam\u011b\u0159en\u00ed c\u00edle<\/li>\n<li>Plynul\u00e9 stisknut\u00ed spou\u0161t\u011b<\/li>\n<li>Obouru\u010dn\u00ed p\u0159ep\u00edna\u010d trezoru\/st\u0159\u00edlny, kter\u00fd umo\u017e\u0148uje snadn\u00e9 p\u0159ep\u00edn\u00e1n\u00ed pro lev\u00e1ky i prav\u00e1ky.<\/li>\n<li>2let\u00e1 z\u00e1ruka (mo\u017en\u00e9 tak\u00e9\u00a0<em>Do\u017eivotn\u00ed z\u00e1ruka<\/em>)<\/li>\n<\/ul>\n<p>Na\u0161e sada Byrna HD Kinetic Kit je dod\u00e1v\u00e1na v ochrann\u00e9m kuf\u0159\u00edku na zip se v\u0161\u00edm, co pot\u0159ebujete k zah\u00e1jen\u00ed pr\u00e1ce:<\/p>\n<ul role=\"list\">\n<li>Jeden (1) odpalova\u010d Byrna HD<\/li>\n<li>Dva (2) z\u00e1sobn\u00edky na 5 n\u00e1boj\u016f<\/li>\n<li>Dv\u011b (2) 8gramov\u00e9 lahve na CO2 Byrna<\/li>\n<li>Jedna (1) tuba s 5 n\u00e1boji kinetick\u00fdch st\u0159el Byrna<\/li>\n<li>Jedna (1) tuba s 5 n\u00e1boji Byrna Pro-Kinetic Projectiles<\/li>\n<li>Jedna (1) tuba s 5 kuli\u010dkami pep\u0159ov\u00fdch projektil\u016f Byrna<\/li>\n<li><\/li>\n<\/ul>\n<\/div>","protected":false},"featured_media":2062,"template":"","meta":[],"product_cat":[84],"product_tag":[],"class_list":{"0":"post-2096","1":"product","2":"type-product","3":"status-publish","4":"has-post-thumbnail","6":"product_cat-byrna-launcher","8":"first","9":"instock","10":"featured","11":"shipping-taxable","12":"product-type-variable"},"_links":{"self":[{"href":"https:\/\/www.defender-byrna.si\/cs\/wp-json\/wp\/v2\/product\/2096","targetHints":{"allow":["GET"]}}],"collection":[{"href":"https:\/\/www.defender-byrna.si\/cs\/wp-json\/wp\/v2\/product"}],"about":[{"href":"https:\/\/www.defender-byrna.si\/cs\/wp-json\/wp\/v2\/types\/product"}],"wp:featuredmedia":[{"embeddable":true,"href":"https:\/\/www.defender-byrna.si\/cs\/wp-json\/wp\/v2\/media\/2062"}],"wp:attachment":[{"href":"https:\/\/www.defender-byrna.si\/cs\/wp-json\/wp\/v2\/media?parent=2096"}],"wp:term":[{"taxonomy":"product_cat","embeddable":true,"href":"https:\/\/www.defender-byrna.si\/cs\/wp-json\/wp\/v2\/product_cat?post=2096"},{"taxonomy":"product_tag","embeddable":true,"href":"https:\/\/www.defender-byrna.si\/cs\/wp-json\/wp\/v2\/product_tag?post=2096"}],"curies":[{"name":"wp","href":"https:\/\/api.w.org\/{rel}","templated":true}]}}